{"id":146,"date":"2022-06-16T14:59:25","date_gmt":"2022-06-16T14:59:25","guid":{"rendered":"https:\/\/hftforexcopier.com\/?page_id=146"},"modified":"2022-06-16T15:01:02","modified_gmt":"2022-06-16T15:01:02","slug":"refund_returns","status":"publish","type":"page","link":"https:\/\/hftforexcopier.com\/de\/refund_returns\/","title":{"rendered":"Erstattungs- und R\u00fcckgabebestimmungen"},"content":{"rendered":"<h3 class=\"wp-block-heading\">\u00dcbersicht<\/h3>\n\n\n\n<p>Alle Softwareprodukte von HFTForexCopier.com wurden von erfahrenen Ingenieuren, Mathematikern und Softwareentwicklern entworfen und entwickelt, die in der Lage sind, kreative L\u00f6sungen und Algorithmen zu schaffen, um auf den Finanzm\u00e4rkten mit vielen Instrumenten wie Forex, CFDs und Indizes Geld zu verdienen. Wir entwickeln seit 2005 Produkte und verf\u00fcgen \u00fcber umfassende Kenntnisse \u00fcber unsere Kunden und die von uns entwickelte Software. Unsere Produkte erm\u00f6glichen H\u00e4ndlern eine reibungslose und gewinnbringende Erfahrung und sind in der Lage, die Zufriedenheit unserer Kunden zu garantieren, da unser Support-Team und unser Produktdesign-Team sehr sachkundig sind.<\/p>\n\n\n\n<h2 class=\"wp-block-heading\"><strong>Kostenloser Versuch<\/strong><\/h2>\n\n\n\n<p>Um unseren Kunden die beste Erfahrung zu bieten, haben wir f\u00fcr jedes Produkt, das Sie auf unserer Website sehen, eine Testphase. Dies erm\u00f6glicht es den H\u00e4ndlern nicht nur, unsere Produkte zu testen, um ihre Zufriedenheit zu gew\u00e4hrleisten, sondern gibt uns auch die M\u00f6glichkeit zu verstehen, ob es Probleme mit unseren Programmen gibt und wie wir unseren Kunden die beste Erfahrung bieten k\u00f6nnen. Um diese Funktion zu nutzen, m\u00fcssen Sie\u00a0<a href=\"https:\/\/hftforexcopier.com\/de\/contact\/\" data-type=\"URL\" data-id=\"https:\/\/hftforexcopier.com\/contact\/\">Kontaktieren Sie uns<\/a>\u00a0und fordern Sie eine kostenlose Testversion an, laden Sie die Software herunter und nutzen Sie sie in einem Demo- oder Live-Konto. Wenn Sie mit unserer Software nicht 100% zufrieden sind, k\u00f6nnen Sie sich am Ende der Testphase entscheiden, sie nicht zu kaufen.\u00a0<\/p>\n\n\n\n<h2 class=\"wp-block-heading\"><strong>Geld-zur\u00fcck-Garantie<\/strong><\/h2>\n\n\n\n<p>Wenn Sie glauben, dass Sie nicht gekauft werden, nachdem die Probezeit endet, lassen Sie es uns bitte wissen, wir werden unser Bestes versuchen, um Ihnen zu helfen, obwohl wir glauben, dass Sie unsere Programme lieben werden, und ihre Funktionen werden zufriedenstellend sein, um Sie finanzielle Freiheit Ziele.<\/p>\n\n\n\n<p>Da wir ein so umfangreiches Programm zum Ausprobieren und Testen unseres Programms haben, k\u00f6nnen wir keine Geld-zur\u00fcck-Garantie geben, falls Ihnen unsere Software nicht gef\u00e4llt. Das liegt daran, dass die Software von dem von Ihnen entworfenen Algorithmus abh\u00e4ngt und unsere Bem\u00fchungen zum Zeitpunkt der Stornierung bereits ausgesch\u00f6pft sind. Allerdings werden alle Fehler\/Diskrepanzen, die Sie in Ihrer Software finden, von unserem Team von Fachleuten behoben.<\/p>\n\n\n\n<h2 class=\"wp-block-heading\"><strong>Abk\u00fchlungsphase<\/strong><\/h2>\n\n\n\n<p>Wenn Sie Ihre Meinung \u00fcber den Kauf der Software \u00e4ndern oder versehentlich unser Produkt kaufen, k\u00f6nnen Sie Ihren Kauf innerhalb von 1 Stunde stornieren, was eine betr\u00e4chtliche Bedenkzeit gew\u00e4hrleistet und die vollst\u00e4ndige R\u00fcckerstattung aller Kosten erm\u00f6glicht.<\/p>\n\n\n\n<p>Wir haben volles Vertrauen in unsere Produkte und Dienstleistungen und glauben, dass Sie mit unseren Bem\u00fchungen zufrieden sein werden und weiterhin mit uns Gesch\u00e4fte machen werden. Wenn Sie mit unseren Programmen nicht zufrieden sind, lassen Sie es uns bitte wissen. Wir werden alles in unserer Macht stehende tun, um Ihr Problem zu l\u00f6sen.&nbsp;<\/p>\n\n\n\n<p>Wir m\u00f6chten noch einmal betonen, dass wir gro\u00dfes Vertrauen in die von uns angebotenen Produkte und Dienstleistungen haben. Gleichzeitig hat Ihre Zufriedenheit f\u00fcr uns oberste Priorit\u00e4t. Wenn Sie mit Ihrem Kauf nicht ganz zufrieden sind, lassen Sie es uns bitte wissen.<\/p>\n\n\n\n<h2 class=\"wp-block-heading\">Brauchen Sie Hilfe?<\/h2>\n\n\n\n<p><a href=\"https:\/\/hftforexcopier.com\/de\/contact\/\" data-type=\"URL\" data-id=\"https:\/\/hftforexcopier.com\/contact\/\">Kontakt<\/a>\u00a0f\u00fcr Fragen im Zusammenhang mit Erstattungen und R\u00fcckgaben.<\/p>\n\n\n\n<p>dreht.<\/p>","protected":false},"excerpt":{"rendered":"<p>Overview All HFTForexCopier.com software products have been designed and developed by skillful engineers, mathematicians, and software developers who are able to create creative solutions and algorithms to make money on financial markets using many instruments including forex, CFDs, indices. We have been developing products since 2005, and have extensive knowledge of our clients and the [&#8230;]<\/p>\n<p><a class=\"btn btn-secondary conversions-read-more-link\" href=\"https:\/\/hftforexcopier.com\/de\/refund_returns\/\">Read More&#8230;<\/a><\/p>\n","protected":false},"author":1,"featured_media":0,"parent":0,"menu_order":0,"comment_status":"closed","ping_status":"closed","template":"","meta":{"_acf_changed":false,"footnotes":""},"class_list":["post-146","page","type-page","status-publish","hentry"],"acf":[],"yoast_head":"<!-- This site is optimized with the Yoast SEO plugin v27.3 - https:\/\/yoast.com\/product\/yoast-seo-wordpress\/ -->\n<title>Refund and Returns Policy - HFT Forex Trade Copier - Ultrafast trade copier<\/title>\n<meta name=\"robots\" content=\"index, follow, max-snippet:-1, max-image-preview:large, max-video-preview:-1\" \/>\n<link rel=\"canonical\" href=\"https:\/\/hftforexcopier.com\/de\/refund_returns\/\" \/>\n<meta property=\"og:locale\" content=\"de_DE\" \/>\n<meta property=\"og:type\" content=\"article\" \/>\n<meta property=\"og:title\" content=\"Refund and Returns Policy - HFT Forex Trade Copier - Ultrafast trade copier\" \/>\n<meta property=\"og:description\" content=\"Overview All HFTForexCopier.com software products have been designed and developed by skillful engineers, mathematicians, and software developers who are able to create creative solutions and algorithms to make money on financial markets using many instruments including forex, CFDs, indices. We have been developing products since 2005, and have extensive knowledge of our clients and the [...]Read More...\" \/>\n<meta property=\"og:url\" content=\"https:\/\/hftforexcopier.com\/de\/refund_returns\/\" \/>\n<meta property=\"og:site_name\" content=\"HFT Forex Trade Copier - Ultrafast trade copier\" \/>\n<meta property=\"article:modified_time\" content=\"2022-06-16T15:01:02+00:00\" \/>\n<meta name=\"twitter:card\" content=\"summary_large_image\" \/>\n<meta name=\"twitter:label1\" content=\"Gesch\u00e4tzte Lesezeit\" \/>\n\t<meta name=\"twitter:data1\" content=\"2\u00a0Minuten\" \/>\n<script type=\"application\/ld+json\" class=\"yoast-schema-graph\">{\"@context\":\"https:\\\/\\\/schema.org\",\"@graph\":[{\"@type\":\"WebPage\",\"@id\":\"https:\\\/\\\/hftforexcopier.com\\\/zh\\\/refund_returns\\\/\",\"url\":\"https:\\\/\\\/hftforexcopier.com\\\/zh\\\/refund_returns\\\/\",\"name\":\"Refund and Returns Policy - HFT Forex Trade Copier - Ultrafast trade copier\",\"isPartOf\":{\"@id\":\"https:\\\/\\\/hftforexcopier.com\\\/#website\"},\"datePublished\":\"2022-06-16T14:59:25+00:00\",\"dateModified\":\"2022-06-16T15:01:02+00:00\",\"breadcrumb\":{\"@id\":\"https:\\\/\\\/hftforexcopier.com\\\/zh\\\/refund_returns\\\/#breadcrumb\"},\"inLanguage\":\"de\",\"potentialAction\":[{\"@type\":\"ReadAction\",\"target\":[\"https:\\\/\\\/hftforexcopier.com\\\/zh\\\/refund_returns\\\/\"]}]},{\"@type\":\"BreadcrumbList\",\"@id\":\"https:\\\/\\\/hftforexcopier.com\\\/zh\\\/refund_returns\\\/#breadcrumb\",\"itemListElement\":[{\"@type\":\"ListItem\",\"position\":1,\"name\":\"Home\",\"item\":\"https:\\\/\\\/hftforexcopier.com\\\/\"},{\"@type\":\"ListItem\",\"position\":2,\"name\":\"Refund and Returns Policy\"}]},{\"@type\":\"WebSite\",\"@id\":\"https:\\\/\\\/hftforexcopier.com\\\/#website\",\"url\":\"https:\\\/\\\/hftforexcopier.com\\\/\",\"name\":\"HFT Forex Trade Copier - Ultrafast trade copier\",\"description\":\"HFT Forex Trade Copier - a standalone universal program designed to copy any type of order between different trading platforms and via FIX APInother WordPress site\",\"publisher\":{\"@id\":\"https:\\\/\\\/hftforexcopier.com\\\/#organization\"},\"potentialAction\":[{\"@type\":\"SearchAction\",\"target\":{\"@type\":\"EntryPoint\",\"urlTemplate\":\"https:\\\/\\\/hftforexcopier.com\\\/?s={search_term_string}\"},\"query-input\":{\"@type\":\"PropertyValueSpecification\",\"valueRequired\":true,\"valueName\":\"search_term_string\"}}],\"inLanguage\":\"de\"},{\"@type\":\"Organization\",\"@id\":\"https:\\\/\\\/hftforexcopier.com\\\/#organization\",\"name\":\"HFT Forex Trade Copier - Ultrafast trade copier\",\"url\":\"https:\\\/\\\/hftforexcopier.com\\\/\",\"logo\":{\"@type\":\"ImageObject\",\"inLanguage\":\"de\",\"@id\":\"https:\\\/\\\/hftforexcopier.com\\\/#\\\/schema\\\/logo\\\/image\\\/\",\"url\":\"https:\\\/\\\/hftforexcopier.com\\\/wp-content\\\/uploads\\\/2022\\\/06\\\/hft-forex-copier-logo.png\",\"contentUrl\":\"https:\\\/\\\/hftforexcopier.com\\\/wp-content\\\/uploads\\\/2022\\\/06\\\/hft-forex-copier-logo.png\",\"width\":360,\"height\":93,\"caption\":\"HFT Forex Trade Copier - Ultrafast trade copier\"},\"image\":{\"@id\":\"https:\\\/\\\/hftforexcopier.com\\\/#\\\/schema\\\/logo\\\/image\\\/\"}}]}<\/script>\n<!-- \/ Yoast SEO plugin. -->","yoast_head_json":{"title":"Refund and Returns Policy - HFT Forex Trade Copier - Ultrafast trade copier","robots":{"index":"index","follow":"follow","max-snippet":"max-snippet:-1","max-image-preview":"max-image-preview:large","max-video-preview":"max-video-preview:-1"},"canonical":"https:\/\/hftforexcopier.com\/de\/refund_returns\/","og_locale":"de_DE","og_type":"article","og_title":"Refund and Returns Policy - HFT Forex Trade Copier - Ultrafast trade copier","og_description":"Overview All HFTForexCopier.com software products have been designed and developed by skillful engineers, mathematicians, and software developers who are able to create creative solutions and algorithms to make money on financial markets using many instruments including forex, CFDs, indices. We have been developing products since 2005, and have extensive knowledge of our clients and the [...]Read More...","og_url":"https:\/\/hftforexcopier.com\/de\/refund_returns\/","og_site_name":"HFT Forex Trade Copier - Ultrafast trade copier","article_modified_time":"2022-06-16T15:01:02+00:00","twitter_card":"summary_large_image","twitter_misc":{"Gesch\u00e4tzte Lesezeit":"2\u00a0Minuten"},"schema":{"@context":"https:\/\/schema.org","@graph":[{"@type":"WebPage","@id":"https:\/\/hftforexcopier.com\/zh\/refund_returns\/","url":"https:\/\/hftforexcopier.com\/zh\/refund_returns\/","name":"Refund and Returns Policy - HFT Forex Trade Copier - Ultrafast trade copier","isPartOf":{"@id":"https:\/\/hftforexcopier.com\/#website"},"datePublished":"2022-06-16T14:59:25+00:00","dateModified":"2022-06-16T15:01:02+00:00","breadcrumb":{"@id":"https:\/\/hftforexcopier.com\/zh\/refund_returns\/#breadcrumb"},"inLanguage":"de","potentialAction":[{"@type":"ReadAction","target":["https:\/\/hftforexcopier.com\/zh\/refund_returns\/"]}]},{"@type":"BreadcrumbList","@id":"https:\/\/hftforexcopier.com\/zh\/refund_returns\/#breadcrumb","itemListElement":[{"@type":"ListItem","position":1,"name":"Home","item":"https:\/\/hftforexcopier.com\/"},{"@type":"ListItem","position":2,"name":"Refund and Returns Policy"}]},{"@type":"WebSite","@id":"https:\/\/hftforexcopier.com\/#website","url":"https:\/\/hftforexcopier.com\/","name":"HFT Forex Trade Copier - Ultraschneller Handelskopierer","description":"HFT Forex Trade Copier - ein eigenst\u00e4ndiges, universelles Programm zum Kopieren jeder Art von Auftr\u00e4gen zwischen verschiedenen Handelsplattformen und \u00fcber FIX APInother WordPress site","publisher":{"@id":"https:\/\/hftforexcopier.com\/#organization"},"potentialAction":[{"@type":"SearchAction","target":{"@type":"EntryPoint","urlTemplate":"https:\/\/hftforexcopier.com\/?s={search_term_string}"},"query-input":{"@type":"PropertyValueSpecification","valueRequired":true,"valueName":"search_term_string"}}],"inLanguage":"de"},{"@type":"Organization","@id":"https:\/\/hftforexcopier.com\/#organization","name":"HFT Forex Trade Copier - Ultraschneller Handelskopierer","url":"https:\/\/hftforexcopier.com\/","logo":{"@type":"ImageObject","inLanguage":"de","@id":"https:\/\/hftforexcopier.com\/#\/schema\/logo\/image\/","url":"https:\/\/hftforexcopier.com\/wp-content\/uploads\/2022\/06\/hft-forex-copier-logo.png","contentUrl":"https:\/\/hftforexcopier.com\/wp-content\/uploads\/2022\/06\/hft-forex-copier-logo.png","width":360,"height":93,"caption":"HFT Forex Trade Copier - Ultrafast trade copier"},"image":{"@id":"https:\/\/hftforexcopier.com\/#\/schema\/logo\/image\/"}}]}},"_links":{"self":[{"href":"https:\/\/hftforexcopier.com\/de\/wp-json\/wp\/v2\/pages\/146","targetHints":{"allow":["GET"]}}],"collection":[{"href":"https:\/\/hftforexcopier.com\/de\/wp-json\/wp\/v2\/pages"}],"about":[{"href":"https:\/\/hftforexcopier.com\/de\/wp-json\/wp\/v2\/types\/page"}],"author":[{"embeddable":true,"href":"https:\/\/hftforexcopier.com\/de\/wp-json\/wp\/v2\/users\/1"}],"replies":[{"embeddable":true,"href":"https:\/\/hftforexcopier.com\/de\/wp-json\/wp\/v2\/comments?post=146"}],"version-history":[{"count":2,"href":"https:\/\/hftforexcopier.com\/de\/wp-json\/wp\/v2\/pages\/146\/revisions"}],"predecessor-version":[{"id":236,"href":"https:\/\/hftforexcopier.com\/de\/wp-json\/wp\/v2\/pages\/146\/revisions\/236"}],"wp:attachment":[{"href":"https:\/\/hftforexcopier.com\/de\/wp-json\/wp\/v2\/media?parent=146"}],"curies":[{"name":"wp","href":"https:\/\/api.w.org\/{rel}","templated":true}]}}