{"id":1755,"date":"2026-04-02T15:06:07","date_gmt":"2026-04-02T19:06:07","guid":{"rendered":"https:\/\/hftforexcopier.com\/?page_id=1755"},"modified":"2026-04-02T15:30:17","modified_gmt":"2026-04-02T19:30:17","slug":"sergey-luts-high-frequency-trading-systems-developer","status":"publish","type":"page","link":"https:\/\/hftforexcopier.com\/de\/sergey-luts-high-frequency-trading-systems-developer\/","title":{"rendered":"Sergey Luts \u2013 Entwickler f\u00fcr Hochfrequenzhandelssysteme"},"content":{"rendered":"<figure class=\"wp-block-image size-full is-resized\"><img loading=\"lazy\" decoding=\"async\" width=\"378\" height=\"396\" src=\"https:\/\/hftforexcopier.com\/wp-content\/uploads\/2026\/04\/av.png\" alt=\"\" class=\"wp-image-1756\" style=\"width:170px;height:auto\" srcset=\"https:\/\/hftforexcopier.com\/wp-content\/uploads\/2026\/04\/av.png 378w, https:\/\/hftforexcopier.com\/wp-content\/uploads\/2026\/04\/av-286x300.png 286w, https:\/\/hftforexcopier.com\/wp-content\/uploads\/2026\/04\/av-11x12.png 11w\" sizes=\"auto, (max-width: 378px) 100vw, 378px\" \/><\/figure>\n\n\n\n<p><strong>Sergey Luts<\/strong> ist ein erfahrener Softwareentwickler und Spezialist f\u00fcr Handelstechnologie mit mehr als zwei Jahrzehnten Erfahrung in <strong>Hochfrequenzhandelssysteme<\/strong>. Geboren in Dnipropetrowsk, Ukraine, schloss er sein Studium in <strong>Staatliche Technische Universit\u00e4t Dnepropetrowsk<\/strong> im Jahr 1999 und ist seit 2000 an der Entwicklung fortschrittlicher Handelstechnologien beteiligt.<\/p>\n\n\n\n<p>Im Laufe seiner Karriere hat Sergey am Design und der Entwicklung von <strong>Hochfrequenzhandelssysteme<\/strong>, einschlie\u00dflich eines Hedgefonds-Projekts, bei dem er zur Entwicklung einer erfolgreichen Handelsl\u00f6sung beitrug. Vor f\u00fcnf Jahren beschloss er, selbstst\u00e4ndig weiterzumachen und brachte ein Team von Mathematikern und H\u00e4ndlern zusammen, um durch sein Unternehmen eine neue Generation professioneller Handelstechnologien zu entwickeln, , <strong>HFT-Software<\/strong>.<\/p>\n\n\n\n<p>Sergey hat sich an der Entwicklung von beteiligt <strong>hunderte von Handelsstrategien<\/strong>, \u00fcber lange Zeit ausgiebig getestet, wobei nur die st\u00e4rksten und effektivsten L\u00f6sungen f\u00fcr den kommerziellen Einsatz ausgew\u00e4hlt wurden. Seine Arbeit umfasst <strong>Dutzende von Arbitragestrategien und<\/strong> die Schaffung eines <strong>sehr schneller Forex Trade Copier<\/strong> entwickelt f\u00fcr Hochleistungs-Handelsumgebungen.<\/p>\n\n\n\n<p>Er ist hochqualifiziert in <strong>Python, C#und C++<\/strong>, und gilt als erfahrener Programmierer und versierter Entwickler komplexer Handelssysteme. Seine Expertise vereint tiefgreifendes technisches Wissen, praktisches Marktverst\u00e4ndnis und jahrelange praktische Erfahrung im Aufbau robuster Hochgeschwindigkeitsl\u00f6sungen f\u00fcr professionelle Trader.<\/p>\n\n\n\n<p><\/p>","protected":false},"excerpt":{"rendered":"<p>Sergey Luts is an experienced software developer and trading technology specialist with more than two decades of expertise in high-frequency trading systems. Born in Dnipropetrovsk, Ukraine, he graduated from Dnipropetrovsk State Technical University in 1999 and has been involved in developing advanced trading technologies since 2000. Over the course of his career, Sergey has worked [&#8230;]<\/p>\n<p><a class=\"btn btn-secondary conversions-read-more-link\" href=\"https:\/\/hftforexcopier.com\/de\/sergey-luts-high-frequency-trading-systems-developer\/\">Read More&#8230;<\/a><\/p>\n","protected":false},"author":1,"featured_media":0,"parent":0,"menu_order":0,"comment_status":"closed","ping_status":"closed","template":"","meta":{"_acf_changed":false,"footnotes":""},"class_list":["post-1755","page","type-page","status-publish","hentry"],"acf":[],"yoast_head":"<!-- This site is optimized with the Yoast SEO plugin v27.4 - https:\/\/yoast.com\/product\/yoast-seo-wordpress\/ -->\n<title>Sergey Luts \u2013 High-Frequency Trading Systems Developer - HFT Forex Copier - HFT Forex Trade Copier - Ultrafast trade copier<\/title>\n<meta name=\"robots\" content=\"index, follow, max-snippet:-1, max-image-preview:large, max-video-preview:-1\" \/>\n<link rel=\"canonical\" href=\"https:\/\/hftforexcopier.com\/de\/sergey-luts-high-frequency-trading-systems-developer\/\" \/>\n<meta property=\"og:locale\" content=\"de_DE\" \/>\n<meta property=\"og:type\" content=\"article\" \/>\n<meta property=\"og:title\" content=\"Sergey Luts \u2013 High-Frequency Trading Systems Developer - HFT Forex Copier - HFT Forex Trade Copier - Ultrafast trade copier\" \/>\n<meta property=\"og:description\" content=\"Sergey Luts is an experienced software developer and trading technology specialist with more than two decades of expertise in high-frequency trading systems. Born in Dnipropetrovsk, Ukraine, he graduated from Dnipropetrovsk State Technical University in 1999 and has been involved in developing advanced trading technologies since 2000. Over the course of his career, Sergey has worked [...]Read More...\" \/>\n<meta property=\"og:url\" content=\"https:\/\/hftforexcopier.com\/de\/sergey-luts-high-frequency-trading-systems-developer\/\" \/>\n<meta property=\"og:site_name\" content=\"HFT Forex Copier - HFT Forex Trade Copier - Ultrafast trade copier\" \/>\n<meta property=\"article:modified_time\" content=\"2026-04-02T19:30:17+00:00\" \/>\n<meta property=\"og:image\" content=\"https:\/\/hftforexcopier.com\/wp-content\/uploads\/2026\/04\/av.png\" \/>\n\t<meta property=\"og:image:width\" content=\"378\" \/>\n\t<meta property=\"og:image:height\" content=\"396\" \/>\n\t<meta property=\"og:image:type\" content=\"image\/png\" \/>\n<meta name=\"twitter:card\" content=\"summary_large_image\" \/>\n<meta name=\"twitter:label1\" content=\"Gesch\u00e4tzte Lesezeit\" \/>\n\t<meta name=\"twitter:data1\" content=\"2\u00a0Minuten\" \/>\n<script type=\"application\/ld+json\" class=\"yoast-schema-graph\">{\"@context\":\"https:\\\/\\\/schema.org\",\"@graph\":[{\"@type\":\"WebPage\",\"@id\":\"https:\\\/\\\/hftforexcopier.com\\\/sergey-luts-high-frequency-trading-systems-developer\\\/\",\"url\":\"https:\\\/\\\/hftforexcopier.com\\\/sergey-luts-high-frequency-trading-systems-developer\\\/\",\"name\":\"Sergey Luts \u2013 High-Frequency Trading Systems Developer - HFT Forex Copier - HFT Forex Trade Copier - Ultrafast trade copier\",\"isPartOf\":{\"@id\":\"https:\\\/\\\/hftforexcopier.com\\\/#website\"},\"primaryImageOfPage\":{\"@id\":\"https:\\\/\\\/hftforexcopier.com\\\/sergey-luts-high-frequency-trading-systems-developer\\\/#primaryimage\"},\"image\":{\"@id\":\"https:\\\/\\\/hftforexcopier.com\\\/sergey-luts-high-frequency-trading-systems-developer\\\/#primaryimage\"},\"thumbnailUrl\":\"https:\\\/\\\/hftforexcopier.com\\\/wp-content\\\/uploads\\\/2026\\\/04\\\/av.png\",\"datePublished\":\"2026-04-02T19:06:07+00:00\",\"dateModified\":\"2026-04-02T19:30:17+00:00\",\"breadcrumb\":{\"@id\":\"https:\\\/\\\/hftforexcopier.com\\\/sergey-luts-high-frequency-trading-systems-developer\\\/#breadcrumb\"},\"inLanguage\":\"de\",\"potentialAction\":[{\"@type\":\"ReadAction\",\"target\":[\"https:\\\/\\\/hftforexcopier.com\\\/sergey-luts-high-frequency-trading-systems-developer\\\/\"]}]},{\"@type\":\"ImageObject\",\"inLanguage\":\"de\",\"@id\":\"https:\\\/\\\/hftforexcopier.com\\\/sergey-luts-high-frequency-trading-systems-developer\\\/#primaryimage\",\"url\":\"https:\\\/\\\/hftforexcopier.com\\\/wp-content\\\/uploads\\\/2026\\\/04\\\/av.png\",\"contentUrl\":\"https:\\\/\\\/hftforexcopier.com\\\/wp-content\\\/uploads\\\/2026\\\/04\\\/av.png\"},{\"@type\":\"BreadcrumbList\",\"@id\":\"https:\\\/\\\/hftforexcopier.com\\\/sergey-luts-high-frequency-trading-systems-developer\\\/#breadcrumb\",\"itemListElement\":[{\"@type\":\"ListItem\",\"position\":1,\"name\":\"Home\",\"item\":\"https:\\\/\\\/hftforexcopier.com\\\/\"},{\"@type\":\"ListItem\",\"position\":2,\"name\":\"Sergey Luts \u2013 High-Frequency Trading Systems Developer\"}]},{\"@type\":\"WebSite\",\"@id\":\"https:\\\/\\\/hftforexcopier.com\\\/#website\",\"url\":\"https:\\\/\\\/hftforexcopier.com\\\/\",\"name\":\"HFT Forex Copier - HFT Forex Trade Copier - Ultrafast trade copier\",\"description\":\"HFT Forex Trade Copier - a standalone universal program designed to copy any type of order between different trading platforms and via FIX APInother WordPress site\",\"publisher\":{\"@id\":\"https:\\\/\\\/hftforexcopier.com\\\/#organization\"},\"potentialAction\":[{\"@type\":\"SearchAction\",\"target\":{\"@type\":\"EntryPoint\",\"urlTemplate\":\"https:\\\/\\\/hftforexcopier.com\\\/?s={search_term_string}\"},\"query-input\":{\"@type\":\"PropertyValueSpecification\",\"valueRequired\":true,\"valueName\":\"search_term_string\"}}],\"inLanguage\":\"de\"},{\"@type\":\"Organization\",\"@id\":\"https:\\\/\\\/hftforexcopier.com\\\/#organization\",\"name\":\"HFT Forex Copier - HFT Forex Trade Copier - Ultrafast trade copier\",\"url\":\"https:\\\/\\\/hftforexcopier.com\\\/\",\"logo\":{\"@type\":\"ImageObject\",\"inLanguage\":\"de\",\"@id\":\"https:\\\/\\\/hftforexcopier.com\\\/#\\\/schema\\\/logo\\\/image\\\/\",\"url\":\"https:\\\/\\\/hftforexcopier.com\\\/wp-content\\\/uploads\\\/2022\\\/06\\\/hft-forex-copier-logo.png\",\"contentUrl\":\"https:\\\/\\\/hftforexcopier.com\\\/wp-content\\\/uploads\\\/2022\\\/06\\\/hft-forex-copier-logo.png\",\"width\":360,\"height\":93,\"caption\":\"HFT Forex Copier - HFT Forex Trade Copier - Ultrafast trade copier\"},\"image\":{\"@id\":\"https:\\\/\\\/hftforexcopier.com\\\/#\\\/schema\\\/logo\\\/image\\\/\"}}]}<\/script>\n<!-- \/ Yoast SEO plugin. -->","yoast_head_json":{"title":"Sergey Luts \u2013 High-Frequency Trading Systems Developer - HFT Forex Copier - HFT Forex Trade Copier - Ultrafast trade copier","robots":{"index":"index","follow":"follow","max-snippet":"max-snippet:-1","max-image-preview":"max-image-preview:large","max-video-preview":"max-video-preview:-1"},"canonical":"https:\/\/hftforexcopier.com\/de\/sergey-luts-high-frequency-trading-systems-developer\/","og_locale":"de_DE","og_type":"article","og_title":"Sergey Luts \u2013 High-Frequency Trading Systems Developer - HFT Forex Copier - HFT Forex Trade Copier - Ultrafast trade copier","og_description":"Sergey Luts is an experienced software developer and trading technology specialist with more than two decades of expertise in high-frequency trading systems. Born in Dnipropetrovsk, Ukraine, he graduated from Dnipropetrovsk State Technical University in 1999 and has been involved in developing advanced trading technologies since 2000. Over the course of his career, Sergey has worked [...]Read More...","og_url":"https:\/\/hftforexcopier.com\/de\/sergey-luts-high-frequency-trading-systems-developer\/","og_site_name":"HFT Forex Copier - HFT Forex Trade Copier - Ultrafast trade copier","article_modified_time":"2026-04-02T19:30:17+00:00","og_image":[{"width":378,"height":396,"url":"https:\/\/hftforexcopier.com\/wp-content\/uploads\/2026\/04\/av.png","type":"image\/png"}],"twitter_card":"summary_large_image","twitter_misc":{"Gesch\u00e4tzte Lesezeit":"2\u00a0Minuten"},"schema":{"@context":"https:\/\/schema.org","@graph":[{"@type":"WebPage","@id":"https:\/\/hftforexcopier.com\/sergey-luts-high-frequency-trading-systems-developer\/","url":"https:\/\/hftforexcopier.com\/sergey-luts-high-frequency-trading-systems-developer\/","name":"Sergey Luts \u2013 High-Frequency Trading Systems Developer - HFT Forex Copier - HFT Forex Trade Copier - Ultrafast trade copier","isPartOf":{"@id":"https:\/\/hftforexcopier.com\/#website"},"primaryImageOfPage":{"@id":"https:\/\/hftforexcopier.com\/sergey-luts-high-frequency-trading-systems-developer\/#primaryimage"},"image":{"@id":"https:\/\/hftforexcopier.com\/sergey-luts-high-frequency-trading-systems-developer\/#primaryimage"},"thumbnailUrl":"https:\/\/hftforexcopier.com\/wp-content\/uploads\/2026\/04\/av.png","datePublished":"2026-04-02T19:06:07+00:00","dateModified":"2026-04-02T19:30:17+00:00","breadcrumb":{"@id":"https:\/\/hftforexcopier.com\/sergey-luts-high-frequency-trading-systems-developer\/#breadcrumb"},"inLanguage":"de","potentialAction":[{"@type":"ReadAction","target":["https:\/\/hftforexcopier.com\/sergey-luts-high-frequency-trading-systems-developer\/"]}]},{"@type":"ImageObject","inLanguage":"de","@id":"https:\/\/hftforexcopier.com\/sergey-luts-high-frequency-trading-systems-developer\/#primaryimage","url":"https:\/\/hftforexcopier.com\/wp-content\/uploads\/2026\/04\/av.png","contentUrl":"https:\/\/hftforexcopier.com\/wp-content\/uploads\/2026\/04\/av.png"},{"@type":"BreadcrumbList","@id":"https:\/\/hftforexcopier.com\/sergey-luts-high-frequency-trading-systems-developer\/#breadcrumb","itemListElement":[{"@type":"ListItem","position":1,"name":"Home","item":"https:\/\/hftforexcopier.com\/"},{"@type":"ListItem","position":2,"name":"Sergey Luts \u2013 High-Frequency Trading Systems Developer"}]},{"@type":"WebSite","@id":"https:\/\/hftforexcopier.com\/#website","url":"https:\/\/hftforexcopier.com\/","name":"HFT Forex Copier - HFT Forex Trade Copier - Ultraschneller Handelskopierer","description":"HFT Forex Trade Copier - ein eigenst\u00e4ndiges, universelles Programm zum Kopieren jeder Art von Auftr\u00e4gen zwischen verschiedenen Handelsplattformen und \u00fcber FIX APInother WordPress site","publisher":{"@id":"https:\/\/hftforexcopier.com\/#organization"},"potentialAction":[{"@type":"SearchAction","target":{"@type":"EntryPoint","urlTemplate":"https:\/\/hftforexcopier.com\/?s={search_term_string}"},"query-input":{"@type":"PropertyValueSpecification","valueRequired":true,"valueName":"search_term_string"}}],"inLanguage":"de"},{"@type":"Organization","@id":"https:\/\/hftforexcopier.com\/#organization","name":"HFT Forex Copier - HFT Forex Trade Copier - Ultraschneller Handelskopierer","url":"https:\/\/hftforexcopier.com\/","logo":{"@type":"ImageObject","inLanguage":"de","@id":"https:\/\/hftforexcopier.com\/#\/schema\/logo\/image\/","url":"https:\/\/hftforexcopier.com\/wp-content\/uploads\/2022\/06\/hft-forex-copier-logo.png","contentUrl":"https:\/\/hftforexcopier.com\/wp-content\/uploads\/2022\/06\/hft-forex-copier-logo.png","width":360,"height":93,"caption":"HFT Forex Copier - HFT Forex Trade Copier - Ultrafast trade copier"},"image":{"@id":"https:\/\/hftforexcopier.com\/#\/schema\/logo\/image\/"}}]}},"_links":{"self":[{"href":"https:\/\/hftforexcopier.com\/de\/wp-json\/wp\/v2\/pages\/1755","targetHints":{"allow":["GET"]}}],"collection":[{"href":"https:\/\/hftforexcopier.com\/de\/wp-json\/wp\/v2\/pages"}],"about":[{"href":"https:\/\/hftforexcopier.com\/de\/wp-json\/wp\/v2\/types\/page"}],"author":[{"embeddable":true,"href":"https:\/\/hftforexcopier.com\/de\/wp-json\/wp\/v2\/users\/1"}],"replies":[{"embeddable":true,"href":"https:\/\/hftforexcopier.com\/de\/wp-json\/wp\/v2\/comments?post=1755"}],"version-history":[{"count":1,"href":"https:\/\/hftforexcopier.com\/de\/wp-json\/wp\/v2\/pages\/1755\/revisions"}],"predecessor-version":[{"id":1757,"href":"https:\/\/hftforexcopier.com\/de\/wp-json\/wp\/v2\/pages\/1755\/revisions\/1757"}],"wp:attachment":[{"href":"https:\/\/hftforexcopier.com\/de\/wp-json\/wp\/v2\/media?parent=1755"}],"curies":[{"name":"wp","href":"https:\/\/api.w.org\/{rel}","templated":true}]}}