{"id":3,"date":"2022-06-03T15:14:58","date_gmt":"2022-06-03T15:14:58","guid":{"rendered":"https:\/\/hftforexcopier.com\/?page_id=3"},"modified":"2022-07-01T14:57:43","modified_gmt":"2022-07-01T14:57:43","slug":"privacy-policy","status":"publish","type":"page","link":"https:\/\/hftforexcopier.com\/de\/privacy-policy\/","title":{"rendered":"Bedingungen und Konditionen"},"content":{"rendered":"<p>Sie erkl\u00e4ren sich damit einverstanden, dass HFTForexCopier nicht f\u00fcr Verluste oder Sch\u00e4den haftet, die Ihnen im Zusammenhang mit unserer Website HFTForexCopier.com entstehen oder entstehen k\u00f6nnten.<\/p>\n\n\n\n<p>Diese Vereinbarung wird erst ab dem Zeitpunkt der Genehmigung Ihres Kaufs wirksam.<\/p>\n\n\n\n<p>HFTForexCopier.com<strong>&nbsp;<\/strong>hat das Recht, Verbrauchern und Kreditauskunfteien alle Sollsalden oder negativen Kreditinformationen im Zusammenhang mit dem Kauf unserer Produkte zu melden.&nbsp;<\/p>\n\n\n\n<p>HFTForexCopier.com<\/p>\n\n\n\n<p>Hat das Recht, den Kauf eines HFTForexCopier.com-Produkts abzulehnen, aus jedem Grund, der von unseren Mitarbeitern als angemessen erachtet wird.<\/p>\n\n\n\n<p>HFTForexCopier.com kann einen oder mehrere Dienste und Anspr\u00fcche aus dieser Vereinbarung jederzeit und ohne Angabe von Gr\u00fcnden k\u00fcndigen<\/p>\n\n\n\n<p>Sie erkl\u00e4ren sich damit einverstanden, dass HFTForexCopier.com Ihnen oder anderen Parteien gegen\u00fcber nicht f\u00fcr Verluste haftet, die durch Ursachen entstanden sind, die vern\u00fcnftigerweise au\u00dferhalb unserer Kontrolle liegen, wie z.B. staatliche Beschr\u00e4nkungen, strenge Bedingungen, Streiks, Kriege, Terroranschl\u00e4ge, B\u00f6rsen- oder Marktentscheidungen, Naturkatastrophen, Unterbrechungen der Kommunikation, St\u00f6rungen des Handels auf einem Markt oder einer B\u00f6rse oder unbefugter oder unterbrochener Zugang und Bedienungsfehler.&nbsp;<\/p>\n\n\n\n<p>Sie erkl\u00e4ren sich damit einverstanden, dass HFTForexCopier.com Ihnen gegen\u00fcber nicht f\u00fcr Sch\u00e4den oder Verluste haftet, die Ihnen oder einem Dritten aus irgendeinem Grund entstehen, einschlie\u00dflich entgangener Gewinne, \u00e4hnlicher Sch\u00e4den oder Handelsverluste.&nbsp;&nbsp;<\/p>\n\n\n\n<p>Wenn Sie Produkte von HFTForexCopier kaufen und diesen Bestimmungen zustimmen, erkl\u00e4ren Sie sich auch damit einverstanden, jegliche oder alle Mitteilungen von HFTForexCopier.com \u00fcber das Internet und\/oder per E-Mail zu erhalten. Dies kann, muss aber nicht zwangsl\u00e4ufig, Transaktionsbest\u00e4tigungen, Finanzberichte, Mitteilungen \u00fcber \u00c4nderungen dieser Vereinbarung, Kaufabrechnungen und andere grundlegende Mitteilungen beinhalten.<\/p>\n\n\n\n<p>Wenn Sie ein Produkt von HFTForexCopier kaufen m\u00f6chten<strong>,&nbsp;<\/strong>Alle Mitteilungen, die \u00fcber das Internet oder per E-Mail eingehen, m\u00fcssen unverz\u00fcglich empfangen und gelesen werden. Es wird davon ausgegangen, dass alle Mitteilungen, die von INSERT WEBSITE NAME HERE gesendet werden, von Ihnen empfangen und gelesen werden. Sollten Sie Ihre Kommunikationsadresse \u00e4ndern, verpflichten Sie sich, uns dies unverz\u00fcglich mitzuteilen, und \u00fcbernehmen die Verantwortung f\u00fcr verpasste Mitteilungen im Falle eines E-Mail-Verlustes.<br>Mit der Unterzeichnung dieser Vereinbarung erkl\u00e4ren Sie sich damit einverstanden, dass Sie HFTForexCopier.com eine Nachricht zukommen lassen, falls Sie auf Probleme oder Auslassungen bei Transaktionen oder anderen Kommunikationen mit<strong>&nbsp;<\/strong>HFTForexCopier. Wenn Sie es vers\u00e4umen, eine Benachrichtigung oder eine Best\u00e4tigung von Fehlern in irgendeiner Form zu liefern, wird festgestellt, dass alle Informationen, die an Sie verteilt wurden, und alle Transaktionen korrekt gemacht und bearbeitet wurden.<\/p>\n\n\n\n<h3 class=\"wp-block-heading\" id=\"marketing-permission\"><strong>Marketing-Erlaubnis<\/strong><\/h3>\n\n\n\n<p>Wenn Sie E-Mails von HFTForexCopier abrufen, haben Sie sich f\u00fcr den Newsletter von HFTForexCopier angemeldet.  Sie geben Ihr Einverst\u00e4ndnis, mit Ihnen per E-Mail in Kontakt zu treten und die Informationen, die Sie in diesem Formular angegeben haben, f\u00fcr Nachrichten, Updates und Marketing zu verwenden.<\/p>\n\n\n\n<p><strong>Was zu erwarten ist<\/strong>: Wenn Sie Ihre Zustimmung zur\u00fcckziehen und nicht mehr von uns h\u00f6ren m\u00f6chten, klicken Sie einfach auf den Link zum Abbestellen am Ende jeder von uns gesendeten E-Mail oder kontaktieren Sie uns unter support@hftforexcopier.com. Wir sch\u00e4tzen und respektieren Ihre pers\u00f6nlichen Daten und Ihre Privatsph\u00e4re.  Mit dem Absenden dieses Formulars erkl\u00e4ren Sie sich damit einverstanden, dass wir Ihre Daten in \u00dcbereinstimmung mit diesen Bedingungen verarbeiten d\u00fcrfen.<\/p>\n\n\n\n<h4 class=\"wp-block-heading\">1. Frequenz<\/h4>\n\n\n\n<p>Die H\u00e4ufigkeit der Newsletter-Ausgaben wird h\u00f6chstens 1 pro Woche betragen.\u00a0<\/p>\n\n\n\n<h4 class=\"wp-block-heading\">2. Beschr\u00e4nkte Haftung<\/h4>\n\n\n\n<p>Wir behalten uns das alleinige Recht vor, den Newsletter jederzeit mit oder ohne Benachrichtigung an Sie zu \u00e4ndern oder einzustellen. Wir sind weder Ihnen noch Dritten gegen\u00fcber haftbar, wenn wir von diesem Recht Gebrauch machen. Alle neuen Funktionen, die die aktuellen Dienste auf dieser Website erg\u00e4nzen oder verbessern, unterliegen ebenfalls diesen Nutzungsbedingungen.<\/p>\n\n\n\n<p>Wir behalten uns das alleinige Recht vor, Benutzer\/Besucher ohne Vorank\u00fcndigung von unserem Newsletter-Service abzumelden. Wir werden dies mit jedem Abonnenten tun, den wir mit gef\u00e4lschten Daten registriert halten.\u00a0<\/p>\n\n\n\n<h4 class=\"wp-block-heading\">3. Datenschutzpolitik<\/h4>\n\n\n\n<p>Wir werden Ihre Adresse nicht weitergeben \/ verbreiten \/ ver\u00f6ffentlichen oder anderweitig weitergeben. Sie k\u00f6nnen Ihre Abonnementeinstellungen jederzeit \u00e4ndern oder ganz l\u00f6schen.<\/p>","protected":false},"excerpt":{"rendered":"<p>You agree that HFTForexCopier shall not be liable for any losses or damages that you might incur or suffer in relation to our website HFTForexCopier.com This Agreement will only be effective only at the date of approval of your purchase. HFTForexCopier.com&nbsp;has the right to report to consumers and credit reporting agencies of any debit balance [&#8230;]<\/p>\n<p><a class=\"btn btn-secondary conversions-read-more-link\" href=\"https:\/\/hftforexcopier.com\/de\/privacy-policy\/\">Read More&#8230;<\/a><\/p>\n","protected":false},"author":1,"featured_media":0,"parent":0,"menu_order":0,"comment_status":"closed","ping_status":"open","template":"","meta":{"_acf_changed":false,"footnotes":""},"class_list":["post-3","page","type-page","status-publish","hentry"],"acf":[],"yoast_head":"<!-- This site is optimized with the Yoast SEO plugin v27.3 - https:\/\/yoast.com\/product\/yoast-seo-wordpress\/ -->\n<title>Terms and conditions - HFT Forex Trade Copier - Ultrafast trade copier<\/title>\n<meta name=\"robots\" content=\"index, follow, max-snippet:-1, max-image-preview:large, max-video-preview:-1\" \/>\n<link rel=\"canonical\" href=\"https:\/\/hftforexcopier.com\/de\/privacy-policy\/\" \/>\n<meta property=\"og:locale\" content=\"de_DE\" \/>\n<meta property=\"og:type\" content=\"article\" \/>\n<meta property=\"og:title\" content=\"Terms and conditions - HFT Forex Trade Copier - Ultrafast trade copier\" \/>\n<meta property=\"og:description\" content=\"You agree that HFTForexCopier shall not be liable for any losses or damages that you might incur or suffer in relation to our website HFTForexCopier.com This Agreement will only be effective only at the date of approval of your purchase. HFTForexCopier.com&nbsp;has the right to report to consumers and credit reporting agencies of any debit balance [...]Read More...\" \/>\n<meta property=\"og:url\" content=\"https:\/\/hftforexcopier.com\/de\/privacy-policy\/\" \/>\n<meta property=\"og:site_name\" content=\"HFT Forex Trade Copier - Ultrafast trade copier\" \/>\n<meta property=\"article:modified_time\" content=\"2022-07-01T14:57:43+00:00\" \/>\n<meta name=\"twitter:card\" content=\"summary_large_image\" \/>\n<meta name=\"twitter:label1\" content=\"Gesch\u00e4tzte Lesezeit\" \/>\n\t<meta name=\"twitter:data1\" content=\"3\u00a0Minuten\" \/>\n<script type=\"application\/ld+json\" class=\"yoast-schema-graph\">{\"@context\":\"https:\\\/\\\/schema.org\",\"@graph\":[{\"@type\":\"WebPage\",\"@id\":\"https:\\\/\\\/hftforexcopier.com\\\/privacy-policy\\\/\",\"url\":\"https:\\\/\\\/hftforexcopier.com\\\/privacy-policy\\\/\",\"name\":\"Terms and conditions - HFT Forex Trade Copier - Ultrafast trade copier\",\"isPartOf\":{\"@id\":\"https:\\\/\\\/hftforexcopier.com\\\/#website\"},\"datePublished\":\"2022-06-03T15:14:58+00:00\",\"dateModified\":\"2022-07-01T14:57:43+00:00\",\"breadcrumb\":{\"@id\":\"https:\\\/\\\/hftforexcopier.com\\\/privacy-policy\\\/#breadcrumb\"},\"inLanguage\":\"de\",\"potentialAction\":[{\"@type\":\"ReadAction\",\"target\":[\"https:\\\/\\\/hftforexcopier.com\\\/privacy-policy\\\/\"]}]},{\"@type\":\"BreadcrumbList\",\"@id\":\"https:\\\/\\\/hftforexcopier.com\\\/privacy-policy\\\/#breadcrumb\",\"itemListElement\":[{\"@type\":\"ListItem\",\"position\":1,\"name\":\"Home\",\"item\":\"https:\\\/\\\/hftforexcopier.com\\\/\"},{\"@type\":\"ListItem\",\"position\":2,\"name\":\"Terms and conditions\"}]},{\"@type\":\"WebSite\",\"@id\":\"https:\\\/\\\/hftforexcopier.com\\\/#website\",\"url\":\"https:\\\/\\\/hftforexcopier.com\\\/\",\"name\":\"HFT Forex Trade Copier - Ultrafast trade copier\",\"description\":\"HFT Forex Trade Copier - a standalone universal program designed to copy any type of order between different trading platforms and via FIX APInother WordPress site\",\"publisher\":{\"@id\":\"https:\\\/\\\/hftforexcopier.com\\\/#organization\"},\"potentialAction\":[{\"@type\":\"SearchAction\",\"target\":{\"@type\":\"EntryPoint\",\"urlTemplate\":\"https:\\\/\\\/hftforexcopier.com\\\/?s={search_term_string}\"},\"query-input\":{\"@type\":\"PropertyValueSpecification\",\"valueRequired\":true,\"valueName\":\"search_term_string\"}}],\"inLanguage\":\"de\"},{\"@type\":\"Organization\",\"@id\":\"https:\\\/\\\/hftforexcopier.com\\\/#organization\",\"name\":\"HFT Forex Trade Copier - Ultrafast trade copier\",\"url\":\"https:\\\/\\\/hftforexcopier.com\\\/\",\"logo\":{\"@type\":\"ImageObject\",\"inLanguage\":\"de\",\"@id\":\"https:\\\/\\\/hftforexcopier.com\\\/#\\\/schema\\\/logo\\\/image\\\/\",\"url\":\"https:\\\/\\\/hftforexcopier.com\\\/wp-content\\\/uploads\\\/2022\\\/06\\\/hft-forex-copier-logo.png\",\"contentUrl\":\"https:\\\/\\\/hftforexcopier.com\\\/wp-content\\\/uploads\\\/2022\\\/06\\\/hft-forex-copier-logo.png\",\"width\":360,\"height\":93,\"caption\":\"HFT Forex Trade Copier - Ultrafast trade copier\"},\"image\":{\"@id\":\"https:\\\/\\\/hftforexcopier.com\\\/#\\\/schema\\\/logo\\\/image\\\/\"}}]}<\/script>\n<!-- \/ Yoast SEO plugin. -->","yoast_head_json":{"title":"Terms and conditions - HFT Forex Trade Copier - Ultrafast trade copier","robots":{"index":"index","follow":"follow","max-snippet":"max-snippet:-1","max-image-preview":"max-image-preview:large","max-video-preview":"max-video-preview:-1"},"canonical":"https:\/\/hftforexcopier.com\/de\/privacy-policy\/","og_locale":"de_DE","og_type":"article","og_title":"Terms and conditions - HFT Forex Trade Copier - Ultrafast trade copier","og_description":"You agree that HFTForexCopier shall not be liable for any losses or damages that you might incur or suffer in relation to our website HFTForexCopier.com This Agreement will only be effective only at the date of approval of your purchase. HFTForexCopier.com&nbsp;has the right to report to consumers and credit reporting agencies of any debit balance [...]Read More...","og_url":"https:\/\/hftforexcopier.com\/de\/privacy-policy\/","og_site_name":"HFT Forex Trade Copier - Ultrafast trade copier","article_modified_time":"2022-07-01T14:57:43+00:00","twitter_card":"summary_large_image","twitter_misc":{"Gesch\u00e4tzte Lesezeit":"3\u00a0Minuten"},"schema":{"@context":"https:\/\/schema.org","@graph":[{"@type":"WebPage","@id":"https:\/\/hftforexcopier.com\/privacy-policy\/","url":"https:\/\/hftforexcopier.com\/privacy-policy\/","name":"Terms and conditions - HFT Forex Trade Copier - Ultrafast trade copier","isPartOf":{"@id":"https:\/\/hftforexcopier.com\/#website"},"datePublished":"2022-06-03T15:14:58+00:00","dateModified":"2022-07-01T14:57:43+00:00","breadcrumb":{"@id":"https:\/\/hftforexcopier.com\/privacy-policy\/#breadcrumb"},"inLanguage":"de","potentialAction":[{"@type":"ReadAction","target":["https:\/\/hftforexcopier.com\/privacy-policy\/"]}]},{"@type":"BreadcrumbList","@id":"https:\/\/hftforexcopier.com\/privacy-policy\/#breadcrumb","itemListElement":[{"@type":"ListItem","position":1,"name":"Home","item":"https:\/\/hftforexcopier.com\/"},{"@type":"ListItem","position":2,"name":"Terms and conditions"}]},{"@type":"WebSite","@id":"https:\/\/hftforexcopier.com\/#website","url":"https:\/\/hftforexcopier.com\/","name":"HFT Forex Trade Copier - Ultraschneller Handelskopierer","description":"HFT Forex Trade Copier - ein eigenst\u00e4ndiges, universelles Programm zum Kopieren jeder Art von Auftr\u00e4gen zwischen verschiedenen Handelsplattformen und \u00fcber FIX APInother WordPress site","publisher":{"@id":"https:\/\/hftforexcopier.com\/#organization"},"potentialAction":[{"@type":"SearchAction","target":{"@type":"EntryPoint","urlTemplate":"https:\/\/hftforexcopier.com\/?s={search_term_string}"},"query-input":{"@type":"PropertyValueSpecification","valueRequired":true,"valueName":"search_term_string"}}],"inLanguage":"de"},{"@type":"Organization","@id":"https:\/\/hftforexcopier.com\/#organization","name":"HFT Forex Trade Copier - Ultraschneller Handelskopierer","url":"https:\/\/hftforexcopier.com\/","logo":{"@type":"ImageObject","inLanguage":"de","@id":"https:\/\/hftforexcopier.com\/#\/schema\/logo\/image\/","url":"https:\/\/hftforexcopier.com\/wp-content\/uploads\/2022\/06\/hft-forex-copier-logo.png","contentUrl":"https:\/\/hftforexcopier.com\/wp-content\/uploads\/2022\/06\/hft-forex-copier-logo.png","width":360,"height":93,"caption":"HFT Forex Trade Copier - Ultrafast trade copier"},"image":{"@id":"https:\/\/hftforexcopier.com\/#\/schema\/logo\/image\/"}}]}},"_links":{"self":[{"href":"https:\/\/hftforexcopier.com\/de\/wp-json\/wp\/v2\/pages\/3","targetHints":{"allow":["GET"]}}],"collection":[{"href":"https:\/\/hftforexcopier.com\/de\/wp-json\/wp\/v2\/pages"}],"about":[{"href":"https:\/\/hftforexcopier.com\/de\/wp-json\/wp\/v2\/types\/page"}],"author":[{"embeddable":true,"href":"https:\/\/hftforexcopier.com\/de\/wp-json\/wp\/v2\/users\/1"}],"replies":[{"embeddable":true,"href":"https:\/\/hftforexcopier.com\/de\/wp-json\/wp\/v2\/comments?post=3"}],"version-history":[{"count":5,"href":"https:\/\/hftforexcopier.com\/de\/wp-json\/wp\/v2\/pages\/3\/revisions"}],"predecessor-version":[{"id":362,"href":"https:\/\/hftforexcopier.com\/de\/wp-json\/wp\/v2\/pages\/3\/revisions\/362"}],"wp:attachment":[{"href":"https:\/\/hftforexcopier.com\/de\/wp-json\/wp\/v2\/media?parent=3"}],"curies":[{"name":"wp","href":"https:\/\/api.w.org\/{rel}","templated":true}]}}