{"id":73,"date":"2020-12-13T23:33:00","date_gmt":"2020-12-14T04:33:00","guid":{"rendered":"https:\/\/business.conversionswp.com\/?page_id=73"},"modified":"2026-04-22T15:57:26","modified_gmt":"2026-04-22T19:57:26","slug":"contact","status":"publish","type":"page","link":"https:\/\/hftforexcopier.com\/de\/contact\/","title":{"rendered":"Kontakt"},"content":{"rendered":"<p><strong>Verkaufsunterst\u00fctzung per E-Mail oder Telegramm<\/strong><\/p>\n\n\n\n<figure class=\"wp-block-image size-full is-resized\"><img loading=\"lazy\" decoding=\"async\" src=\"https:\/\/hftforexcopier.com\/wp-content\/uploads\/2022\/06\/contacts.png\" alt=\"\" class=\"wp-image-244\" width=\"326\" height=\"146\" srcset=\"https:\/\/hftforexcopier.com\/wp-content\/uploads\/2022\/06\/contacts.png 465w, https:\/\/hftforexcopier.com\/wp-content\/uploads\/2022\/06\/contacts-300x134.png 300w, https:\/\/hftforexcopier.com\/wp-content\/uploads\/2022\/06\/contacts-18x8.png 18w\" sizes=\"auto, (max-width: 326px) 100vw, 326px\" \/><\/figure>\n\n\n\n<h2 class=\"wp-block-heading\">Technische Unterst\u00fctzung<\/h2>\n\n\n\n<p><strong>Nur \u00fcber Tickets<\/strong><\/p>\n\n\n\n<div class=\"wp-block-group\"><div class=\"wp-block-group__inner-container is-layout-flow wp-block-group-is-layout-flow\">\n<div class=\"wp-block-buttons is-layout-flex wp-block-buttons-is-layout-flex\">\n<div class=\"wp-block-button is-style-outline is-style-outline--1\"><a class=\"wp-block-button__link wp-element-button\" href=\"https:\/\/hftarbitrageplatform.com\/help\/index.php?a=add\">Ticket einreichen<\/a><\/div>\n<\/div>\n<\/div><\/div>","protected":false},"excerpt":{"rendered":"<p>Sales support via email or telegram Tech support Via tickets only [&#8230;]<\/p>\n<p><a class=\"btn btn-secondary conversions-read-more-link\" href=\"https:\/\/hftforexcopier.com\/de\/contact\/\">Read More&#8230;<\/a><\/p>\n","protected":false},"author":1,"featured_media":229,"parent":0,"menu_order":0,"comment_status":"closed","ping_status":"closed","template":"","meta":{"_acf_changed":false,"footnotes":""},"class_list":["post-73","page","type-page","status-publish","has-post-thumbnail","hentry"],"acf":[],"yoast_head":"<!-- This site is optimized with the Yoast SEO plugin v27.5 - https:\/\/yoast.com\/product\/yoast-seo-wordpress\/ -->\n<title>Contact us - HFT Forex Copier \u2014 Trade Copier for MT4, MT5, cTrader, FIX<\/title>\n<meta name=\"description\" content=\"Contact HFT Forex Copier sales and tech support via email or Telegram. 24\/7 setup help for MT4, MT5, cTrader, FIX API, DXtrade, Match-Trader copiers.\" \/>\n<meta name=\"robots\" content=\"index, follow, max-snippet:-1, max-image-preview:large, max-video-preview:-1\" \/>\n<link rel=\"canonical\" href=\"https:\/\/hftforexcopier.com\/de\/contact\/\" \/>\n<meta property=\"og:locale\" content=\"de_DE\" \/>\n<meta property=\"og:type\" content=\"article\" \/>\n<meta property=\"og:title\" content=\"Contact us - HFT Forex Copier \u2014 Trade Copier for MT4, MT5, cTrader, FIX\" \/>\n<meta property=\"og:description\" content=\"Contact HFT Forex Copier sales and tech support via email or Telegram. 24\/7 setup help for MT4, MT5, cTrader, FIX API, DXtrade, Match-Trader copiers.\" \/>\n<meta property=\"og:url\" content=\"https:\/\/hftforexcopier.com\/de\/contact\/\" \/>\n<meta property=\"og:site_name\" content=\"HFT Forex Copier \u2014 Trade Copier for MT4, MT5, cTrader, FIX\" \/>\n<meta property=\"article:modified_time\" content=\"2026-04-22T19:57:26+00:00\" \/>\n<meta property=\"og:image\" content=\"https:\/\/hftforexcopier.com\/wp-content\/uploads\/2022\/06\/contact-us.png\" \/>\n\t<meta property=\"og:image:width\" content=\"400\" \/>\n\t<meta property=\"og:image:height\" content=\"273\" \/>\n\t<meta property=\"og:image:type\" content=\"image\/png\" \/>\n<meta name=\"twitter:card\" content=\"summary_large_image\" \/>\n<meta name=\"twitter:label1\" content=\"Gesch\u00e4tzte Lesezeit\" \/>\n\t<meta name=\"twitter:data1\" content=\"1\u00a0Minute\" \/>\n<script type=\"application\/ld+json\" class=\"yoast-schema-graph\">{\"@context\":\"https:\\\/\\\/schema.org\",\"@graph\":[{\"@type\":\"WebPage\",\"@id\":\"https:\\\/\\\/hftforexcopier.com\\\/contact\\\/\",\"url\":\"https:\\\/\\\/hftforexcopier.com\\\/contact\\\/\",\"name\":\"Contact us - HFT Forex Copier \u2014 Trade Copier for MT4, MT5, cTrader, FIX\",\"isPartOf\":{\"@id\":\"https:\\\/\\\/hftforexcopier.com\\\/#website\"},\"primaryImageOfPage\":{\"@id\":\"https:\\\/\\\/hftforexcopier.com\\\/contact\\\/#primaryimage\"},\"image\":{\"@id\":\"https:\\\/\\\/hftforexcopier.com\\\/contact\\\/#primaryimage\"},\"thumbnailUrl\":\"https:\\\/\\\/hftforexcopier.com\\\/wp-content\\\/uploads\\\/2022\\\/06\\\/contact-us.png\",\"datePublished\":\"2020-12-14T04:33:00+00:00\",\"dateModified\":\"2026-04-22T19:57:26+00:00\",\"description\":\"Contact HFT Forex Copier sales and tech support via email or Telegram. 24\\\/7 setup help for MT4, MT5, cTrader, FIX API, DXtrade, Match-Trader copiers.\",\"breadcrumb\":{\"@id\":\"https:\\\/\\\/hftforexcopier.com\\\/contact\\\/#breadcrumb\"},\"inLanguage\":\"de\",\"potentialAction\":[{\"@type\":\"ReadAction\",\"target\":[\"https:\\\/\\\/hftforexcopier.com\\\/contact\\\/\"]}]},{\"@type\":\"ImageObject\",\"inLanguage\":\"de\",\"@id\":\"https:\\\/\\\/hftforexcopier.com\\\/contact\\\/#primaryimage\",\"url\":\"https:\\\/\\\/hftforexcopier.com\\\/wp-content\\\/uploads\\\/2022\\\/06\\\/contact-us.png\",\"contentUrl\":\"https:\\\/\\\/hftforexcopier.com\\\/wp-content\\\/uploads\\\/2022\\\/06\\\/contact-us.png\",\"width\":400,\"height\":273,\"caption\":\"contact us\"},{\"@type\":\"BreadcrumbList\",\"@id\":\"https:\\\/\\\/hftforexcopier.com\\\/contact\\\/#breadcrumb\",\"itemListElement\":[{\"@type\":\"ListItem\",\"position\":1,\"name\":\"Home\",\"item\":\"https:\\\/\\\/hftforexcopier.com\\\/\"},{\"@type\":\"ListItem\",\"position\":2,\"name\":\"Contact us\"}]},{\"@type\":\"WebSite\",\"@id\":\"https:\\\/\\\/hftforexcopier.com\\\/#website\",\"url\":\"https:\\\/\\\/hftforexcopier.com\\\/\",\"name\":\"HFT Forex Copier \u2014 Trade Copier for MT4, MT5, cTrader, FIX\",\"description\":\"HFT Forex Trade Copier - a standalone universal program designed to copy any type of order between different trading platforms and via FIX APInother WordPress site\",\"publisher\":{\"@id\":\"https:\\\/\\\/hftforexcopier.com\\\/#organization\"},\"potentialAction\":[{\"@type\":\"SearchAction\",\"target\":{\"@type\":\"EntryPoint\",\"urlTemplate\":\"https:\\\/\\\/hftforexcopier.com\\\/?s={search_term_string}\"},\"query-input\":{\"@type\":\"PropertyValueSpecification\",\"valueRequired\":true,\"valueName\":\"search_term_string\"}}],\"inLanguage\":\"de\"},{\"@type\":\"Organization\",\"@id\":\"https:\\\/\\\/hftforexcopier.com\\\/#organization\",\"name\":\"HFT Forex Copier \u2014 Trade Copier for MT4, MT5, cTrader, FIX\",\"url\":\"https:\\\/\\\/hftforexcopier.com\\\/\",\"logo\":{\"@type\":\"ImageObject\",\"inLanguage\":\"de\",\"@id\":\"https:\\\/\\\/hftforexcopier.com\\\/#\\\/schema\\\/logo\\\/image\\\/\",\"url\":\"https:\\\/\\\/hftforexcopier.com\\\/wp-content\\\/uploads\\\/2022\\\/06\\\/hft-forex-copier-logo.png\",\"contentUrl\":\"https:\\\/\\\/hftforexcopier.com\\\/wp-content\\\/uploads\\\/2022\\\/06\\\/hft-forex-copier-logo.png\",\"width\":360,\"height\":93,\"caption\":\"HFT Forex Copier \u2014 Trade Copier for MT4, MT5, cTrader, FIX\"},\"image\":{\"@id\":\"https:\\\/\\\/hftforexcopier.com\\\/#\\\/schema\\\/logo\\\/image\\\/\"}}]}<\/script>\n<!-- \/ Yoast SEO plugin. -->","yoast_head_json":{"title":"Contact us - HFT Forex Copier \u2014 Trade Copier for MT4, MT5, cTrader, FIX","description":"Contact HFT Forex Copier sales and tech support via email or Telegram. 24\/7 setup help for MT4, MT5, cTrader, FIX API, DXtrade, Match-Trader copiers.","robots":{"index":"index","follow":"follow","max-snippet":"max-snippet:-1","max-image-preview":"max-image-preview:large","max-video-preview":"max-video-preview:-1"},"canonical":"https:\/\/hftforexcopier.com\/de\/contact\/","og_locale":"de_DE","og_type":"article","og_title":"Contact us - HFT Forex Copier \u2014 Trade Copier for MT4, MT5, cTrader, FIX","og_description":"Contact HFT Forex Copier sales and tech support via email or Telegram. 24\/7 setup help for MT4, MT5, cTrader, FIX API, DXtrade, Match-Trader copiers.","og_url":"https:\/\/hftforexcopier.com\/de\/contact\/","og_site_name":"HFT Forex Copier \u2014 Trade Copier for MT4, MT5, cTrader, FIX","article_modified_time":"2026-04-22T19:57:26+00:00","og_image":[{"width":400,"height":273,"url":"https:\/\/hftforexcopier.com\/wp-content\/uploads\/2022\/06\/contact-us.png","type":"image\/png"}],"twitter_card":"summary_large_image","twitter_misc":{"Gesch\u00e4tzte Lesezeit":"1\u00a0Minute"},"schema":{"@context":"https:\/\/schema.org","@graph":[{"@type":"WebPage","@id":"https:\/\/hftforexcopier.com\/contact\/","url":"https:\/\/hftforexcopier.com\/contact\/","name":"Contact us - HFT Forex Copier \u2014 Trade Copier for MT4, MT5, cTrader, FIX","isPartOf":{"@id":"https:\/\/hftforexcopier.com\/#website"},"primaryImageOfPage":{"@id":"https:\/\/hftforexcopier.com\/contact\/#primaryimage"},"image":{"@id":"https:\/\/hftforexcopier.com\/contact\/#primaryimage"},"thumbnailUrl":"https:\/\/hftforexcopier.com\/wp-content\/uploads\/2022\/06\/contact-us.png","datePublished":"2020-12-14T04:33:00+00:00","dateModified":"2026-04-22T19:57:26+00:00","description":"Contact HFT Forex Copier sales and tech support via email or Telegram. 24\/7 setup help for MT4, MT5, cTrader, FIX API, DXtrade, Match-Trader copiers.","breadcrumb":{"@id":"https:\/\/hftforexcopier.com\/contact\/#breadcrumb"},"inLanguage":"de","potentialAction":[{"@type":"ReadAction","target":["https:\/\/hftforexcopier.com\/contact\/"]}]},{"@type":"ImageObject","inLanguage":"de","@id":"https:\/\/hftforexcopier.com\/contact\/#primaryimage","url":"https:\/\/hftforexcopier.com\/wp-content\/uploads\/2022\/06\/contact-us.png","contentUrl":"https:\/\/hftforexcopier.com\/wp-content\/uploads\/2022\/06\/contact-us.png","width":400,"height":273,"caption":"contact us"},{"@type":"BreadcrumbList","@id":"https:\/\/hftforexcopier.com\/contact\/#breadcrumb","itemListElement":[{"@type":"ListItem","position":1,"name":"Home","item":"https:\/\/hftforexcopier.com\/"},{"@type":"ListItem","position":2,"name":"Contact us"}]},{"@type":"WebSite","@id":"https:\/\/hftforexcopier.com\/#website","url":"https:\/\/hftforexcopier.com\/","name":"HFT Forex Copier \u2014 Trade Copier f\u00fcr MT4, MT5, cTrader, FIX","description":"HFT Forex Trade Copier - ein eigenst\u00e4ndiges, universelles Programm zum Kopieren jeder Art von Auftr\u00e4gen zwischen verschiedenen Handelsplattformen und \u00fcber FIX APInother WordPress site","publisher":{"@id":"https:\/\/hftforexcopier.com\/#organization"},"potentialAction":[{"@type":"SearchAction","target":{"@type":"EntryPoint","urlTemplate":"https:\/\/hftforexcopier.com\/?s={search_term_string}"},"query-input":{"@type":"PropertyValueSpecification","valueRequired":true,"valueName":"search_term_string"}}],"inLanguage":"de"},{"@type":"Organization","@id":"https:\/\/hftforexcopier.com\/#organization","name":"HFT Forex Copier \u2014 Trade Copier f\u00fcr MT4, MT5, cTrader, FIX","url":"https:\/\/hftforexcopier.com\/","logo":{"@type":"ImageObject","inLanguage":"de","@id":"https:\/\/hftforexcopier.com\/#\/schema\/logo\/image\/","url":"https:\/\/hftforexcopier.com\/wp-content\/uploads\/2022\/06\/hft-forex-copier-logo.png","contentUrl":"https:\/\/hftforexcopier.com\/wp-content\/uploads\/2022\/06\/hft-forex-copier-logo.png","width":360,"height":93,"caption":"HFT Forex Copier \u2014 Trade Copier for MT4, MT5, cTrader, FIX"},"image":{"@id":"https:\/\/hftforexcopier.com\/#\/schema\/logo\/image\/"}}]}},"_links":{"self":[{"href":"https:\/\/hftforexcopier.com\/de\/wp-json\/wp\/v2\/pages\/73","targetHints":{"allow":["GET"]}}],"collection":[{"href":"https:\/\/hftforexcopier.com\/de\/wp-json\/wp\/v2\/pages"}],"about":[{"href":"https:\/\/hftforexcopier.com\/de\/wp-json\/wp\/v2\/types\/page"}],"author":[{"embeddable":true,"href":"https:\/\/hftforexcopier.com\/de\/wp-json\/wp\/v2\/users\/1"}],"replies":[{"embeddable":true,"href":"https:\/\/hftforexcopier.com\/de\/wp-json\/wp\/v2\/comments?post=73"}],"version-history":[{"count":6,"href":"https:\/\/hftforexcopier.com\/de\/wp-json\/wp\/v2\/pages\/73\/revisions"}],"predecessor-version":[{"id":769,"href":"https:\/\/hftforexcopier.com\/de\/wp-json\/wp\/v2\/pages\/73\/revisions\/769"}],"wp:featuredmedia":[{"embeddable":true,"href":"https:\/\/hftforexcopier.com\/de\/wp-json\/wp\/v2\/media\/229"}],"wp:attachment":[{"href":"https:\/\/hftforexcopier.com\/de\/wp-json\/wp\/v2\/media?parent=73"}],"curies":[{"name":"wp","href":"https:\/\/api.w.org\/{rel}","templated":true}]}}