{"id":1013,"date":"2025-12-27T17:24:31","date_gmt":"2025-12-27T22:24:31","guid":{"rendered":"https:\/\/hftforexcopier.com\/?post_type=product&#038;p=1013"},"modified":"2025-12-27T17:24:31","modified_gmt":"2025-12-27T22:24:31","slug":"random","status":"publish","type":"product","link":"https:\/\/hftforexcopier.com\/de\/produkt\/random\/","title":{"rendered":"Auftrag Quelle Randomisierung"},"content":{"rendered":"<p>Die Funktion zur Randomisierung von Orderquellen erm\u00f6glicht die Emulation verschiedener Orderquellen auf Unterkonten, wie z. B. manueller Handel, automatisierter Handel mit Forex-Bots, Handel \u00fcber mobile Terminals, Handel \u00fcber Web-Terminals und Marktplatzsignale. H\u00e4ndler haben die Flexibilit\u00e4t, den Anteil der Auftr\u00e4ge aus jeder dieser Quellen festzulegen. Wenn ein Forex-Broker beispielsweise nur ein Web-Terminal anbietet, k\u00f6nnen die H\u00e4ndler Teile davon zuweisen:<\/p>\n<ul>\n<li>Manueller Handel -1<\/li>\n<li>Automatisierter Handel -0<\/li>\n<li>Mobil -1<\/li>\n<li>Web -1<\/li>\n<li>Signal -1<\/li>\n<\/ul>\n<p><img loading=\"lazy\" decoding=\"async\" class=\"alignnone wp-image-1014 size-full\" src=\"https:\/\/hftforexcopier.com\/wp-content\/uploads\/2023\/10\/orders-source.png\" alt=\"orders source origin\" width=\"891\" height=\"755\" srcset=\"https:\/\/hftforexcopier.com\/wp-content\/uploads\/2023\/10\/orders-source.png 891w, https:\/\/hftforexcopier.com\/wp-content\/uploads\/2023\/10\/orders-source-300x254.png 300w, https:\/\/hftforexcopier.com\/wp-content\/uploads\/2023\/10\/orders-source-768x651.png 768w, https:\/\/hftforexcopier.com\/wp-content\/uploads\/2023\/10\/orders-source-14x12.png 14w, https:\/\/hftforexcopier.com\/wp-content\/uploads\/2023\/10\/orders-source-600x508.png 600w\" sizes=\"auto, (max-width: 891px) 100vw, 891px\" \/><\/p>\n<p>Das bedeutet, dass der Forex-Kopierer 1\/4 Teil Orders mit Quelle sendet: manueller Handel, 0 von Experten er\u00f6ffnete Orders, 1\/4 Teil Mobile, 1\/4 Teil Web und 1\/4 Teil Signale.<\/p>","protected":false},"excerpt":{"rendered":"<p>Order Source Randomization enables the emulation of various order origins on sub-accounts. [&#8230;]<\/p>\n<p><a class=\"btn btn-secondary conversions-read-more-link\" href=\"https:\/\/hftforexcopier.com\/de\/produkt\/random\/\">Read More&#8230;<\/a><\/p>\n","protected":false},"featured_media":1016,"comment_status":"closed","ping_status":"closed","template":"","meta":{"_acf_changed":false},"product_brand":[],"product_cat":[26],"product_tag":[],"class_list":{"0":"post-1013","1":"product","2":"type-product","3":"status-publish","4":"has-post-thumbnail","6":"product_cat-uncategorized","8":"first","9":"instock","10":"sold-individually","11":"shipping-taxable","12":"purchasable","13":"product-type-simple"},"acf":[],"yoast_head":"<!-- This site is optimized with the Yoast SEO plugin v27.3 - https:\/\/yoast.com\/product\/yoast-seo-wordpress\/ -->\n<title>Order Source Randomization - HFT Forex Trade Copier - Ultrafast trade copier<\/title>\n<meta name=\"description\" content=\"Explore and buy the versatile Order Source Randomization feature that simulates diverse trading sources from manual to automated bots.\" \/>\n<meta name=\"robots\" content=\"index, follow, max-snippet:-1, max-image-preview:large, max-video-preview:-1\" \/>\n<link rel=\"canonical\" href=\"https:\/\/hftforexcopier.com\/de\/produkt\/random\/\" \/>\n<meta property=\"og:locale\" content=\"de_DE\" \/>\n<meta property=\"og:type\" content=\"article\" \/>\n<meta property=\"og:title\" content=\"Order Source Randomization - HFT Forex Trade Copier - Ultrafast trade copier\" \/>\n<meta property=\"og:description\" content=\"Explore and buy the versatile Order Source Randomization feature that simulates diverse trading sources from manual to automated bots.\" \/>\n<meta property=\"og:url\" content=\"https:\/\/hftforexcopier.com\/de\/produkt\/random\/\" \/>\n<meta property=\"og:site_name\" content=\"HFT Forex Trade Copier - Ultrafast trade copier\" \/>\n<meta property=\"og:image\" content=\"https:\/\/hftforexcopier.com\/wp-content\/uploads\/2023\/10\/orders-randomization.png\" \/>\n\t<meta property=\"og:image:width\" content=\"300\" \/>\n\t<meta property=\"og:image:height\" content=\"205\" \/>\n\t<meta property=\"og:image:type\" content=\"image\/png\" \/>\n<meta name=\"twitter:card\" content=\"summary_large_image\" \/>\n<meta name=\"twitter:label1\" content=\"Gesch\u00e4tzte Lesezeit\" \/>\n\t<meta name=\"twitter:data1\" content=\"1\u00a0Minute\" \/>\n<script type=\"application\/ld+json\" class=\"yoast-schema-graph\">{\"@context\":\"https:\\\/\\\/schema.org\",\"@graph\":[{\"@type\":\"WebPage\",\"@id\":\"https:\\\/\\\/hftforexcopier.com\\\/product\\\/random\\\/\",\"url\":\"https:\\\/\\\/hftforexcopier.com\\\/product\\\/random\\\/\",\"name\":\"Order Source Randomization - HFT Forex Trade Copier - Ultrafast trade copier\",\"isPartOf\":{\"@id\":\"https:\\\/\\\/hftforexcopier.com\\\/#website\"},\"primaryImageOfPage\":{\"@id\":\"https:\\\/\\\/hftforexcopier.com\\\/product\\\/random\\\/#primaryimage\"},\"image\":{\"@id\":\"https:\\\/\\\/hftforexcopier.com\\\/product\\\/random\\\/#primaryimage\"},\"thumbnailUrl\":\"https:\\\/\\\/hftforexcopier.com\\\/wp-content\\\/uploads\\\/2023\\\/10\\\/orders-randomization.png\",\"datePublished\":\"2025-12-27T22:24:31+00:00\",\"description\":\"Explore and buy the versatile Order Source Randomization feature that simulates diverse trading sources from manual to automated bots.\",\"breadcrumb\":{\"@id\":\"https:\\\/\\\/hftforexcopier.com\\\/product\\\/random\\\/#breadcrumb\"},\"inLanguage\":\"de\",\"potentialAction\":[{\"@type\":\"ReadAction\",\"target\":[\"https:\\\/\\\/hftforexcopier.com\\\/product\\\/random\\\/\"]}]},{\"@type\":\"ImageObject\",\"inLanguage\":\"de\",\"@id\":\"https:\\\/\\\/hftforexcopier.com\\\/product\\\/random\\\/#primaryimage\",\"url\":\"https:\\\/\\\/hftforexcopier.com\\\/wp-content\\\/uploads\\\/2023\\\/10\\\/orders-randomization.png\",\"contentUrl\":\"https:\\\/\\\/hftforexcopier.com\\\/wp-content\\\/uploads\\\/2023\\\/10\\\/orders-randomization.png\",\"width\":300,\"height\":205,\"caption\":\"order source origin\"},{\"@type\":\"BreadcrumbList\",\"@id\":\"https:\\\/\\\/hftforexcopier.com\\\/product\\\/random\\\/#breadcrumb\",\"itemListElement\":[{\"@type\":\"ListItem\",\"position\":1,\"name\":\"Home\",\"item\":\"https:\\\/\\\/hftforexcopier.com\\\/\"},{\"@type\":\"ListItem\",\"position\":2,\"name\":\"Shop\",\"item\":\"https:\\\/\\\/hftforexcopier.com\\\/shop\\\/\"},{\"@type\":\"ListItem\",\"position\":3,\"name\":\"Order Source Randomization\"}]},{\"@type\":\"WebSite\",\"@id\":\"https:\\\/\\\/hftforexcopier.com\\\/#website\",\"url\":\"https:\\\/\\\/hftforexcopier.com\\\/\",\"name\":\"HFT Forex Trade Copier - Ultrafast trade copier\",\"description\":\"HFT Forex Trade Copier - a standalone universal program designed to copy any type of order between different trading platforms and via FIX APInother WordPress site\",\"publisher\":{\"@id\":\"https:\\\/\\\/hftforexcopier.com\\\/#organization\"},\"potentialAction\":[{\"@type\":\"SearchAction\",\"target\":{\"@type\":\"EntryPoint\",\"urlTemplate\":\"https:\\\/\\\/hftforexcopier.com\\\/?s={search_term_string}\"},\"query-input\":{\"@type\":\"PropertyValueSpecification\",\"valueRequired\":true,\"valueName\":\"search_term_string\"}}],\"inLanguage\":\"de\"},{\"@type\":\"Organization\",\"@id\":\"https:\\\/\\\/hftforexcopier.com\\\/#organization\",\"name\":\"HFT Forex Trade Copier - Ultrafast trade copier\",\"url\":\"https:\\\/\\\/hftforexcopier.com\\\/\",\"logo\":{\"@type\":\"ImageObject\",\"inLanguage\":\"de\",\"@id\":\"https:\\\/\\\/hftforexcopier.com\\\/#\\\/schema\\\/logo\\\/image\\\/\",\"url\":\"https:\\\/\\\/hftforexcopier.com\\\/wp-content\\\/uploads\\\/2022\\\/06\\\/hft-forex-copier-logo.png\",\"contentUrl\":\"https:\\\/\\\/hftforexcopier.com\\\/wp-content\\\/uploads\\\/2022\\\/06\\\/hft-forex-copier-logo.png\",\"width\":360,\"height\":93,\"caption\":\"HFT Forex Trade Copier - Ultrafast trade copier\"},\"image\":{\"@id\":\"https:\\\/\\\/hftforexcopier.com\\\/#\\\/schema\\\/logo\\\/image\\\/\"}}]}<\/script>\n<!-- \/ Yoast SEO plugin. -->","yoast_head_json":{"title":"Order Source Randomization - HFT Forex Trade Copier - Ultraschneller Handelskopierer","description":"Entdecken und kaufen Sie die vielseitige Funktion Order Source Randomization, die verschiedene Handelsquellen von manuellen bis hin zu automatisierten Bots simuliert.","robots":{"index":"index","follow":"follow","max-snippet":"max-snippet:-1","max-image-preview":"max-image-preview:large","max-video-preview":"max-video-preview:-1"},"canonical":"https:\/\/hftforexcopier.com\/de\/produkt\/random\/","og_locale":"de_DE","og_type":"article","og_title":"Order Source Randomization - HFT Forex Trade Copier - Ultrafast trade copier","og_description":"Explore and buy the versatile Order Source Randomization feature that simulates diverse trading sources from manual to automated bots.","og_url":"https:\/\/hftforexcopier.com\/de\/produkt\/random\/","og_site_name":"HFT Forex Trade Copier - Ultrafast trade copier","og_image":[{"width":300,"height":205,"url":"https:\/\/hftforexcopier.com\/wp-content\/uploads\/2023\/10\/orders-randomization.png","type":"image\/png"}],"twitter_card":"summary_large_image","twitter_misc":{"Gesch\u00e4tzte Lesezeit":"1\u00a0Minute"},"schema":{"@context":"https:\/\/schema.org","@graph":[{"@type":"WebPage","@id":"https:\/\/hftforexcopier.com\/product\/random\/","url":"https:\/\/hftforexcopier.com\/product\/random\/","name":"Order Source Randomization - HFT Forex Trade Copier - Ultraschneller Handelskopierer","isPartOf":{"@id":"https:\/\/hftforexcopier.com\/#website"},"primaryImageOfPage":{"@id":"https:\/\/hftforexcopier.com\/product\/random\/#primaryimage"},"image":{"@id":"https:\/\/hftforexcopier.com\/product\/random\/#primaryimage"},"thumbnailUrl":"https:\/\/hftforexcopier.com\/wp-content\/uploads\/2023\/10\/orders-randomization.png","datePublished":"2025-12-27T22:24:31+00:00","description":"Entdecken und kaufen Sie die vielseitige Funktion Order Source Randomization, die verschiedene Handelsquellen von manuellen bis hin zu automatisierten Bots simuliert.","breadcrumb":{"@id":"https:\/\/hftforexcopier.com\/product\/random\/#breadcrumb"},"inLanguage":"de","potentialAction":[{"@type":"ReadAction","target":["https:\/\/hftforexcopier.com\/product\/random\/"]}]},{"@type":"ImageObject","inLanguage":"de","@id":"https:\/\/hftforexcopier.com\/product\/random\/#primaryimage","url":"https:\/\/hftforexcopier.com\/wp-content\/uploads\/2023\/10\/orders-randomization.png","contentUrl":"https:\/\/hftforexcopier.com\/wp-content\/uploads\/2023\/10\/orders-randomization.png","width":300,"height":205,"caption":"order source origin"},{"@type":"BreadcrumbList","@id":"https:\/\/hftforexcopier.com\/product\/random\/#breadcrumb","itemListElement":[{"@type":"ListItem","position":1,"name":"Home","item":"https:\/\/hftforexcopier.com\/"},{"@type":"ListItem","position":2,"name":"Shop","item":"https:\/\/hftforexcopier.com\/shop\/"},{"@type":"ListItem","position":3,"name":"Order Source Randomization"}]},{"@type":"WebSite","@id":"https:\/\/hftforexcopier.com\/#website","url":"https:\/\/hftforexcopier.com\/","name":"HFT Forex Trade Copier - Ultraschneller Handelskopierer","description":"HFT Forex Trade Copier - ein eigenst\u00e4ndiges, universelles Programm zum Kopieren jeder Art von Auftr\u00e4gen zwischen verschiedenen Handelsplattformen und \u00fcber FIX APInother WordPress site","publisher":{"@id":"https:\/\/hftforexcopier.com\/#organization"},"potentialAction":[{"@type":"SearchAction","target":{"@type":"EntryPoint","urlTemplate":"https:\/\/hftforexcopier.com\/?s={search_term_string}"},"query-input":{"@type":"PropertyValueSpecification","valueRequired":true,"valueName":"search_term_string"}}],"inLanguage":"de"},{"@type":"Organization","@id":"https:\/\/hftforexcopier.com\/#organization","name":"HFT Forex Trade Copier - Ultraschneller Handelskopierer","url":"https:\/\/hftforexcopier.com\/","logo":{"@type":"ImageObject","inLanguage":"de","@id":"https:\/\/hftforexcopier.com\/#\/schema\/logo\/image\/","url":"https:\/\/hftforexcopier.com\/wp-content\/uploads\/2022\/06\/hft-forex-copier-logo.png","contentUrl":"https:\/\/hftforexcopier.com\/wp-content\/uploads\/2022\/06\/hft-forex-copier-logo.png","width":360,"height":93,"caption":"HFT Forex Trade Copier - Ultrafast trade copier"},"image":{"@id":"https:\/\/hftforexcopier.com\/#\/schema\/logo\/image\/"}}]}},"_links":{"self":[{"href":"https:\/\/hftforexcopier.com\/de\/wp-json\/wp\/v2\/product\/1013","targetHints":{"allow":["GET"]}}],"collection":[{"href":"https:\/\/hftforexcopier.com\/de\/wp-json\/wp\/v2\/product"}],"about":[{"href":"https:\/\/hftforexcopier.com\/de\/wp-json\/wp\/v2\/types\/product"}],"replies":[{"embeddable":true,"href":"https:\/\/hftforexcopier.com\/de\/wp-json\/wp\/v2\/comments?post=1013"}],"wp:featuredmedia":[{"embeddable":true,"href":"https:\/\/hftforexcopier.com\/de\/wp-json\/wp\/v2\/media\/1016"}],"wp:attachment":[{"href":"https:\/\/hftforexcopier.com\/de\/wp-json\/wp\/v2\/media?parent=1013"}],"wp:term":[{"taxonomy":"product_brand","embeddable":true,"href":"https:\/\/hftforexcopier.com\/de\/wp-json\/wp\/v2\/product_brand?post=1013"},{"taxonomy":"product_cat","embeddable":true,"href":"https:\/\/hftforexcopier.com\/de\/wp-json\/wp\/v2\/product_cat?post=1013"},{"taxonomy":"product_tag","embeddable":true,"href":"https:\/\/hftforexcopier.com\/de\/wp-json\/wp\/v2\/product_tag?post=1013"}],"curies":[{"name":"wp","href":"https:\/\/api.w.org\/{rel}","templated":true}]}}