{"id":1755,"date":"2026-04-02T15:06:07","date_gmt":"2026-04-02T19:06:07","guid":{"rendered":"https:\/\/hftforexcopier.com\/?page_id=1755"},"modified":"2026-04-02T15:30:17","modified_gmt":"2026-04-02T19:30:17","slug":"sergey-luts-high-frequency-trading-systems-developer","status":"publish","type":"page","link":"https:\/\/hftforexcopier.com\/es\/sergey-luts-high-frequency-trading-systems-developer\/","title":{"rendered":"Sergey Luts \u2013 Desarrollador de Sistemas de Trading de Alta Frecuencia"},"content":{"rendered":"<figure class=\"wp-block-image size-full is-resized\"><img loading=\"lazy\" decoding=\"async\" width=\"378\" height=\"396\" src=\"https:\/\/hftforexcopier.com\/wp-content\/uploads\/2026\/04\/av.png\" alt=\"\" class=\"wp-image-1756\" style=\"width:170px;height:auto\" srcset=\"https:\/\/hftforexcopier.com\/wp-content\/uploads\/2026\/04\/av.png 378w, https:\/\/hftforexcopier.com\/wp-content\/uploads\/2026\/04\/av-286x300.png 286w, https:\/\/hftforexcopier.com\/wp-content\/uploads\/2026\/04\/av-11x12.png 11w\" sizes=\"auto, (max-width: 378px) 100vw, 378px\" \/><\/figure>\n\n\n\n<p><strong>Sergey Luts<\/strong> es un desarrollador de software experimentado y especialista en tecnolog\u00eda de trading con m\u00e1s de dos d\u00e9cadas de experiencia en <strong>sistemas de trading de alta frecuencia<\/strong>. Nacido en Dnipropetrovsk, Ucrania, se gradu\u00f3 de <strong>Universidad T\u00e9cnica Estatal de Dnipropetrovsk<\/strong> en 1999 y ha estado involucrado en el desarrollo de tecnolog\u00edas avanzadas de trading desde el a\u00f1o 2000.<\/p>\n\n\n\n<p>A lo largo de su carrera, Sergey ha trabajado en el dise\u00f1o y desarrollo de <strong>sistemas de trading de alta frecuencia<\/strong>, incluyendo un proyecto de fondo de cobertura donde ayud\u00f3 a crear una soluci\u00f3n comercial exitosa. Hace cinco a\u00f1os, decidi\u00f3 continuar de forma independiente, reuniendo a un equipo de matem\u00e1ticos y operadores para construir una nueva generaci\u00f3n de tecnolog\u00edas comerciales profesionales a trav\u00e9s de su empresa, <strong>Software HFT<\/strong>.<\/p>\n\n\n\n<p>Sergey ha estado involucrado en el desarrollo de <strong>cientos de estrategias de negociaci\u00f3n<\/strong>, extensamente probado a lo largo del tiempo, con solo las soluciones m\u00e1s s\u00f3lidas y efectivas seleccionadas para uso comercial. Su trabajo incluye <strong>docenas de estrategias de arbitraje y<\/strong> la creaci\u00f3n de un <strong>copiador de operaciones Forex muy r\u00e1pido<\/strong> dise\u00f1ado para entornos de trading de alto rendimiento.<\/p>\n\n\n\n<p>Tiene gran habilidad en <strong>Python, C# y C++<\/strong>, y es reconocido tanto como un programador experimentado y un desarrollador consumado de sistemas de trading complejos. Su experiencia combina un profundo conocimiento t\u00e9cnico, una comprensi\u00f3n pr\u00e1ctica del mercado y a\u00f1os de trabajo pr\u00e1ctico en la construcci\u00f3n de soluciones robustas y de alta velocidad para traders profesionales.<\/p>\n\n\n\n<p><\/p>","protected":false},"excerpt":{"rendered":"<p>Sergey Luts is an experienced software developer and trading technology specialist with more than two decades of expertise in high-frequency trading systems. Born in Dnipropetrovsk, Ukraine, he graduated from Dnipropetrovsk State Technical University in 1999 and has been involved in developing advanced trading technologies since 2000. Over the course of his career, Sergey has worked [&#8230;]<\/p>\n<p><a class=\"btn btn-secondary conversions-read-more-link\" href=\"https:\/\/hftforexcopier.com\/es\/sergey-luts-high-frequency-trading-systems-developer\/\">Read More&#8230;<\/a><\/p>\n","protected":false},"author":1,"featured_media":0,"parent":0,"menu_order":0,"comment_status":"closed","ping_status":"closed","template":"","meta":{"_acf_changed":false,"footnotes":""},"class_list":["post-1755","page","type-page","status-publish","hentry"],"acf":[],"yoast_head":"<!-- This site is optimized with the Yoast SEO plugin v27.4 - https:\/\/yoast.com\/product\/yoast-seo-wordpress\/ -->\n<title>Sergey Luts \u2013 High-Frequency Trading Systems Developer - HFT Forex Copier - HFT Forex Trade Copier - Ultrafast trade copier<\/title>\n<meta name=\"robots\" content=\"index, follow, max-snippet:-1, max-image-preview:large, max-video-preview:-1\" \/>\n<link rel=\"canonical\" href=\"https:\/\/hftforexcopier.com\/es\/sergey-luts-high-frequency-trading-systems-developer\/\" \/>\n<meta property=\"og:locale\" content=\"es_ES\" \/>\n<meta property=\"og:type\" content=\"article\" \/>\n<meta property=\"og:title\" content=\"Sergey Luts \u2013 High-Frequency Trading Systems Developer - HFT Forex Copier - HFT Forex Trade Copier - Ultrafast trade copier\" \/>\n<meta property=\"og:description\" content=\"Sergey Luts is an experienced software developer and trading technology specialist with more than two decades of expertise in high-frequency trading systems. Born in Dnipropetrovsk, Ukraine, he graduated from Dnipropetrovsk State Technical University in 1999 and has been involved in developing advanced trading technologies since 2000. Over the course of his career, Sergey has worked [...]Read More...\" \/>\n<meta property=\"og:url\" content=\"https:\/\/hftforexcopier.com\/es\/sergey-luts-high-frequency-trading-systems-developer\/\" \/>\n<meta property=\"og:site_name\" content=\"HFT Forex Copier - HFT Forex Trade Copier - Ultrafast trade copier\" \/>\n<meta property=\"article:modified_time\" content=\"2026-04-02T19:30:17+00:00\" \/>\n<meta property=\"og:image\" content=\"https:\/\/hftforexcopier.com\/wp-content\/uploads\/2026\/04\/av.png\" \/>\n\t<meta property=\"og:image:width\" content=\"378\" \/>\n\t<meta property=\"og:image:height\" content=\"396\" \/>\n\t<meta property=\"og:image:type\" content=\"image\/png\" \/>\n<meta name=\"twitter:card\" content=\"summary_large_image\" \/>\n<meta name=\"twitter:label1\" content=\"Tiempo de lectura\" \/>\n\t<meta name=\"twitter:data1\" content=\"2 minutos\" \/>\n<script type=\"application\/ld+json\" class=\"yoast-schema-graph\">{\"@context\":\"https:\\\/\\\/schema.org\",\"@graph\":[{\"@type\":\"WebPage\",\"@id\":\"https:\\\/\\\/hftforexcopier.com\\\/sergey-luts-high-frequency-trading-systems-developer\\\/\",\"url\":\"https:\\\/\\\/hftforexcopier.com\\\/sergey-luts-high-frequency-trading-systems-developer\\\/\",\"name\":\"Sergey Luts \u2013 High-Frequency Trading Systems Developer - HFT Forex Copier - HFT Forex Trade Copier - Ultrafast trade copier\",\"isPartOf\":{\"@id\":\"https:\\\/\\\/hftforexcopier.com\\\/#website\"},\"primaryImageOfPage\":{\"@id\":\"https:\\\/\\\/hftforexcopier.com\\\/sergey-luts-high-frequency-trading-systems-developer\\\/#primaryimage\"},\"image\":{\"@id\":\"https:\\\/\\\/hftforexcopier.com\\\/sergey-luts-high-frequency-trading-systems-developer\\\/#primaryimage\"},\"thumbnailUrl\":\"https:\\\/\\\/hftforexcopier.com\\\/wp-content\\\/uploads\\\/2026\\\/04\\\/av.png\",\"datePublished\":\"2026-04-02T19:06:07+00:00\",\"dateModified\":\"2026-04-02T19:30:17+00:00\",\"breadcrumb\":{\"@id\":\"https:\\\/\\\/hftforexcopier.com\\\/sergey-luts-high-frequency-trading-systems-developer\\\/#breadcrumb\"},\"inLanguage\":\"es\",\"potentialAction\":[{\"@type\":\"ReadAction\",\"target\":[\"https:\\\/\\\/hftforexcopier.com\\\/sergey-luts-high-frequency-trading-systems-developer\\\/\"]}]},{\"@type\":\"ImageObject\",\"inLanguage\":\"es\",\"@id\":\"https:\\\/\\\/hftforexcopier.com\\\/sergey-luts-high-frequency-trading-systems-developer\\\/#primaryimage\",\"url\":\"https:\\\/\\\/hftforexcopier.com\\\/wp-content\\\/uploads\\\/2026\\\/04\\\/av.png\",\"contentUrl\":\"https:\\\/\\\/hftforexcopier.com\\\/wp-content\\\/uploads\\\/2026\\\/04\\\/av.png\"},{\"@type\":\"BreadcrumbList\",\"@id\":\"https:\\\/\\\/hftforexcopier.com\\\/sergey-luts-high-frequency-trading-systems-developer\\\/#breadcrumb\",\"itemListElement\":[{\"@type\":\"ListItem\",\"position\":1,\"name\":\"Home\",\"item\":\"https:\\\/\\\/hftforexcopier.com\\\/\"},{\"@type\":\"ListItem\",\"position\":2,\"name\":\"Sergey Luts \u2013 High-Frequency Trading Systems Developer\"}]},{\"@type\":\"WebSite\",\"@id\":\"https:\\\/\\\/hftforexcopier.com\\\/#website\",\"url\":\"https:\\\/\\\/hftforexcopier.com\\\/\",\"name\":\"HFT Forex Copier - HFT Forex Trade Copier - Ultrafast trade copier\",\"description\":\"HFT Forex Trade Copier - a standalone universal program designed to copy any type of order between different trading platforms and via FIX APInother WordPress site\",\"publisher\":{\"@id\":\"https:\\\/\\\/hftforexcopier.com\\\/#organization\"},\"potentialAction\":[{\"@type\":\"SearchAction\",\"target\":{\"@type\":\"EntryPoint\",\"urlTemplate\":\"https:\\\/\\\/hftforexcopier.com\\\/?s={search_term_string}\"},\"query-input\":{\"@type\":\"PropertyValueSpecification\",\"valueRequired\":true,\"valueName\":\"search_term_string\"}}],\"inLanguage\":\"es\"},{\"@type\":\"Organization\",\"@id\":\"https:\\\/\\\/hftforexcopier.com\\\/#organization\",\"name\":\"HFT Forex Copier - HFT Forex Trade Copier - Ultrafast trade copier\",\"url\":\"https:\\\/\\\/hftforexcopier.com\\\/\",\"logo\":{\"@type\":\"ImageObject\",\"inLanguage\":\"es\",\"@id\":\"https:\\\/\\\/hftforexcopier.com\\\/#\\\/schema\\\/logo\\\/image\\\/\",\"url\":\"https:\\\/\\\/hftforexcopier.com\\\/wp-content\\\/uploads\\\/2022\\\/06\\\/hft-forex-copier-logo.png\",\"contentUrl\":\"https:\\\/\\\/hftforexcopier.com\\\/wp-content\\\/uploads\\\/2022\\\/06\\\/hft-forex-copier-logo.png\",\"width\":360,\"height\":93,\"caption\":\"HFT Forex Copier - HFT Forex Trade Copier - Ultrafast trade copier\"},\"image\":{\"@id\":\"https:\\\/\\\/hftforexcopier.com\\\/#\\\/schema\\\/logo\\\/image\\\/\"}}]}<\/script>\n<!-- \/ Yoast SEO plugin. -->","yoast_head_json":{"title":"Sergey Luts \u2013 High-Frequency Trading Systems Developer - HFT Forex Copier - HFT Forex Trade Copier - Ultrafast trade copier","robots":{"index":"index","follow":"follow","max-snippet":"max-snippet:-1","max-image-preview":"max-image-preview:large","max-video-preview":"max-video-preview:-1"},"canonical":"https:\/\/hftforexcopier.com\/es\/sergey-luts-high-frequency-trading-systems-developer\/","og_locale":"es_ES","og_type":"article","og_title":"Sergey Luts \u2013 High-Frequency Trading Systems Developer - HFT Forex Copier - HFT Forex Trade Copier - Ultrafast trade copier","og_description":"Sergey Luts is an experienced software developer and trading technology specialist with more than two decades of expertise in high-frequency trading systems. Born in Dnipropetrovsk, Ukraine, he graduated from Dnipropetrovsk State Technical University in 1999 and has been involved in developing advanced trading technologies since 2000. Over the course of his career, Sergey has worked [...]Read More...","og_url":"https:\/\/hftforexcopier.com\/es\/sergey-luts-high-frequency-trading-systems-developer\/","og_site_name":"HFT Forex Copier - HFT Forex Trade Copier - Ultrafast trade copier","article_modified_time":"2026-04-02T19:30:17+00:00","og_image":[{"width":378,"height":396,"url":"https:\/\/hftforexcopier.com\/wp-content\/uploads\/2026\/04\/av.png","type":"image\/png"}],"twitter_card":"summary_large_image","twitter_misc":{"Tiempo de lectura":"2 minutos"},"schema":{"@context":"https:\/\/schema.org","@graph":[{"@type":"WebPage","@id":"https:\/\/hftforexcopier.com\/sergey-luts-high-frequency-trading-systems-developer\/","url":"https:\/\/hftforexcopier.com\/sergey-luts-high-frequency-trading-systems-developer\/","name":"Sergey Luts \u2013 High-Frequency Trading Systems Developer - HFT Forex Copier - HFT Forex Trade Copier - Ultrafast trade copier","isPartOf":{"@id":"https:\/\/hftforexcopier.com\/#website"},"primaryImageOfPage":{"@id":"https:\/\/hftforexcopier.com\/sergey-luts-high-frequency-trading-systems-developer\/#primaryimage"},"image":{"@id":"https:\/\/hftforexcopier.com\/sergey-luts-high-frequency-trading-systems-developer\/#primaryimage"},"thumbnailUrl":"https:\/\/hftforexcopier.com\/wp-content\/uploads\/2026\/04\/av.png","datePublished":"2026-04-02T19:06:07+00:00","dateModified":"2026-04-02T19:30:17+00:00","breadcrumb":{"@id":"https:\/\/hftforexcopier.com\/sergey-luts-high-frequency-trading-systems-developer\/#breadcrumb"},"inLanguage":"es","potentialAction":[{"@type":"ReadAction","target":["https:\/\/hftforexcopier.com\/sergey-luts-high-frequency-trading-systems-developer\/"]}]},{"@type":"ImageObject","inLanguage":"es","@id":"https:\/\/hftforexcopier.com\/sergey-luts-high-frequency-trading-systems-developer\/#primaryimage","url":"https:\/\/hftforexcopier.com\/wp-content\/uploads\/2026\/04\/av.png","contentUrl":"https:\/\/hftforexcopier.com\/wp-content\/uploads\/2026\/04\/av.png"},{"@type":"BreadcrumbList","@id":"https:\/\/hftforexcopier.com\/sergey-luts-high-frequency-trading-systems-developer\/#breadcrumb","itemListElement":[{"@type":"ListItem","position":1,"name":"Home","item":"https:\/\/hftforexcopier.com\/"},{"@type":"ListItem","position":2,"name":"Sergey Luts \u2013 High-Frequency Trading Systems Developer"}]},{"@type":"WebSite","@id":"https:\/\/hftforexcopier.com\/#website","url":"https:\/\/hftforexcopier.com\/","name":"HFT Forex Copiador - Copiador de Operaciones Forex HFT - Copiador de operaciones ultrarr\u00e1pido","description":"HFT Forex Trade Copier - un programa universal independiente dise\u00f1ado para copiar cualquier tipo de orden entre diferentes plataformas de negociaci\u00f3n y a trav\u00e9s de FIX APOtro sitio de WordPress","publisher":{"@id":"https:\/\/hftforexcopier.com\/#organization"},"potentialAction":[{"@type":"SearchAction","target":{"@type":"EntryPoint","urlTemplate":"https:\/\/hftforexcopier.com\/?s={search_term_string}"},"query-input":{"@type":"PropertyValueSpecification","valueRequired":true,"valueName":"search_term_string"}}],"inLanguage":"es"},{"@type":"Organization","@id":"https:\/\/hftforexcopier.com\/#organization","name":"HFT Forex Copiador - Copiador de Operaciones Forex HFT - Copiador de operaciones ultrarr\u00e1pido","url":"https:\/\/hftforexcopier.com\/","logo":{"@type":"ImageObject","inLanguage":"es","@id":"https:\/\/hftforexcopier.com\/#\/schema\/logo\/image\/","url":"https:\/\/hftforexcopier.com\/wp-content\/uploads\/2022\/06\/hft-forex-copier-logo.png","contentUrl":"https:\/\/hftforexcopier.com\/wp-content\/uploads\/2022\/06\/hft-forex-copier-logo.png","width":360,"height":93,"caption":"HFT Forex Copier - HFT Forex Trade Copier - Ultrafast trade copier"},"image":{"@id":"https:\/\/hftforexcopier.com\/#\/schema\/logo\/image\/"}}]}},"_links":{"self":[{"href":"https:\/\/hftforexcopier.com\/es\/wp-json\/wp\/v2\/pages\/1755","targetHints":{"allow":["GET"]}}],"collection":[{"href":"https:\/\/hftforexcopier.com\/es\/wp-json\/wp\/v2\/pages"}],"about":[{"href":"https:\/\/hftforexcopier.com\/es\/wp-json\/wp\/v2\/types\/page"}],"author":[{"embeddable":true,"href":"https:\/\/hftforexcopier.com\/es\/wp-json\/wp\/v2\/users\/1"}],"replies":[{"embeddable":true,"href":"https:\/\/hftforexcopier.com\/es\/wp-json\/wp\/v2\/comments?post=1755"}],"version-history":[{"count":1,"href":"https:\/\/hftforexcopier.com\/es\/wp-json\/wp\/v2\/pages\/1755\/revisions"}],"predecessor-version":[{"id":1757,"href":"https:\/\/hftforexcopier.com\/es\/wp-json\/wp\/v2\/pages\/1755\/revisions\/1757"}],"wp:attachment":[{"href":"https:\/\/hftforexcopier.com\/es\/wp-json\/wp\/v2\/media?parent=1755"}],"curies":[{"name":"wp","href":"https:\/\/api.w.org\/{rel}","templated":true}]}}