{"id":3,"date":"2022-06-03T15:14:58","date_gmt":"2022-06-03T15:14:58","guid":{"rendered":"https:\/\/hftforexcopier.com\/?page_id=3"},"modified":"2022-07-01T14:57:43","modified_gmt":"2022-07-01T14:57:43","slug":"privacy-policy","status":"publish","type":"page","link":"https:\/\/hftforexcopier.com\/es\/privacy-policy\/","title":{"rendered":"Condiciones generales"},"content":{"rendered":"<p>Usted acepta que HFTForexCopier no ser\u00e1 responsable de las p\u00e9rdidas o da\u00f1os que pueda sufrir en relaci\u00f3n con nuestro sitio web HFTForexCopier.com.<\/p>\n\n\n\n<p>El presente Acuerdo s\u00f3lo entrar\u00e1 en vigor en la fecha de aprobaci\u00f3n de su compra.<\/p>\n\n\n\n<p>HFTForexCopier.com<strong>&nbsp;<\/strong>tiene derecho a informar a los consumidores y a las agencias de informaci\u00f3n crediticia de cualquier saldo deudor o informaci\u00f3n crediticia negativa relacionada con la compra de nuestros productos.&nbsp;<\/p>\n\n\n\n<p>HFTForexCopier.com<\/p>\n\n\n\n<p>Tiene derecho a rechazar la compra de cualquier producto de HFTForexCopier.com, por cualquier motivo que nuestro personal considere oportuno.<\/p>\n\n\n\n<p>HFTForexCopier.com puede terminar cualquiera o m\u00faltiples servicios y reclamaciones en virtud del presente Acuerdo, por cualquier motivo y en cualquier momento<\/p>\n\n\n\n<p>Usted acepta que HFTForexCopier.com no ser\u00e1 responsable ante usted o cualquier otra parte por las p\u00e9rdidas en que se incurra por causas que est\u00e1n razonablemente fuera de nuestro control, que pueden incluir, pero no se limitan a, las restricciones gubernamentales, severo m\u00e1s bien las condiciones, huelgas, guerras, ataques terroristas, el intercambio o el mercado de decisiones, sis tasters naturales, interrupciones de las comunicaciones, las interrupciones para el comercio en cualquier mercado o intercambio, o no autorizado o interrumpido el acceso y los errores del operador.&nbsp;<\/p>\n\n\n\n<p>Usted acepta que HFTForexCopier.com no ser\u00e1 responsable ante usted por ning\u00fan da\u00f1o o p\u00e9rdida incurridos por usted o un tercero por cualquier motivo, incluyendo p\u00e9rdida de beneficios, da\u00f1os similares o p\u00e9rdidas comerciales.&nbsp;&nbsp;<\/p>\n\n\n\n<p>Si usted va a comprar productos HFTForexCopier y est\u00e1 de acuerdo con estas disposiciones establecidas, tambi\u00e9n acepta recibir cualquier o todas las comunicaciones de HFTForexCopier.com a trav\u00e9s de Internet y \/ o correo electr\u00f3nico. Esto puede, pero no necesariamente, implicar confirmaciones de transacci\u00f3n, estados financieros, avisos de modificaciones a este Acuerdo, declaraciones de compra y otras comunicaciones b\u00e1sicas.<\/p>\n\n\n\n<p>Si va a comprar cualquier producto de HFTForexCopier<strong>,&nbsp;<\/strong>cualquier comunicaci\u00f3n recibida a trav\u00e9s de internet o correo electr\u00f3nico debe ser recibida y le\u00edda con prontitud. Cualquier comunicaci\u00f3n enviada por INSERTAR NOMBRE DEL SITIO WEB se considerar\u00e1 recibida y le\u00edda por usted. Si cambia su direcci\u00f3n de comunicaci\u00f3n, se compromete a informarnos con prontitud y a asumir la responsabilidad de las comunicaciones perdidas en caso de p\u00e9rdida del correo electr\u00f3nico.<br>Mediante la firma de este Acuerdo, usted acepta que usted debe mensaje HFTForexCopier.com en el caso de que usted encuentra cualquier problema u omisiones en las transacciones o cualquier otra comunicaci\u00f3n con<strong>&nbsp;<\/strong>HFTForexCopier. Si usted no proporciona ninguna notificaci\u00f3n o reconocimiento de errores en cualquier forma, determinar\u00e1 que toda la informaci\u00f3n distribuida a usted y cualquier transacci\u00f3n se han realizado y manejado con precisi\u00f3n.<\/p>\n\n\n\n<h3 class=\"wp-block-heading\" id=\"marketing-permission\"><strong>Permiso de comercializaci\u00f3n<\/strong><\/h3>\n\n\n\n<p>Si usted est\u00e1 reviviendo los correos electr\u00f3nicos de HFTForexCopier, usted est\u00e1 suscrito a HFTForexCopier, bolet\u00edn de noticias.  Usted da su consentimiento para estar en contacto con usted por correo electr\u00f3nico utilizando la informaci\u00f3n que ha proporcionado en este formulario con el prop\u00f3sito de noticias, actualizaciones y marketing.<\/p>\n\n\n\n<p><strong>Qu\u00e9 esperar<\/strong>: Si desea retirar su consentimiento y dejar de recibir noticias nuestras, s\u00f3lo tiene que hacer clic en el enlace para darse de baja que aparece al final de cada correo electr\u00f3nico que le enviamos o ponerse en contacto con nosotros en support@hftforexcopier.com . Valoramos y respetamos sus datos personales y su privacidad.  Al enviar este formulario, acepta que procesemos su informaci\u00f3n de acuerdo con estas condiciones.<\/p>\n\n\n\n<h4 class=\"wp-block-heading\">1. Frecuencia<\/h4>\n\n\n\n<p>La frecuencia de los n\u00fameros del bolet\u00edn ser\u00e1 como m\u00e1ximo de 1 por semana.\u00a0<\/p>\n\n\n\n<h4 class=\"wp-block-heading\">2. Responsabilidad limitada<\/h4>\n\n\n\n<p>Nos reservamos el derecho exclusivo de modificar o interrumpir el bolet\u00edn en cualquier momento, con o sin previo aviso. No seremos responsables ante usted ni ante terceros si ejercemos tal derecho. Cualquier caracter\u00edstica nueva que aumente o mejore los servicios actuales de este sitio tambi\u00e9n estar\u00e1 sujeta a estas Condiciones de uso.<\/p>\n\n\n\n<p>Nos reservamos el derecho exclusivo de dar de baja a usuarios\/visitantes de nuestro servicio de boletines, sin previo aviso. Lo haremos con cualquier suscriptor que consideremos registrado con datos falsos.\u00a0<\/p>\n\n\n\n<h4 class=\"wp-block-heading\">3. 3. Pol\u00edtica de privacidad<\/h4>\n\n\n\n<p>No comunicaremos \/ difundiremos \/ publicaremos ni cederemos de ning\u00fan otro modo su direcci\u00f3n. Podr\u00e1s cambiar la configuraci\u00f3n de tu suscripci\u00f3n o eliminarla por completo en cualquier momento.<\/p>","protected":false},"excerpt":{"rendered":"<p>You agree that HFTForexCopier shall not be liable for any losses or damages that you might incur or suffer in relation to our website HFTForexCopier.com This Agreement will only be effective only at the date of approval of your purchase. HFTForexCopier.com&nbsp;has the right to report to consumers and credit reporting agencies of any debit balance [&#8230;]<\/p>\n<p><a class=\"btn btn-secondary conversions-read-more-link\" href=\"https:\/\/hftforexcopier.com\/es\/privacy-policy\/\">Read More&#8230;<\/a><\/p>\n","protected":false},"author":1,"featured_media":0,"parent":0,"menu_order":0,"comment_status":"closed","ping_status":"open","template":"","meta":{"_acf_changed":false,"footnotes":""},"class_list":["post-3","page","type-page","status-publish","hentry"],"acf":[],"yoast_head":"<!-- This site is optimized with the Yoast SEO plugin v27.4 - https:\/\/yoast.com\/product\/yoast-seo-wordpress\/ -->\n<title>Terms and conditions - HFT Forex Trade Copier - Ultrafast trade copier<\/title>\n<meta name=\"robots\" content=\"index, follow, max-snippet:-1, max-image-preview:large, max-video-preview:-1\" \/>\n<link rel=\"canonical\" href=\"https:\/\/hftforexcopier.com\/es\/privacy-policy\/\" \/>\n<meta property=\"og:locale\" content=\"es_ES\" \/>\n<meta property=\"og:type\" content=\"article\" \/>\n<meta property=\"og:title\" content=\"Terms and conditions - HFT Forex Trade Copier - Ultrafast trade copier\" \/>\n<meta property=\"og:description\" content=\"You agree that HFTForexCopier shall not be liable for any losses or damages that you might incur or suffer in relation to our website HFTForexCopier.com This Agreement will only be effective only at the date of approval of your purchase. HFTForexCopier.com&nbsp;has the right to report to consumers and credit reporting agencies of any debit balance [...]Read More...\" \/>\n<meta property=\"og:url\" content=\"https:\/\/hftforexcopier.com\/es\/privacy-policy\/\" \/>\n<meta property=\"og:site_name\" content=\"HFT Forex Trade Copier - Ultrafast trade copier\" \/>\n<meta property=\"article:modified_time\" content=\"2022-07-01T14:57:43+00:00\" \/>\n<meta name=\"twitter:card\" content=\"summary_large_image\" \/>\n<meta name=\"twitter:label1\" content=\"Tiempo de lectura\" \/>\n\t<meta name=\"twitter:data1\" content=\"3 minutos\" \/>\n<script type=\"application\/ld+json\" class=\"yoast-schema-graph\">{\"@context\":\"https:\\\/\\\/schema.org\",\"@graph\":[{\"@type\":\"WebPage\",\"@id\":\"https:\\\/\\\/hftforexcopier.com\\\/privacy-policy\\\/\",\"url\":\"https:\\\/\\\/hftforexcopier.com\\\/privacy-policy\\\/\",\"name\":\"Terms and conditions - HFT Forex Trade Copier - Ultrafast trade copier\",\"isPartOf\":{\"@id\":\"https:\\\/\\\/hftforexcopier.com\\\/#website\"},\"datePublished\":\"2022-06-03T15:14:58+00:00\",\"dateModified\":\"2022-07-01T14:57:43+00:00\",\"breadcrumb\":{\"@id\":\"https:\\\/\\\/hftforexcopier.com\\\/privacy-policy\\\/#breadcrumb\"},\"inLanguage\":\"es\",\"potentialAction\":[{\"@type\":\"ReadAction\",\"target\":[\"https:\\\/\\\/hftforexcopier.com\\\/privacy-policy\\\/\"]}]},{\"@type\":\"BreadcrumbList\",\"@id\":\"https:\\\/\\\/hftforexcopier.com\\\/privacy-policy\\\/#breadcrumb\",\"itemListElement\":[{\"@type\":\"ListItem\",\"position\":1,\"name\":\"Home\",\"item\":\"https:\\\/\\\/hftforexcopier.com\\\/\"},{\"@type\":\"ListItem\",\"position\":2,\"name\":\"Terms and conditions\"}]},{\"@type\":\"WebSite\",\"@id\":\"https:\\\/\\\/hftforexcopier.com\\\/#website\",\"url\":\"https:\\\/\\\/hftforexcopier.com\\\/\",\"name\":\"HFT Forex Trade Copier - Ultrafast trade copier\",\"description\":\"HFT Forex Trade Copier - a standalone universal program designed to copy any type of order between different trading platforms and via FIX APInother WordPress site\",\"publisher\":{\"@id\":\"https:\\\/\\\/hftforexcopier.com\\\/#organization\"},\"potentialAction\":[{\"@type\":\"SearchAction\",\"target\":{\"@type\":\"EntryPoint\",\"urlTemplate\":\"https:\\\/\\\/hftforexcopier.com\\\/?s={search_term_string}\"},\"query-input\":{\"@type\":\"PropertyValueSpecification\",\"valueRequired\":true,\"valueName\":\"search_term_string\"}}],\"inLanguage\":\"es\"},{\"@type\":\"Organization\",\"@id\":\"https:\\\/\\\/hftforexcopier.com\\\/#organization\",\"name\":\"HFT Forex Trade Copier - Ultrafast trade copier\",\"url\":\"https:\\\/\\\/hftforexcopier.com\\\/\",\"logo\":{\"@type\":\"ImageObject\",\"inLanguage\":\"es\",\"@id\":\"https:\\\/\\\/hftforexcopier.com\\\/#\\\/schema\\\/logo\\\/image\\\/\",\"url\":\"https:\\\/\\\/hftforexcopier.com\\\/wp-content\\\/uploads\\\/2022\\\/06\\\/hft-forex-copier-logo.png\",\"contentUrl\":\"https:\\\/\\\/hftforexcopier.com\\\/wp-content\\\/uploads\\\/2022\\\/06\\\/hft-forex-copier-logo.png\",\"width\":360,\"height\":93,\"caption\":\"HFT Forex Trade Copier - Ultrafast trade copier\"},\"image\":{\"@id\":\"https:\\\/\\\/hftforexcopier.com\\\/#\\\/schema\\\/logo\\\/image\\\/\"}}]}<\/script>\n<!-- \/ Yoast SEO plugin. -->","yoast_head_json":{"title":"T\u00e9rminos y condiciones - HFT Forex Trade Copier - Copiador de operaciones ultrarr\u00e1pido","robots":{"index":"index","follow":"follow","max-snippet":"max-snippet:-1","max-image-preview":"max-image-preview:large","max-video-preview":"max-video-preview:-1"},"canonical":"https:\/\/hftforexcopier.com\/es\/privacy-policy\/","og_locale":"es_ES","og_type":"article","og_title":"Terms and conditions - HFT Forex Trade Copier - Ultrafast trade copier","og_description":"You agree that HFTForexCopier shall not be liable for any losses or damages that you might incur or suffer in relation to our website HFTForexCopier.com This Agreement will only be effective only at the date of approval of your purchase. HFTForexCopier.com&nbsp;has the right to report to consumers and credit reporting agencies of any debit balance [...]Read More...","og_url":"https:\/\/hftforexcopier.com\/es\/privacy-policy\/","og_site_name":"HFT Forex Trade Copier - Ultrafast trade copier","article_modified_time":"2022-07-01T14:57:43+00:00","twitter_card":"summary_large_image","twitter_misc":{"Tiempo de lectura":"3 minutos"},"schema":{"@context":"https:\/\/schema.org","@graph":[{"@type":"WebPage","@id":"https:\/\/hftforexcopier.com\/privacy-policy\/","url":"https:\/\/hftforexcopier.com\/privacy-policy\/","name":"T\u00e9rminos y condiciones - HFT Forex Trade Copier - Copiador de operaciones ultrarr\u00e1pido","isPartOf":{"@id":"https:\/\/hftforexcopier.com\/#website"},"datePublished":"2022-06-03T15:14:58+00:00","dateModified":"2022-07-01T14:57:43+00:00","breadcrumb":{"@id":"https:\/\/hftforexcopier.com\/privacy-policy\/#breadcrumb"},"inLanguage":"es","potentialAction":[{"@type":"ReadAction","target":["https:\/\/hftforexcopier.com\/privacy-policy\/"]}]},{"@type":"BreadcrumbList","@id":"https:\/\/hftforexcopier.com\/privacy-policy\/#breadcrumb","itemListElement":[{"@type":"ListItem","position":1,"name":"Home","item":"https:\/\/hftforexcopier.com\/"},{"@type":"ListItem","position":2,"name":"Terms and conditions"}]},{"@type":"WebSite","@id":"https:\/\/hftforexcopier.com\/#website","url":"https:\/\/hftforexcopier.com\/","name":"HFT Forex Trade Copier - Copiador de operaciones ultrarr\u00e1pido","description":"HFT Forex Trade Copier - un programa universal independiente dise\u00f1ado para copiar cualquier tipo de orden entre diferentes plataformas de negociaci\u00f3n y a trav\u00e9s de FIX APOtro sitio de WordPress","publisher":{"@id":"https:\/\/hftforexcopier.com\/#organization"},"potentialAction":[{"@type":"SearchAction","target":{"@type":"EntryPoint","urlTemplate":"https:\/\/hftforexcopier.com\/?s={search_term_string}"},"query-input":{"@type":"PropertyValueSpecification","valueRequired":true,"valueName":"search_term_string"}}],"inLanguage":"es"},{"@type":"Organization","@id":"https:\/\/hftforexcopier.com\/#organization","name":"HFT Forex Trade Copier - Copiador de operaciones ultrarr\u00e1pido","url":"https:\/\/hftforexcopier.com\/","logo":{"@type":"ImageObject","inLanguage":"es","@id":"https:\/\/hftforexcopier.com\/#\/schema\/logo\/image\/","url":"https:\/\/hftforexcopier.com\/wp-content\/uploads\/2022\/06\/hft-forex-copier-logo.png","contentUrl":"https:\/\/hftforexcopier.com\/wp-content\/uploads\/2022\/06\/hft-forex-copier-logo.png","width":360,"height":93,"caption":"HFT Forex Trade Copier - Ultrafast trade copier"},"image":{"@id":"https:\/\/hftforexcopier.com\/#\/schema\/logo\/image\/"}}]}},"_links":{"self":[{"href":"https:\/\/hftforexcopier.com\/es\/wp-json\/wp\/v2\/pages\/3","targetHints":{"allow":["GET"]}}],"collection":[{"href":"https:\/\/hftforexcopier.com\/es\/wp-json\/wp\/v2\/pages"}],"about":[{"href":"https:\/\/hftforexcopier.com\/es\/wp-json\/wp\/v2\/types\/page"}],"author":[{"embeddable":true,"href":"https:\/\/hftforexcopier.com\/es\/wp-json\/wp\/v2\/users\/1"}],"replies":[{"embeddable":true,"href":"https:\/\/hftforexcopier.com\/es\/wp-json\/wp\/v2\/comments?post=3"}],"version-history":[{"count":5,"href":"https:\/\/hftforexcopier.com\/es\/wp-json\/wp\/v2\/pages\/3\/revisions"}],"predecessor-version":[{"id":362,"href":"https:\/\/hftforexcopier.com\/es\/wp-json\/wp\/v2\/pages\/3\/revisions\/362"}],"wp:attachment":[{"href":"https:\/\/hftforexcopier.com\/es\/wp-json\/wp\/v2\/media?parent=3"}],"curies":[{"name":"wp","href":"https:\/\/api.w.org\/{rel}","templated":true}]}}