{"id":1013,"date":"2025-12-27T17:24:31","date_gmt":"2025-12-27T22:24:31","guid":{"rendered":"https:\/\/hftforexcopier.com\/?post_type=product&#038;p=1013"},"modified":"2025-12-27T17:24:31","modified_gmt":"2025-12-27T22:24:31","slug":"random","status":"publish","type":"product","link":"https:\/\/hftforexcopier.com\/es\/producto\/random\/","title":{"rendered":"Orden Fuente Aleatorizaci\u00f3n"},"content":{"rendered":"<p>La funci\u00f3n de aleatorizaci\u00f3n del origen de las \u00f3rdenes permite emular varios or\u00edgenes de \u00f3rdenes en subcuentas, como la negociaci\u00f3n manual, las operaciones automatizadas con robots de Forex, la negociaci\u00f3n con terminales m\u00f3viles, la negociaci\u00f3n con terminales web y las se\u00f1ales del mercado. Los operadores tienen la flexibilidad de especificar la proporci\u00f3n de \u00f3rdenes procedentes de cada uno de estos or\u00edgenes. Por ejemplo, si un corredor de divisas s\u00f3lo ofrece un terminal web, los operadores pueden asignar partes:<\/p>\n<ul>\n<li>Comercio manual -1<\/li>\n<li>Comercio automatizado -0<\/li>\n<li>M\u00f3vil -1<\/li>\n<li>Web -1<\/li>\n<li>Se\u00f1al -1<\/li>\n<\/ul>\n<p><img loading=\"lazy\" decoding=\"async\" class=\"alignnone wp-image-1014 size-full\" src=\"https:\/\/hftforexcopier.com\/wp-content\/uploads\/2023\/10\/orders-source.png\" alt=\"orders source origin\" width=\"891\" height=\"755\" srcset=\"https:\/\/hftforexcopier.com\/wp-content\/uploads\/2023\/10\/orders-source.png 891w, https:\/\/hftforexcopier.com\/wp-content\/uploads\/2023\/10\/orders-source-300x254.png 300w, https:\/\/hftforexcopier.com\/wp-content\/uploads\/2023\/10\/orders-source-768x651.png 768w, https:\/\/hftforexcopier.com\/wp-content\/uploads\/2023\/10\/orders-source-14x12.png 14w, https:\/\/hftforexcopier.com\/wp-content\/uploads\/2023\/10\/orders-source-600x508.png 600w\" sizes=\"auto, (max-width: 891px) 100vw, 891px\" \/><\/p>\n<p>Eso significa que el copiador forex enviar\u00e1 1\/4 parte de \u00f3rdenes con fuente: trading manual, 0 \u00f3rdenes abiertas por expertos, 1\/4 parte m\u00f3vil, 1\/4 parte web, y 1\/4 parte se\u00f1ales.<\/p>","protected":false},"excerpt":{"rendered":"<p>Order Source Randomization enables the emulation of various order origins on sub-accounts. [&#8230;]<\/p>\n<p><a class=\"btn btn-secondary conversions-read-more-link\" href=\"https:\/\/hftforexcopier.com\/es\/producto\/random\/\">Read More&#8230;<\/a><\/p>\n","protected":false},"featured_media":1016,"comment_status":"closed","ping_status":"closed","template":"","meta":{"_acf_changed":false},"product_brand":[],"product_cat":[26],"product_tag":[],"class_list":{"0":"post-1013","1":"product","2":"type-product","3":"status-publish","4":"has-post-thumbnail","6":"product_cat-uncategorized","8":"first","9":"instock","10":"sold-individually","11":"shipping-taxable","12":"purchasable","13":"product-type-simple"},"acf":[],"yoast_head":"<!-- This site is optimized with the Yoast SEO plugin v27.3 - https:\/\/yoast.com\/product\/yoast-seo-wordpress\/ -->\n<title>Order Source Randomization - HFT Forex Trade Copier - Ultrafast trade copier<\/title>\n<meta name=\"description\" content=\"Explore and buy the versatile Order Source Randomization feature that simulates diverse trading sources from manual to automated bots.\" \/>\n<meta name=\"robots\" content=\"index, follow, max-snippet:-1, max-image-preview:large, max-video-preview:-1\" \/>\n<link rel=\"canonical\" href=\"https:\/\/hftforexcopier.com\/es\/producto\/random\/\" \/>\n<meta property=\"og:locale\" content=\"es_ES\" \/>\n<meta property=\"og:type\" content=\"article\" \/>\n<meta property=\"og:title\" content=\"Order Source Randomization - HFT Forex Trade Copier - Ultrafast trade copier\" \/>\n<meta property=\"og:description\" content=\"Explore and buy the versatile Order Source Randomization feature that simulates diverse trading sources from manual to automated bots.\" \/>\n<meta property=\"og:url\" content=\"https:\/\/hftforexcopier.com\/es\/producto\/random\/\" \/>\n<meta property=\"og:site_name\" content=\"HFT Forex Trade Copier - Ultrafast trade copier\" \/>\n<meta property=\"og:image\" content=\"https:\/\/hftforexcopier.com\/wp-content\/uploads\/2023\/10\/orders-randomization.png\" \/>\n\t<meta property=\"og:image:width\" content=\"300\" \/>\n\t<meta property=\"og:image:height\" content=\"205\" \/>\n\t<meta property=\"og:image:type\" content=\"image\/png\" \/>\n<meta name=\"twitter:card\" content=\"summary_large_image\" \/>\n<meta name=\"twitter:label1\" content=\"Tiempo de lectura\" \/>\n\t<meta name=\"twitter:data1\" content=\"1 minuto\" \/>\n<script type=\"application\/ld+json\" class=\"yoast-schema-graph\">{\"@context\":\"https:\\\/\\\/schema.org\",\"@graph\":[{\"@type\":\"WebPage\",\"@id\":\"https:\\\/\\\/hftforexcopier.com\\\/product\\\/random\\\/\",\"url\":\"https:\\\/\\\/hftforexcopier.com\\\/product\\\/random\\\/\",\"name\":\"Order Source Randomization - HFT Forex Trade Copier - Ultrafast trade copier\",\"isPartOf\":{\"@id\":\"https:\\\/\\\/hftforexcopier.com\\\/#website\"},\"primaryImageOfPage\":{\"@id\":\"https:\\\/\\\/hftforexcopier.com\\\/product\\\/random\\\/#primaryimage\"},\"image\":{\"@id\":\"https:\\\/\\\/hftforexcopier.com\\\/product\\\/random\\\/#primaryimage\"},\"thumbnailUrl\":\"https:\\\/\\\/hftforexcopier.com\\\/wp-content\\\/uploads\\\/2023\\\/10\\\/orders-randomization.png\",\"datePublished\":\"2025-12-27T22:24:31+00:00\",\"description\":\"Explore and buy the versatile Order Source Randomization feature that simulates diverse trading sources from manual to automated bots.\",\"breadcrumb\":{\"@id\":\"https:\\\/\\\/hftforexcopier.com\\\/product\\\/random\\\/#breadcrumb\"},\"inLanguage\":\"es\",\"potentialAction\":[{\"@type\":\"ReadAction\",\"target\":[\"https:\\\/\\\/hftforexcopier.com\\\/product\\\/random\\\/\"]}]},{\"@type\":\"ImageObject\",\"inLanguage\":\"es\",\"@id\":\"https:\\\/\\\/hftforexcopier.com\\\/product\\\/random\\\/#primaryimage\",\"url\":\"https:\\\/\\\/hftforexcopier.com\\\/wp-content\\\/uploads\\\/2023\\\/10\\\/orders-randomization.png\",\"contentUrl\":\"https:\\\/\\\/hftforexcopier.com\\\/wp-content\\\/uploads\\\/2023\\\/10\\\/orders-randomization.png\",\"width\":300,\"height\":205,\"caption\":\"order source origin\"},{\"@type\":\"BreadcrumbList\",\"@id\":\"https:\\\/\\\/hftforexcopier.com\\\/product\\\/random\\\/#breadcrumb\",\"itemListElement\":[{\"@type\":\"ListItem\",\"position\":1,\"name\":\"Home\",\"item\":\"https:\\\/\\\/hftforexcopier.com\\\/\"},{\"@type\":\"ListItem\",\"position\":2,\"name\":\"Shop\",\"item\":\"https:\\\/\\\/hftforexcopier.com\\\/shop\\\/\"},{\"@type\":\"ListItem\",\"position\":3,\"name\":\"Order Source Randomization\"}]},{\"@type\":\"WebSite\",\"@id\":\"https:\\\/\\\/hftforexcopier.com\\\/#website\",\"url\":\"https:\\\/\\\/hftforexcopier.com\\\/\",\"name\":\"HFT Forex Trade Copier - Ultrafast trade copier\",\"description\":\"HFT Forex Trade Copier - a standalone universal program designed to copy any type of order between different trading platforms and via FIX APInother WordPress site\",\"publisher\":{\"@id\":\"https:\\\/\\\/hftforexcopier.com\\\/#organization\"},\"potentialAction\":[{\"@type\":\"SearchAction\",\"target\":{\"@type\":\"EntryPoint\",\"urlTemplate\":\"https:\\\/\\\/hftforexcopier.com\\\/?s={search_term_string}\"},\"query-input\":{\"@type\":\"PropertyValueSpecification\",\"valueRequired\":true,\"valueName\":\"search_term_string\"}}],\"inLanguage\":\"es\"},{\"@type\":\"Organization\",\"@id\":\"https:\\\/\\\/hftforexcopier.com\\\/#organization\",\"name\":\"HFT Forex Trade Copier - Ultrafast trade copier\",\"url\":\"https:\\\/\\\/hftforexcopier.com\\\/\",\"logo\":{\"@type\":\"ImageObject\",\"inLanguage\":\"es\",\"@id\":\"https:\\\/\\\/hftforexcopier.com\\\/#\\\/schema\\\/logo\\\/image\\\/\",\"url\":\"https:\\\/\\\/hftforexcopier.com\\\/wp-content\\\/uploads\\\/2022\\\/06\\\/hft-forex-copier-logo.png\",\"contentUrl\":\"https:\\\/\\\/hftforexcopier.com\\\/wp-content\\\/uploads\\\/2022\\\/06\\\/hft-forex-copier-logo.png\",\"width\":360,\"height\":93,\"caption\":\"HFT Forex Trade Copier - Ultrafast trade copier\"},\"image\":{\"@id\":\"https:\\\/\\\/hftforexcopier.com\\\/#\\\/schema\\\/logo\\\/image\\\/\"}}]}<\/script>\n<!-- \/ Yoast SEO plugin. -->","yoast_head_json":{"title":"Order Source Randomization - Copiador de operaciones de Forex HFT - Copiador de operaciones ultrarr\u00e1pido","description":"Explore y adquiera la vers\u00e1til funci\u00f3n de aleatorizaci\u00f3n de fuentes de \u00f3rdenes que simula diversas fuentes de negociaci\u00f3n, desde manuales hasta bots automatizados.","robots":{"index":"index","follow":"follow","max-snippet":"max-snippet:-1","max-image-preview":"max-image-preview:large","max-video-preview":"max-video-preview:-1"},"canonical":"https:\/\/hftforexcopier.com\/es\/producto\/random\/","og_locale":"es_ES","og_type":"article","og_title":"Order Source Randomization - HFT Forex Trade Copier - Ultrafast trade copier","og_description":"Explore and buy the versatile Order Source Randomization feature that simulates diverse trading sources from manual to automated bots.","og_url":"https:\/\/hftforexcopier.com\/es\/producto\/random\/","og_site_name":"HFT Forex Trade Copier - Ultrafast trade copier","og_image":[{"width":300,"height":205,"url":"https:\/\/hftforexcopier.com\/wp-content\/uploads\/2023\/10\/orders-randomization.png","type":"image\/png"}],"twitter_card":"summary_large_image","twitter_misc":{"Tiempo de lectura":"1 minuto"},"schema":{"@context":"https:\/\/schema.org","@graph":[{"@type":"WebPage","@id":"https:\/\/hftforexcopier.com\/product\/random\/","url":"https:\/\/hftforexcopier.com\/product\/random\/","name":"Order Source Randomization - Copiador de operaciones de Forex HFT - Copiador de operaciones ultrarr\u00e1pido","isPartOf":{"@id":"https:\/\/hftforexcopier.com\/#website"},"primaryImageOfPage":{"@id":"https:\/\/hftforexcopier.com\/product\/random\/#primaryimage"},"image":{"@id":"https:\/\/hftforexcopier.com\/product\/random\/#primaryimage"},"thumbnailUrl":"https:\/\/hftforexcopier.com\/wp-content\/uploads\/2023\/10\/orders-randomization.png","datePublished":"2025-12-27T22:24:31+00:00","description":"Explore y adquiera la vers\u00e1til funci\u00f3n de aleatorizaci\u00f3n de fuentes de \u00f3rdenes que simula diversas fuentes de negociaci\u00f3n, desde manuales hasta bots automatizados.","breadcrumb":{"@id":"https:\/\/hftforexcopier.com\/product\/random\/#breadcrumb"},"inLanguage":"es","potentialAction":[{"@type":"ReadAction","target":["https:\/\/hftforexcopier.com\/product\/random\/"]}]},{"@type":"ImageObject","inLanguage":"es","@id":"https:\/\/hftforexcopier.com\/product\/random\/#primaryimage","url":"https:\/\/hftforexcopier.com\/wp-content\/uploads\/2023\/10\/orders-randomization.png","contentUrl":"https:\/\/hftforexcopier.com\/wp-content\/uploads\/2023\/10\/orders-randomization.png","width":300,"height":205,"caption":"order source origin"},{"@type":"BreadcrumbList","@id":"https:\/\/hftforexcopier.com\/product\/random\/#breadcrumb","itemListElement":[{"@type":"ListItem","position":1,"name":"Home","item":"https:\/\/hftforexcopier.com\/"},{"@type":"ListItem","position":2,"name":"Shop","item":"https:\/\/hftforexcopier.com\/shop\/"},{"@type":"ListItem","position":3,"name":"Order Source Randomization"}]},{"@type":"WebSite","@id":"https:\/\/hftforexcopier.com\/#website","url":"https:\/\/hftforexcopier.com\/","name":"HFT Forex Trade Copier - Copiador de operaciones ultrarr\u00e1pido","description":"HFT Forex Trade Copier - un programa universal independiente dise\u00f1ado para copiar cualquier tipo de orden entre diferentes plataformas de negociaci\u00f3n y a trav\u00e9s de FIX APOtro sitio de WordPress","publisher":{"@id":"https:\/\/hftforexcopier.com\/#organization"},"potentialAction":[{"@type":"SearchAction","target":{"@type":"EntryPoint","urlTemplate":"https:\/\/hftforexcopier.com\/?s={search_term_string}"},"query-input":{"@type":"PropertyValueSpecification","valueRequired":true,"valueName":"search_term_string"}}],"inLanguage":"es"},{"@type":"Organization","@id":"https:\/\/hftforexcopier.com\/#organization","name":"HFT Forex Trade Copier - Copiador de operaciones ultrarr\u00e1pido","url":"https:\/\/hftforexcopier.com\/","logo":{"@type":"ImageObject","inLanguage":"es","@id":"https:\/\/hftforexcopier.com\/#\/schema\/logo\/image\/","url":"https:\/\/hftforexcopier.com\/wp-content\/uploads\/2022\/06\/hft-forex-copier-logo.png","contentUrl":"https:\/\/hftforexcopier.com\/wp-content\/uploads\/2022\/06\/hft-forex-copier-logo.png","width":360,"height":93,"caption":"HFT Forex Trade Copier - Ultrafast trade copier"},"image":{"@id":"https:\/\/hftforexcopier.com\/#\/schema\/logo\/image\/"}}]}},"_links":{"self":[{"href":"https:\/\/hftforexcopier.com\/es\/wp-json\/wp\/v2\/product\/1013","targetHints":{"allow":["GET"]}}],"collection":[{"href":"https:\/\/hftforexcopier.com\/es\/wp-json\/wp\/v2\/product"}],"about":[{"href":"https:\/\/hftforexcopier.com\/es\/wp-json\/wp\/v2\/types\/product"}],"replies":[{"embeddable":true,"href":"https:\/\/hftforexcopier.com\/es\/wp-json\/wp\/v2\/comments?post=1013"}],"wp:featuredmedia":[{"embeddable":true,"href":"https:\/\/hftforexcopier.com\/es\/wp-json\/wp\/v2\/media\/1016"}],"wp:attachment":[{"href":"https:\/\/hftforexcopier.com\/es\/wp-json\/wp\/v2\/media?parent=1013"}],"wp:term":[{"taxonomy":"product_brand","embeddable":true,"href":"https:\/\/hftforexcopier.com\/es\/wp-json\/wp\/v2\/product_brand?post=1013"},{"taxonomy":"product_cat","embeddable":true,"href":"https:\/\/hftforexcopier.com\/es\/wp-json\/wp\/v2\/product_cat?post=1013"},{"taxonomy":"product_tag","embeddable":true,"href":"https:\/\/hftforexcopier.com\/es\/wp-json\/wp\/v2\/product_tag?post=1013"}],"curies":[{"name":"wp","href":"https:\/\/api.w.org\/{rel}","templated":true}]}}