{"id":1755,"date":"2026-04-02T15:06:07","date_gmt":"2026-04-02T19:06:07","guid":{"rendered":"https:\/\/hftforexcopier.com\/?page_id=1755"},"modified":"2026-04-02T15:30:17","modified_gmt":"2026-04-02T19:30:17","slug":"sergey-luts-high-frequency-trading-systems-developer","status":"publish","type":"page","link":"https:\/\/hftforexcopier.com\/pt\/sergey-luts-high-frequency-trading-systems-developer\/","title":{"rendered":"Sergey Luts - Desenvolvedor de sistemas de negocia\u00e7\u00e3o de alta frequ\u00eancia"},"content":{"rendered":"<figure class=\"wp-block-image size-full is-resized\"><img loading=\"lazy\" decoding=\"async\" width=\"378\" height=\"396\" src=\"https:\/\/hftforexcopier.com\/wp-content\/uploads\/2026\/04\/av.png\" alt=\"\" class=\"wp-image-1756\" style=\"width:170px;height:auto\" srcset=\"https:\/\/hftforexcopier.com\/wp-content\/uploads\/2026\/04\/av.png 378w, https:\/\/hftforexcopier.com\/wp-content\/uploads\/2026\/04\/av-286x300.png 286w, https:\/\/hftforexcopier.com\/wp-content\/uploads\/2026\/04\/av-11x12.png 11w\" sizes=\"auto, (max-width: 378px) 100vw, 378px\" \/><\/figure>\n\n\n\n<p><strong>Sergey Luts<\/strong> \u00e9 um desenvolvedor de software experiente e especialista em tecnologia de negocia\u00e7\u00e3o com mais de duas d\u00e9cadas de experi\u00eancia em <strong>sistemas de negocia\u00e7\u00e3o de alta frequ\u00eancia<\/strong>. Nascido em Dnipropetrovsk, Ucr\u00e2nia, ele se formou em <strong>Universidade T\u00e9cnica Estadual de Dnipropetrovsk<\/strong> em 1999 e est\u00e1 envolvida no desenvolvimento de tecnologias comerciais avan\u00e7adas desde 2000.<\/p>\n\n\n\n<p>Ao longo de sua carreira, Sergey trabalhou no design e desenvolvimento de <strong>sistemas de negocia\u00e7\u00e3o de alta frequ\u00eancia<\/strong>, incluindo um projeto de hedge fund onde ele ajudou a criar uma solu\u00e7\u00e3o de negocia\u00e7\u00e3o bem-sucedida. Cinco anos atr\u00e1s, ele decidiu continuar de forma independente, reunindo uma equipe de matem\u00e1ticos e traders para construir uma nova gera\u00e7\u00e3o de tecnologias de negocia\u00e7\u00e3o profissional atrav\u00e9s de sua empresa, <strong>Software HFT<\/strong>.<\/p>\n\n\n\n<p>Sergey tem estado envolvido no desenvolvimento de <strong>centenas de estrat\u00e9gias de negocia\u00e7\u00e3o<\/strong>, extensivamente testado ao longo do tempo, com apenas as solu\u00e7\u00f5es mais fortes e eficazes selecionadas para uso comercial. Seu trabalho inclui <strong>dezenas de estrat\u00e9gias de arbitragem e<\/strong> a cria\u00e7\u00e3o de um <strong>Copiador de opera\u00e7\u00f5es Forex muito r\u00e1pido<\/strong> projetado para ambientes de negocia\u00e7\u00e3o de alto desempenho.<\/p>\n\n\n\n<p>Ele \u00e9 altamente qualificado em <strong>Python, C#, e C++<\/strong>, e \u00e9 reconhecido tanto como um programador experiente quanto como um desenvolvedor experiente de sistemas complexos de negocia\u00e7\u00e3o. Sua expertise combina profundo conhecimento t\u00e9cnico, compreens\u00e3o pr\u00e1tica do mercado e anos de trabalho pr\u00e1tico na constru\u00e7\u00e3o de solu\u00e7\u00f5es robustas e de alta velocidade para traders profissionais.<\/p>\n\n\n\n<p><\/p>","protected":false},"excerpt":{"rendered":"<p>Sergey Luts is an experienced software developer and trading technology specialist with more than two decades of expertise in high-frequency trading systems. Born in Dnipropetrovsk, Ukraine, he graduated from Dnipropetrovsk State Technical University in 1999 and has been involved in developing advanced trading technologies since 2000. Over the course of his career, Sergey has worked [&#8230;]<\/p>\n<p><a class=\"btn btn-secondary conversions-read-more-link\" href=\"https:\/\/hftforexcopier.com\/pt\/sergey-luts-high-frequency-trading-systems-developer\/\">Read More&#8230;<\/a><\/p>\n","protected":false},"author":1,"featured_media":0,"parent":0,"menu_order":0,"comment_status":"closed","ping_status":"closed","template":"","meta":{"_acf_changed":false,"footnotes":""},"class_list":["post-1755","page","type-page","status-publish","hentry"],"acf":[],"yoast_head":"<!-- This site is optimized with the Yoast SEO plugin v27.3 - https:\/\/yoast.com\/product\/yoast-seo-wordpress\/ -->\n<title>Sergey Luts \u2013 High-Frequency Trading Systems Developer - HFT Forex Trade Copier - Ultrafast trade copier<\/title>\n<meta name=\"robots\" content=\"index, follow, max-snippet:-1, max-image-preview:large, max-video-preview:-1\" \/>\n<link rel=\"canonical\" href=\"https:\/\/hftforexcopier.com\/pt\/sergey-luts-high-frequency-trading-systems-developer\/\" \/>\n<meta property=\"og:locale\" content=\"pt_BR\" \/>\n<meta property=\"og:type\" content=\"article\" \/>\n<meta property=\"og:title\" content=\"Sergey Luts \u2013 High-Frequency Trading Systems Developer - HFT Forex Trade Copier - Ultrafast trade copier\" \/>\n<meta property=\"og:description\" content=\"Sergey Luts is an experienced software developer and trading technology specialist with more than two decades of expertise in high-frequency trading systems. Born in Dnipropetrovsk, Ukraine, he graduated from Dnipropetrovsk State Technical University in 1999 and has been involved in developing advanced trading technologies since 2000. Over the course of his career, Sergey has worked [...]Read More...\" \/>\n<meta property=\"og:url\" content=\"https:\/\/hftforexcopier.com\/pt\/sergey-luts-high-frequency-trading-systems-developer\/\" \/>\n<meta property=\"og:site_name\" content=\"HFT Forex Trade Copier - Ultrafast trade copier\" \/>\n<meta property=\"article:modified_time\" content=\"2026-04-02T19:30:17+00:00\" \/>\n<meta property=\"og:image\" content=\"https:\/\/hftforexcopier.com\/wp-content\/uploads\/2026\/04\/av.png\" \/>\n\t<meta property=\"og:image:width\" content=\"378\" \/>\n\t<meta property=\"og:image:height\" content=\"396\" \/>\n\t<meta property=\"og:image:type\" content=\"image\/png\" \/>\n<meta name=\"twitter:card\" content=\"summary_large_image\" \/>\n<meta name=\"twitter:label1\" content=\"Est. tempo de leitura\" \/>\n\t<meta name=\"twitter:data1\" content=\"2 minutos\" \/>\n<script type=\"application\/ld+json\" class=\"yoast-schema-graph\">{\"@context\":\"https:\\\/\\\/schema.org\",\"@graph\":[{\"@type\":\"WebPage\",\"@id\":\"https:\\\/\\\/hftforexcopier.com\\\/sergey-luts-high-frequency-trading-systems-developer\\\/\",\"url\":\"https:\\\/\\\/hftforexcopier.com\\\/sergey-luts-high-frequency-trading-systems-developer\\\/\",\"name\":\"Sergey Luts \u2013 High-Frequency Trading Systems Developer - HFT Forex Trade Copier - Ultrafast trade copier\",\"isPartOf\":{\"@id\":\"https:\\\/\\\/hftforexcopier.com\\\/#website\"},\"primaryImageOfPage\":{\"@id\":\"https:\\\/\\\/hftforexcopier.com\\\/sergey-luts-high-frequency-trading-systems-developer\\\/#primaryimage\"},\"image\":{\"@id\":\"https:\\\/\\\/hftforexcopier.com\\\/sergey-luts-high-frequency-trading-systems-developer\\\/#primaryimage\"},\"thumbnailUrl\":\"https:\\\/\\\/hftforexcopier.com\\\/wp-content\\\/uploads\\\/2026\\\/04\\\/av.png\",\"datePublished\":\"2026-04-02T19:06:07+00:00\",\"dateModified\":\"2026-04-02T19:30:17+00:00\",\"breadcrumb\":{\"@id\":\"https:\\\/\\\/hftforexcopier.com\\\/sergey-luts-high-frequency-trading-systems-developer\\\/#breadcrumb\"},\"inLanguage\":\"pt-BR\",\"potentialAction\":[{\"@type\":\"ReadAction\",\"target\":[\"https:\\\/\\\/hftforexcopier.com\\\/sergey-luts-high-frequency-trading-systems-developer\\\/\"]}]},{\"@type\":\"ImageObject\",\"inLanguage\":\"pt-BR\",\"@id\":\"https:\\\/\\\/hftforexcopier.com\\\/sergey-luts-high-frequency-trading-systems-developer\\\/#primaryimage\",\"url\":\"https:\\\/\\\/hftforexcopier.com\\\/wp-content\\\/uploads\\\/2026\\\/04\\\/av.png\",\"contentUrl\":\"https:\\\/\\\/hftforexcopier.com\\\/wp-content\\\/uploads\\\/2026\\\/04\\\/av.png\"},{\"@type\":\"BreadcrumbList\",\"@id\":\"https:\\\/\\\/hftforexcopier.com\\\/sergey-luts-high-frequency-trading-systems-developer\\\/#breadcrumb\",\"itemListElement\":[{\"@type\":\"ListItem\",\"position\":1,\"name\":\"Home\",\"item\":\"https:\\\/\\\/hftforexcopier.com\\\/\"},{\"@type\":\"ListItem\",\"position\":2,\"name\":\"Sergey Luts \u2013 High-Frequency Trading Systems Developer\"}]},{\"@type\":\"WebSite\",\"@id\":\"https:\\\/\\\/hftforexcopier.com\\\/#website\",\"url\":\"https:\\\/\\\/hftforexcopier.com\\\/\",\"name\":\"HFT Forex Trade Copier - Ultrafast trade copier\",\"description\":\"HFT Forex Trade Copier - a standalone universal program designed to copy any type of order between different trading platforms and via FIX APInother WordPress site\",\"publisher\":{\"@id\":\"https:\\\/\\\/hftforexcopier.com\\\/#organization\"},\"potentialAction\":[{\"@type\":\"SearchAction\",\"target\":{\"@type\":\"EntryPoint\",\"urlTemplate\":\"https:\\\/\\\/hftforexcopier.com\\\/?s={search_term_string}\"},\"query-input\":{\"@type\":\"PropertyValueSpecification\",\"valueRequired\":true,\"valueName\":\"search_term_string\"}}],\"inLanguage\":\"pt-BR\"},{\"@type\":\"Organization\",\"@id\":\"https:\\\/\\\/hftforexcopier.com\\\/#organization\",\"name\":\"HFT Forex Trade Copier - Ultrafast trade copier\",\"url\":\"https:\\\/\\\/hftforexcopier.com\\\/\",\"logo\":{\"@type\":\"ImageObject\",\"inLanguage\":\"pt-BR\",\"@id\":\"https:\\\/\\\/hftforexcopier.com\\\/#\\\/schema\\\/logo\\\/image\\\/\",\"url\":\"https:\\\/\\\/hftforexcopier.com\\\/wp-content\\\/uploads\\\/2022\\\/06\\\/hft-forex-copier-logo.png\",\"contentUrl\":\"https:\\\/\\\/hftforexcopier.com\\\/wp-content\\\/uploads\\\/2022\\\/06\\\/hft-forex-copier-logo.png\",\"width\":360,\"height\":93,\"caption\":\"HFT Forex Trade Copier - Ultrafast trade copier\"},\"image\":{\"@id\":\"https:\\\/\\\/hftforexcopier.com\\\/#\\\/schema\\\/logo\\\/image\\\/\"}}]}<\/script>\n<!-- \/ Yoast SEO plugin. -->","yoast_head_json":{"title":"Sergey Luts \u2013 High-Frequency Trading Systems Developer - HFT Forex Trade Copier - Ultrafast trade copier","robots":{"index":"index","follow":"follow","max-snippet":"max-snippet:-1","max-image-preview":"max-image-preview:large","max-video-preview":"max-video-preview:-1"},"canonical":"https:\/\/hftforexcopier.com\/pt\/sergey-luts-high-frequency-trading-systems-developer\/","og_locale":"pt_BR","og_type":"article","og_title":"Sergey Luts \u2013 High-Frequency Trading Systems Developer - HFT Forex Trade Copier - Ultrafast trade copier","og_description":"Sergey Luts is an experienced software developer and trading technology specialist with more than two decades of expertise in high-frequency trading systems. Born in Dnipropetrovsk, Ukraine, he graduated from Dnipropetrovsk State Technical University in 1999 and has been involved in developing advanced trading technologies since 2000. Over the course of his career, Sergey has worked [...]Read More...","og_url":"https:\/\/hftforexcopier.com\/pt\/sergey-luts-high-frequency-trading-systems-developer\/","og_site_name":"HFT Forex Trade Copier - Ultrafast trade copier","article_modified_time":"2026-04-02T19:30:17+00:00","og_image":[{"width":378,"height":396,"url":"https:\/\/hftforexcopier.com\/wp-content\/uploads\/2026\/04\/av.png","type":"image\/png"}],"twitter_card":"summary_large_image","twitter_misc":{"Est. tempo de leitura":"2 minutos"},"schema":{"@context":"https:\/\/schema.org","@graph":[{"@type":"WebPage","@id":"https:\/\/hftforexcopier.com\/sergey-luts-high-frequency-trading-systems-developer\/","url":"https:\/\/hftforexcopier.com\/sergey-luts-high-frequency-trading-systems-developer\/","name":"Sergey Luts \u2013 High-Frequency Trading Systems Developer - HFT Forex Trade Copier - Ultrafast trade copier","isPartOf":{"@id":"https:\/\/hftforexcopier.com\/#website"},"primaryImageOfPage":{"@id":"https:\/\/hftforexcopier.com\/sergey-luts-high-frequency-trading-systems-developer\/#primaryimage"},"image":{"@id":"https:\/\/hftforexcopier.com\/sergey-luts-high-frequency-trading-systems-developer\/#primaryimage"},"thumbnailUrl":"https:\/\/hftforexcopier.com\/wp-content\/uploads\/2026\/04\/av.png","datePublished":"2026-04-02T19:06:07+00:00","dateModified":"2026-04-02T19:30:17+00:00","breadcrumb":{"@id":"https:\/\/hftforexcopier.com\/sergey-luts-high-frequency-trading-systems-developer\/#breadcrumb"},"inLanguage":"pt-BR","potentialAction":[{"@type":"ReadAction","target":["https:\/\/hftforexcopier.com\/sergey-luts-high-frequency-trading-systems-developer\/"]}]},{"@type":"ImageObject","inLanguage":"pt-BR","@id":"https:\/\/hftforexcopier.com\/sergey-luts-high-frequency-trading-systems-developer\/#primaryimage","url":"https:\/\/hftforexcopier.com\/wp-content\/uploads\/2026\/04\/av.png","contentUrl":"https:\/\/hftforexcopier.com\/wp-content\/uploads\/2026\/04\/av.png"},{"@type":"BreadcrumbList","@id":"https:\/\/hftforexcopier.com\/sergey-luts-high-frequency-trading-systems-developer\/#breadcrumb","itemListElement":[{"@type":"ListItem","position":1,"name":"Home","item":"https:\/\/hftforexcopier.com\/"},{"@type":"ListItem","position":2,"name":"Sergey Luts \u2013 High-Frequency Trading Systems Developer"}]},{"@type":"WebSite","@id":"https:\/\/hftforexcopier.com\/#website","url":"https:\/\/hftforexcopier.com\/","name":"Copiadora de opera\u00e7\u00f5es Forex HFT - Copiadora de opera\u00e7\u00f5es ultrarr\u00e1pida","description":"HFT Forex Trade Copier - um programa universal aut\u00f4nomo projetado para copiar qualquer tipo de ordem entre diferentes plataformas de negocia\u00e7\u00e3o e via FIX APOutro site WordPress","publisher":{"@id":"https:\/\/hftforexcopier.com\/#organization"},"potentialAction":[{"@type":"SearchAction","target":{"@type":"EntryPoint","urlTemplate":"https:\/\/hftforexcopier.com\/?s={search_term_string}"},"query-input":{"@type":"PropertyValueSpecification","valueRequired":true,"valueName":"search_term_string"}}],"inLanguage":"pt-BR"},{"@type":"Organization","@id":"https:\/\/hftforexcopier.com\/#organization","name":"Copiadora de opera\u00e7\u00f5es Forex HFT - Copiadora de opera\u00e7\u00f5es ultrarr\u00e1pida","url":"https:\/\/hftforexcopier.com\/","logo":{"@type":"ImageObject","inLanguage":"pt-BR","@id":"https:\/\/hftforexcopier.com\/#\/schema\/logo\/image\/","url":"https:\/\/hftforexcopier.com\/wp-content\/uploads\/2022\/06\/hft-forex-copier-logo.png","contentUrl":"https:\/\/hftforexcopier.com\/wp-content\/uploads\/2022\/06\/hft-forex-copier-logo.png","width":360,"height":93,"caption":"HFT Forex Trade Copier - Ultrafast trade copier"},"image":{"@id":"https:\/\/hftforexcopier.com\/#\/schema\/logo\/image\/"}}]}},"_links":{"self":[{"href":"https:\/\/hftforexcopier.com\/pt\/wp-json\/wp\/v2\/pages\/1755","targetHints":{"allow":["GET"]}}],"collection":[{"href":"https:\/\/hftforexcopier.com\/pt\/wp-json\/wp\/v2\/pages"}],"about":[{"href":"https:\/\/hftforexcopier.com\/pt\/wp-json\/wp\/v2\/types\/page"}],"author":[{"embeddable":true,"href":"https:\/\/hftforexcopier.com\/pt\/wp-json\/wp\/v2\/users\/1"}],"replies":[{"embeddable":true,"href":"https:\/\/hftforexcopier.com\/pt\/wp-json\/wp\/v2\/comments?post=1755"}],"version-history":[{"count":1,"href":"https:\/\/hftforexcopier.com\/pt\/wp-json\/wp\/v2\/pages\/1755\/revisions"}],"predecessor-version":[{"id":1757,"href":"https:\/\/hftforexcopier.com\/pt\/wp-json\/wp\/v2\/pages\/1755\/revisions\/1757"}],"wp:attachment":[{"href":"https:\/\/hftforexcopier.com\/pt\/wp-json\/wp\/v2\/media?parent=1755"}],"curies":[{"name":"wp","href":"https:\/\/api.w.org\/{rel}","templated":true}]}}