{"id":3,"date":"2022-06-03T15:14:58","date_gmt":"2022-06-03T15:14:58","guid":{"rendered":"https:\/\/hftforexcopier.com\/?page_id=3"},"modified":"2022-07-01T14:57:43","modified_gmt":"2022-07-01T14:57:43","slug":"privacy-policy","status":"publish","type":"page","link":"https:\/\/hftforexcopier.com\/pt\/privacy-policy\/","title":{"rendered":"Termos e condi\u00e7\u00f5es"},"content":{"rendered":"<p>Voc\u00ea concorda que a HFTForexCopier n\u00e3o ser\u00e1 respons\u00e1vel por quaisquer perdas ou danos que voc\u00ea possa incorrer ou sofrer em rela\u00e7\u00e3o ao nosso site HFTForexCopier.com<\/p>\n\n\n\n<p>Este Contrato s\u00f3 entrar\u00e1 em vigor na data de aprova\u00e7\u00e3o de sua compra.<\/p>\n\n\n\n<p>HFTForexCopier.com<strong>&nbsp;<\/strong>tem o direito de informar aos consumidores e \u00e0s ag\u00eancias de relat\u00f3rios de cr\u00e9dito sobre qualquer saldo devedor ou informa\u00e7\u00f5es negativas de cr\u00e9dito relacionadas \u00e0 compra de nossos produtos.&nbsp;<\/p>\n\n\n\n<p>HFTForexCopier.com<\/p>\n\n\n\n<p>Tem o direito de rejeitar a compra de qualquer produto da HFTForexCopier.com, por qualquer motivo considerado apropriado por nossa equipe.<\/p>\n\n\n\n<p>A HFTForexCopier.com poder\u00e1 rescindir qualquer um ou v\u00e1rios servi\u00e7os e reivindica\u00e7\u00f5es nos termos deste Contrato, por qualquer motivo e a qualquer momento<\/p>\n\n\n\n<p>Voc\u00ea concorda que a HFTForexCopier.com n\u00e3o ser\u00e1 respons\u00e1vel perante voc\u00ea ou qualquer outra parte por perdas incorridas por causas que estejam razoavelmente fora de nosso controle, que podem incluir, entre outras, restri\u00e7\u00f5es governamentais, condi\u00e7\u00f5es severas, greves, guerras, ataques terroristas, regras de c\u00e2mbio ou de mercado, desastres naturais, interrup\u00e7\u00f5es de comunica\u00e7\u00f5es, interrup\u00e7\u00f5es de negocia\u00e7\u00e3o em qualquer mercado ou bolsa, acesso n\u00e3o autorizado ou interrompido e erros do operador.&nbsp;<\/p>\n\n\n\n<p>Voc\u00ea concorda que a HFTForexCopier.com n\u00e3o ser\u00e1 respons\u00e1vel por quaisquer danos ou perdas incorridos por voc\u00ea ou por terceiros, por qualquer motivo, inclusive lucros cessantes, danos semelhantes ou perdas comerciais.&nbsp;&nbsp;<\/p>\n\n\n\n<p>Se voc\u00ea comprar produtos da HFTForexCopier e concordar com as disposi\u00e7\u00f5es estabelecidas, voc\u00ea tamb\u00e9m concorda em receber toda e qualquer comunica\u00e7\u00e3o da HFTForexCopier.com via Internet e\/ou e-mail. Isso pode, mas n\u00e3o necessariamente, implicar em confirma\u00e7\u00f5es de transa\u00e7\u00f5es, extratos financeiros, avisos de modifica\u00e7\u00f5es neste Contrato, extratos de compra e outras comunica\u00e7\u00f5es b\u00e1sicas.<\/p>\n\n\n\n<p>Se voc\u00ea for comprar algum produto da HFTForexCopier<strong>,&nbsp;<\/strong>todas as comunica\u00e7\u00f5es recebidas pela internet ou por e-mail devem ser recebidas e lidas prontamente. Todas as comunica\u00e7\u00f5es enviadas pelo INSERIR NOME DO WEBSITE AQUI ser\u00e3o consideradas como recebidas e lidas por voc\u00ea. Caso mude seu endere\u00e7o de comunica\u00e7\u00e3o, voc\u00ea concorda em nos informar imediatamente e assume a responsabilidade por comunica\u00e7\u00f5es perdidas em caso de perda de e-mail.<br>Ao assinar este Contrato, voc\u00ea concorda que reconhece que dever\u00e1 enviar uma mensagem \u00e0 HFTForexCopier.com caso encontre quaisquer problemas ou omiss\u00f5es nas transa\u00e7\u00f5es ou em qualquer outra comunica\u00e7\u00e3o com<strong>&nbsp;<\/strong>HFTForexCopier. Se voc\u00ea n\u00e3o fornecer qualquer aviso ou reconhecimento de erros de qualquer forma, determinar\u00e1 que todas as informa\u00e7\u00f5es distribu\u00eddas a voc\u00ea e todas as transa\u00e7\u00f5es foram feitas e tratadas com precis\u00e3o.<\/p>\n\n\n\n<h3 class=\"wp-block-heading\" id=\"marketing-permission\"><strong>Permiss\u00e3o de marketing<\/strong><\/h3>\n\n\n\n<p>Se voc\u00ea est\u00e1 recebendo e-mails da HFTForexCopier, voc\u00ea est\u00e1 inscrito no boletim informativo da HFTForexCopier.  Voc\u00ea d\u00e1 seu consentimento para entrar em contato com voc\u00ea por e-mail usando as informa\u00e7\u00f5es fornecidas neste formul\u00e1rio para fins de not\u00edcias, atualiza\u00e7\u00f5es e marketing.<\/p>\n\n\n\n<p><strong>O que esperar<\/strong>: Se desejar retirar seu consentimento e parar de receber not\u00edcias nossas, basta clicar no link de cancelamento de inscri\u00e7\u00e3o na parte inferior de cada e-mail que enviamos ou entrar em contato conosco pelo e-mail support@hftforexcopier.com . Valorizamos e respeitamos seus dados pessoais e sua privacidade.  Ao enviar este formul\u00e1rio, voc\u00ea concorda que podemos processar suas informa\u00e7\u00f5es de acordo com estes termos.<\/p>\n\n\n\n<h4 class=\"wp-block-heading\">1. Frequ\u00eancia<\/h4>\n\n\n\n<p>A frequ\u00eancia das edi\u00e7\u00f5es do boletim informativo ser\u00e1 de no m\u00e1ximo uma por semana.\u00a0<\/p>\n\n\n\n<h4 class=\"wp-block-heading\">2. Responsabilidade limitada<\/h4>\n\n\n\n<p>Reservamo-nos o direito exclusivo de modificar ou descontinuar o boletim informativo a qualquer momento, com ou sem aviso pr\u00e9vio ao usu\u00e1rio. N\u00e3o seremos respons\u00e1veis perante voc\u00ea ou qualquer terceiro caso exer\u00e7amos esse direito. Quaisquer novos recursos que aumentem ou aprimorem os servi\u00e7os atuais deste site tamb\u00e9m estar\u00e3o sujeitos a estes Termos de Uso.<\/p>\n\n\n\n<p>Reservamo-nos o direito exclusivo de cancelar a inscri\u00e7\u00e3o de usu\u00e1rios\/visitantes do nosso servi\u00e7o de newsletter, sem aviso pr\u00e9vio. Faremos isso com qualquer assinante que considerarmos registrado com dados falsos.\u00a0<\/p>\n\n\n\n<h4 class=\"wp-block-heading\">3. Pol\u00edtica de privacidade<\/h4>\n\n\n\n<p>N\u00e3o comunicaremos, divulgaremos, publicaremos ou divulgaremos seu endere\u00e7o. Voc\u00ea poder\u00e1 alterar suas configura\u00e7\u00f5es de assinatura ou exclu\u00ed-la completamente a qualquer momento.<\/p>","protected":false},"excerpt":{"rendered":"<p>You agree that HFTForexCopier shall not be liable for any losses or damages that you might incur or suffer in relation to our website HFTForexCopier.com This Agreement will only be effective only at the date of approval of your purchase. HFTForexCopier.com&nbsp;has the right to report to consumers and credit reporting agencies of any debit balance [&#8230;]<\/p>\n<p><a class=\"btn btn-secondary conversions-read-more-link\" href=\"https:\/\/hftforexcopier.com\/pt\/privacy-policy\/\">Read More&#8230;<\/a><\/p>\n","protected":false},"author":1,"featured_media":0,"parent":0,"menu_order":0,"comment_status":"closed","ping_status":"open","template":"","meta":{"_acf_changed":false,"footnotes":""},"class_list":["post-3","page","type-page","status-publish","hentry"],"acf":[],"yoast_head":"<!-- This site is optimized with the Yoast SEO plugin v27.4 - https:\/\/yoast.com\/product\/yoast-seo-wordpress\/ -->\n<title>Terms and conditions - HFT Forex Trade Copier - Ultrafast trade copier<\/title>\n<meta name=\"robots\" content=\"index, follow, max-snippet:-1, max-image-preview:large, max-video-preview:-1\" \/>\n<link rel=\"canonical\" href=\"https:\/\/hftforexcopier.com\/pt\/privacy-policy\/\" \/>\n<meta property=\"og:locale\" content=\"pt_BR\" \/>\n<meta property=\"og:type\" content=\"article\" \/>\n<meta property=\"og:title\" content=\"Terms and conditions - HFT Forex Trade Copier - Ultrafast trade copier\" \/>\n<meta property=\"og:description\" content=\"You agree that HFTForexCopier shall not be liable for any losses or damages that you might incur or suffer in relation to our website HFTForexCopier.com This Agreement will only be effective only at the date of approval of your purchase. HFTForexCopier.com&nbsp;has the right to report to consumers and credit reporting agencies of any debit balance [...]Read More...\" \/>\n<meta property=\"og:url\" content=\"https:\/\/hftforexcopier.com\/pt\/privacy-policy\/\" \/>\n<meta property=\"og:site_name\" content=\"HFT Forex Trade Copier - Ultrafast trade copier\" \/>\n<meta property=\"article:modified_time\" content=\"2022-07-01T14:57:43+00:00\" \/>\n<meta name=\"twitter:card\" content=\"summary_large_image\" \/>\n<meta name=\"twitter:label1\" content=\"Est. tempo de leitura\" \/>\n\t<meta name=\"twitter:data1\" content=\"3 minutos\" \/>\n<script type=\"application\/ld+json\" class=\"yoast-schema-graph\">{\"@context\":\"https:\\\/\\\/schema.org\",\"@graph\":[{\"@type\":\"WebPage\",\"@id\":\"https:\\\/\\\/hftforexcopier.com\\\/privacy-policy\\\/\",\"url\":\"https:\\\/\\\/hftforexcopier.com\\\/privacy-policy\\\/\",\"name\":\"Terms and conditions - HFT Forex Trade Copier - Ultrafast trade copier\",\"isPartOf\":{\"@id\":\"https:\\\/\\\/hftforexcopier.com\\\/#website\"},\"datePublished\":\"2022-06-03T15:14:58+00:00\",\"dateModified\":\"2022-07-01T14:57:43+00:00\",\"breadcrumb\":{\"@id\":\"https:\\\/\\\/hftforexcopier.com\\\/privacy-policy\\\/#breadcrumb\"},\"inLanguage\":\"pt-BR\",\"potentialAction\":[{\"@type\":\"ReadAction\",\"target\":[\"https:\\\/\\\/hftforexcopier.com\\\/privacy-policy\\\/\"]}]},{\"@type\":\"BreadcrumbList\",\"@id\":\"https:\\\/\\\/hftforexcopier.com\\\/privacy-policy\\\/#breadcrumb\",\"itemListElement\":[{\"@type\":\"ListItem\",\"position\":1,\"name\":\"Home\",\"item\":\"https:\\\/\\\/hftforexcopier.com\\\/\"},{\"@type\":\"ListItem\",\"position\":2,\"name\":\"Terms and conditions\"}]},{\"@type\":\"WebSite\",\"@id\":\"https:\\\/\\\/hftforexcopier.com\\\/#website\",\"url\":\"https:\\\/\\\/hftforexcopier.com\\\/\",\"name\":\"HFT Forex Trade Copier - Ultrafast trade copier\",\"description\":\"HFT Forex Trade Copier - a standalone universal program designed to copy any type of order between different trading platforms and via FIX APInother WordPress site\",\"publisher\":{\"@id\":\"https:\\\/\\\/hftforexcopier.com\\\/#organization\"},\"potentialAction\":[{\"@type\":\"SearchAction\",\"target\":{\"@type\":\"EntryPoint\",\"urlTemplate\":\"https:\\\/\\\/hftforexcopier.com\\\/?s={search_term_string}\"},\"query-input\":{\"@type\":\"PropertyValueSpecification\",\"valueRequired\":true,\"valueName\":\"search_term_string\"}}],\"inLanguage\":\"pt-BR\"},{\"@type\":\"Organization\",\"@id\":\"https:\\\/\\\/hftforexcopier.com\\\/#organization\",\"name\":\"HFT Forex Trade Copier - Ultrafast trade copier\",\"url\":\"https:\\\/\\\/hftforexcopier.com\\\/\",\"logo\":{\"@type\":\"ImageObject\",\"inLanguage\":\"pt-BR\",\"@id\":\"https:\\\/\\\/hftforexcopier.com\\\/#\\\/schema\\\/logo\\\/image\\\/\",\"url\":\"https:\\\/\\\/hftforexcopier.com\\\/wp-content\\\/uploads\\\/2022\\\/06\\\/hft-forex-copier-logo.png\",\"contentUrl\":\"https:\\\/\\\/hftforexcopier.com\\\/wp-content\\\/uploads\\\/2022\\\/06\\\/hft-forex-copier-logo.png\",\"width\":360,\"height\":93,\"caption\":\"HFT Forex Trade Copier - Ultrafast trade copier\"},\"image\":{\"@id\":\"https:\\\/\\\/hftforexcopier.com\\\/#\\\/schema\\\/logo\\\/image\\\/\"}}]}<\/script>\n<!-- \/ Yoast SEO plugin. -->","yoast_head_json":{"title":"Terms and conditions - HFT Forex Trade Copier - Ultrafast trade copier","robots":{"index":"index","follow":"follow","max-snippet":"max-snippet:-1","max-image-preview":"max-image-preview:large","max-video-preview":"max-video-preview:-1"},"canonical":"https:\/\/hftforexcopier.com\/pt\/privacy-policy\/","og_locale":"pt_BR","og_type":"article","og_title":"Terms and conditions - HFT Forex Trade Copier - Ultrafast trade copier","og_description":"You agree that HFTForexCopier shall not be liable for any losses or damages that you might incur or suffer in relation to our website HFTForexCopier.com This Agreement will only be effective only at the date of approval of your purchase. HFTForexCopier.com&nbsp;has the right to report to consumers and credit reporting agencies of any debit balance [...]Read More...","og_url":"https:\/\/hftforexcopier.com\/pt\/privacy-policy\/","og_site_name":"HFT Forex Trade Copier - Ultrafast trade copier","article_modified_time":"2022-07-01T14:57:43+00:00","twitter_card":"summary_large_image","twitter_misc":{"Est. tempo de leitura":"3 minutos"},"schema":{"@context":"https:\/\/schema.org","@graph":[{"@type":"WebPage","@id":"https:\/\/hftforexcopier.com\/privacy-policy\/","url":"https:\/\/hftforexcopier.com\/privacy-policy\/","name":"Terms and conditions - HFT Forex Trade Copier - Ultrafast trade copier","isPartOf":{"@id":"https:\/\/hftforexcopier.com\/#website"},"datePublished":"2022-06-03T15:14:58+00:00","dateModified":"2022-07-01T14:57:43+00:00","breadcrumb":{"@id":"https:\/\/hftforexcopier.com\/privacy-policy\/#breadcrumb"},"inLanguage":"pt-BR","potentialAction":[{"@type":"ReadAction","target":["https:\/\/hftforexcopier.com\/privacy-policy\/"]}]},{"@type":"BreadcrumbList","@id":"https:\/\/hftforexcopier.com\/privacy-policy\/#breadcrumb","itemListElement":[{"@type":"ListItem","position":1,"name":"Home","item":"https:\/\/hftforexcopier.com\/"},{"@type":"ListItem","position":2,"name":"Terms and conditions"}]},{"@type":"WebSite","@id":"https:\/\/hftforexcopier.com\/#website","url":"https:\/\/hftforexcopier.com\/","name":"Copiadora de opera\u00e7\u00f5es Forex HFT - Copiadora de opera\u00e7\u00f5es ultrarr\u00e1pida","description":"HFT Forex Trade Copier - um programa universal aut\u00f4nomo projetado para copiar qualquer tipo de ordem entre diferentes plataformas de negocia\u00e7\u00e3o e via FIX APOutro site WordPress","publisher":{"@id":"https:\/\/hftforexcopier.com\/#organization"},"potentialAction":[{"@type":"SearchAction","target":{"@type":"EntryPoint","urlTemplate":"https:\/\/hftforexcopier.com\/?s={search_term_string}"},"query-input":{"@type":"PropertyValueSpecification","valueRequired":true,"valueName":"search_term_string"}}],"inLanguage":"pt-BR"},{"@type":"Organization","@id":"https:\/\/hftforexcopier.com\/#organization","name":"Copiadora de opera\u00e7\u00f5es Forex HFT - Copiadora de opera\u00e7\u00f5es ultrarr\u00e1pida","url":"https:\/\/hftforexcopier.com\/","logo":{"@type":"ImageObject","inLanguage":"pt-BR","@id":"https:\/\/hftforexcopier.com\/#\/schema\/logo\/image\/","url":"https:\/\/hftforexcopier.com\/wp-content\/uploads\/2022\/06\/hft-forex-copier-logo.png","contentUrl":"https:\/\/hftforexcopier.com\/wp-content\/uploads\/2022\/06\/hft-forex-copier-logo.png","width":360,"height":93,"caption":"HFT Forex Trade Copier - Ultrafast trade copier"},"image":{"@id":"https:\/\/hftforexcopier.com\/#\/schema\/logo\/image\/"}}]}},"_links":{"self":[{"href":"https:\/\/hftforexcopier.com\/pt\/wp-json\/wp\/v2\/pages\/3","targetHints":{"allow":["GET"]}}],"collection":[{"href":"https:\/\/hftforexcopier.com\/pt\/wp-json\/wp\/v2\/pages"}],"about":[{"href":"https:\/\/hftforexcopier.com\/pt\/wp-json\/wp\/v2\/types\/page"}],"author":[{"embeddable":true,"href":"https:\/\/hftforexcopier.com\/pt\/wp-json\/wp\/v2\/users\/1"}],"replies":[{"embeddable":true,"href":"https:\/\/hftforexcopier.com\/pt\/wp-json\/wp\/v2\/comments?post=3"}],"version-history":[{"count":5,"href":"https:\/\/hftforexcopier.com\/pt\/wp-json\/wp\/v2\/pages\/3\/revisions"}],"predecessor-version":[{"id":362,"href":"https:\/\/hftforexcopier.com\/pt\/wp-json\/wp\/v2\/pages\/3\/revisions\/362"}],"wp:attachment":[{"href":"https:\/\/hftforexcopier.com\/pt\/wp-json\/wp\/v2\/media?parent=3"}],"curies":[{"name":"wp","href":"https:\/\/api.w.org\/{rel}","templated":true}]}}