{"id":1013,"date":"2025-12-27T17:24:31","date_gmt":"2025-12-27T22:24:31","guid":{"rendered":"https:\/\/hftforexcopier.com\/?post_type=product&#038;p=1013"},"modified":"2025-12-27T17:24:31","modified_gmt":"2025-12-27T22:24:31","slug":"random","status":"publish","type":"product","link":"https:\/\/hftforexcopier.com\/pt\/produto\/random\/","title":{"rendered":"Randomiza\u00e7\u00e3o da fonte de pedidos"},"content":{"rendered":"<p>O recurso de randomiza\u00e7\u00e3o da origem da ordem permite a emula\u00e7\u00e3o de v\u00e1rias origens de ordens em subcontas, como negocia\u00e7\u00e3o manual, negocia\u00e7\u00f5es automatizadas usando bots de Forex, negocia\u00e7\u00e3o em terminal m\u00f3vel, negocia\u00e7\u00e3o em terminal da Web e sinais do mercado. Os traders t\u00eam a flexibilidade de especificar a propor\u00e7\u00e3o de ordens de cada uma dessas origens. Por exemplo, se um corretor forex oferecer apenas um terminal da Web, os traders poder\u00e3o alocar partes:<\/p>\n<ul>\n<li>Com\u00e9rcio manual -1<\/li>\n<li>Negocia\u00e7\u00e3o automatizada -0<\/li>\n<li>Celular -1<\/li>\n<li>Web -1<\/li>\n<li>Sinal -1<\/li>\n<\/ul>\n<p><img loading=\"lazy\" decoding=\"async\" class=\"alignnone wp-image-1014 size-full\" src=\"https:\/\/hftforexcopier.com\/wp-content\/uploads\/2023\/10\/orders-source.png\" alt=\"orders source origin\" width=\"891\" height=\"755\" srcset=\"https:\/\/hftforexcopier.com\/wp-content\/uploads\/2023\/10\/orders-source.png 891w, https:\/\/hftforexcopier.com\/wp-content\/uploads\/2023\/10\/orders-source-300x254.png 300w, https:\/\/hftforexcopier.com\/wp-content\/uploads\/2023\/10\/orders-source-768x651.png 768w, https:\/\/hftforexcopier.com\/wp-content\/uploads\/2023\/10\/orders-source-14x12.png 14w, https:\/\/hftforexcopier.com\/wp-content\/uploads\/2023\/10\/orders-source-600x508.png 600w\" sizes=\"auto, (max-width: 891px) 100vw, 891px\" \/><\/p>\n<p>Isso significa que a copiadora forex enviar\u00e1 1\/4 de parte das ordens com a fonte: negocia\u00e7\u00e3o manual, 0 ordens abertas por especialistas, 1\/4 de parte m\u00f3vel, 1\/4 de parte web e 1\/4 de parte de sinais.<\/p>","protected":false},"excerpt":{"rendered":"<p>Order Source Randomization enables the emulation of various order origins on sub-accounts. [&#8230;]<\/p>\n<p><a class=\"btn btn-secondary conversions-read-more-link\" href=\"https:\/\/hftforexcopier.com\/pt\/produto\/random\/\">Read More&#8230;<\/a><\/p>\n","protected":false},"featured_media":1016,"comment_status":"closed","ping_status":"closed","template":"","meta":{"_acf_changed":false},"product_brand":[],"product_cat":[26],"product_tag":[],"class_list":{"0":"post-1013","1":"product","2":"type-product","3":"status-publish","4":"has-post-thumbnail","6":"product_cat-uncategorized","8":"first","9":"instock","10":"sold-individually","11":"shipping-taxable","12":"purchasable","13":"product-type-simple"},"acf":[],"yoast_head":"<!-- This site is optimized with the Yoast SEO plugin v27.3 - https:\/\/yoast.com\/product\/yoast-seo-wordpress\/ -->\n<title>Order Source Randomization - HFT Forex Trade Copier - Ultrafast trade copier<\/title>\n<meta name=\"description\" content=\"Explore and buy the versatile Order Source Randomization feature that simulates diverse trading sources from manual to automated bots.\" \/>\n<meta name=\"robots\" content=\"index, follow, max-snippet:-1, max-image-preview:large, max-video-preview:-1\" \/>\n<link rel=\"canonical\" href=\"https:\/\/hftforexcopier.com\/pt\/produto\/random\/\" \/>\n<meta property=\"og:locale\" content=\"pt_BR\" \/>\n<meta property=\"og:type\" content=\"article\" \/>\n<meta property=\"og:title\" content=\"Order Source Randomization - HFT Forex Trade Copier - Ultrafast trade copier\" \/>\n<meta property=\"og:description\" content=\"Explore and buy the versatile Order Source Randomization feature that simulates diverse trading sources from manual to automated bots.\" \/>\n<meta property=\"og:url\" content=\"https:\/\/hftforexcopier.com\/pt\/produto\/random\/\" \/>\n<meta property=\"og:site_name\" content=\"HFT Forex Trade Copier - Ultrafast trade copier\" \/>\n<meta property=\"og:image\" content=\"https:\/\/hftforexcopier.com\/wp-content\/uploads\/2023\/10\/orders-randomization.png\" \/>\n\t<meta property=\"og:image:width\" content=\"300\" \/>\n\t<meta property=\"og:image:height\" content=\"205\" \/>\n\t<meta property=\"og:image:type\" content=\"image\/png\" \/>\n<meta name=\"twitter:card\" content=\"summary_large_image\" \/>\n<meta name=\"twitter:label1\" content=\"Est. tempo de leitura\" \/>\n\t<meta name=\"twitter:data1\" content=\"1 minuto\" \/>\n<script type=\"application\/ld+json\" class=\"yoast-schema-graph\">{\"@context\":\"https:\\\/\\\/schema.org\",\"@graph\":[{\"@type\":\"WebPage\",\"@id\":\"https:\\\/\\\/hftforexcopier.com\\\/product\\\/random\\\/\",\"url\":\"https:\\\/\\\/hftforexcopier.com\\\/product\\\/random\\\/\",\"name\":\"Order Source Randomization - HFT Forex Trade Copier - Ultrafast trade copier\",\"isPartOf\":{\"@id\":\"https:\\\/\\\/hftforexcopier.com\\\/#website\"},\"primaryImageOfPage\":{\"@id\":\"https:\\\/\\\/hftforexcopier.com\\\/product\\\/random\\\/#primaryimage\"},\"image\":{\"@id\":\"https:\\\/\\\/hftforexcopier.com\\\/product\\\/random\\\/#primaryimage\"},\"thumbnailUrl\":\"https:\\\/\\\/hftforexcopier.com\\\/wp-content\\\/uploads\\\/2023\\\/10\\\/orders-randomization.png\",\"datePublished\":\"2025-12-27T22:24:31+00:00\",\"description\":\"Explore and buy the versatile Order Source Randomization feature that simulates diverse trading sources from manual to automated bots.\",\"breadcrumb\":{\"@id\":\"https:\\\/\\\/hftforexcopier.com\\\/product\\\/random\\\/#breadcrumb\"},\"inLanguage\":\"pt-BR\",\"potentialAction\":[{\"@type\":\"ReadAction\",\"target\":[\"https:\\\/\\\/hftforexcopier.com\\\/product\\\/random\\\/\"]}]},{\"@type\":\"ImageObject\",\"inLanguage\":\"pt-BR\",\"@id\":\"https:\\\/\\\/hftforexcopier.com\\\/product\\\/random\\\/#primaryimage\",\"url\":\"https:\\\/\\\/hftforexcopier.com\\\/wp-content\\\/uploads\\\/2023\\\/10\\\/orders-randomization.png\",\"contentUrl\":\"https:\\\/\\\/hftforexcopier.com\\\/wp-content\\\/uploads\\\/2023\\\/10\\\/orders-randomization.png\",\"width\":300,\"height\":205,\"caption\":\"order source origin\"},{\"@type\":\"BreadcrumbList\",\"@id\":\"https:\\\/\\\/hftforexcopier.com\\\/product\\\/random\\\/#breadcrumb\",\"itemListElement\":[{\"@type\":\"ListItem\",\"position\":1,\"name\":\"Home\",\"item\":\"https:\\\/\\\/hftforexcopier.com\\\/\"},{\"@type\":\"ListItem\",\"position\":2,\"name\":\"Shop\",\"item\":\"https:\\\/\\\/hftforexcopier.com\\\/shop\\\/\"},{\"@type\":\"ListItem\",\"position\":3,\"name\":\"Order Source Randomization\"}]},{\"@type\":\"WebSite\",\"@id\":\"https:\\\/\\\/hftforexcopier.com\\\/#website\",\"url\":\"https:\\\/\\\/hftforexcopier.com\\\/\",\"name\":\"HFT Forex Trade Copier - Ultrafast trade copier\",\"description\":\"HFT Forex Trade Copier - a standalone universal program designed to copy any type of order between different trading platforms and via FIX APInother WordPress site\",\"publisher\":{\"@id\":\"https:\\\/\\\/hftforexcopier.com\\\/#organization\"},\"potentialAction\":[{\"@type\":\"SearchAction\",\"target\":{\"@type\":\"EntryPoint\",\"urlTemplate\":\"https:\\\/\\\/hftforexcopier.com\\\/?s={search_term_string}\"},\"query-input\":{\"@type\":\"PropertyValueSpecification\",\"valueRequired\":true,\"valueName\":\"search_term_string\"}}],\"inLanguage\":\"pt-BR\"},{\"@type\":\"Organization\",\"@id\":\"https:\\\/\\\/hftforexcopier.com\\\/#organization\",\"name\":\"HFT Forex Trade Copier - Ultrafast trade copier\",\"url\":\"https:\\\/\\\/hftforexcopier.com\\\/\",\"logo\":{\"@type\":\"ImageObject\",\"inLanguage\":\"pt-BR\",\"@id\":\"https:\\\/\\\/hftforexcopier.com\\\/#\\\/schema\\\/logo\\\/image\\\/\",\"url\":\"https:\\\/\\\/hftforexcopier.com\\\/wp-content\\\/uploads\\\/2022\\\/06\\\/hft-forex-copier-logo.png\",\"contentUrl\":\"https:\\\/\\\/hftforexcopier.com\\\/wp-content\\\/uploads\\\/2022\\\/06\\\/hft-forex-copier-logo.png\",\"width\":360,\"height\":93,\"caption\":\"HFT Forex Trade Copier - Ultrafast trade copier\"},\"image\":{\"@id\":\"https:\\\/\\\/hftforexcopier.com\\\/#\\\/schema\\\/logo\\\/image\\\/\"}}]}<\/script>\n<!-- \/ Yoast SEO plugin. -->","yoast_head_json":{"title":"Randomiza\u00e7\u00e3o da fonte de ordens - Copiadora de opera\u00e7\u00f5es de HFT Forex - Copiadora de opera\u00e7\u00f5es ultrarr\u00e1pida","description":"Explore e compre o vers\u00e1til recurso Order Source Randomization que simula diversas fontes de negocia\u00e7\u00e3o, desde bots manuais at\u00e9 bots automatizados.","robots":{"index":"index","follow":"follow","max-snippet":"max-snippet:-1","max-image-preview":"max-image-preview:large","max-video-preview":"max-video-preview:-1"},"canonical":"https:\/\/hftforexcopier.com\/pt\/produto\/random\/","og_locale":"pt_BR","og_type":"article","og_title":"Order Source Randomization - HFT Forex Trade Copier - Ultrafast trade copier","og_description":"Explore and buy the versatile Order Source Randomization feature that simulates diverse trading sources from manual to automated bots.","og_url":"https:\/\/hftforexcopier.com\/pt\/produto\/random\/","og_site_name":"HFT Forex Trade Copier - Ultrafast trade copier","og_image":[{"width":300,"height":205,"url":"https:\/\/hftforexcopier.com\/wp-content\/uploads\/2023\/10\/orders-randomization.png","type":"image\/png"}],"twitter_card":"summary_large_image","twitter_misc":{"Est. tempo de leitura":"1 minuto"},"schema":{"@context":"https:\/\/schema.org","@graph":[{"@type":"WebPage","@id":"https:\/\/hftforexcopier.com\/product\/random\/","url":"https:\/\/hftforexcopier.com\/product\/random\/","name":"Randomiza\u00e7\u00e3o da fonte de ordens - Copiadora de opera\u00e7\u00f5es de HFT Forex - Copiadora de opera\u00e7\u00f5es ultrarr\u00e1pida","isPartOf":{"@id":"https:\/\/hftforexcopier.com\/#website"},"primaryImageOfPage":{"@id":"https:\/\/hftforexcopier.com\/product\/random\/#primaryimage"},"image":{"@id":"https:\/\/hftforexcopier.com\/product\/random\/#primaryimage"},"thumbnailUrl":"https:\/\/hftforexcopier.com\/wp-content\/uploads\/2023\/10\/orders-randomization.png","datePublished":"2025-12-27T22:24:31+00:00","description":"Explore e compre o vers\u00e1til recurso Order Source Randomization que simula diversas fontes de negocia\u00e7\u00e3o, desde bots manuais at\u00e9 bots automatizados.","breadcrumb":{"@id":"https:\/\/hftforexcopier.com\/product\/random\/#breadcrumb"},"inLanguage":"pt-BR","potentialAction":[{"@type":"ReadAction","target":["https:\/\/hftforexcopier.com\/product\/random\/"]}]},{"@type":"ImageObject","inLanguage":"pt-BR","@id":"https:\/\/hftforexcopier.com\/product\/random\/#primaryimage","url":"https:\/\/hftforexcopier.com\/wp-content\/uploads\/2023\/10\/orders-randomization.png","contentUrl":"https:\/\/hftforexcopier.com\/wp-content\/uploads\/2023\/10\/orders-randomization.png","width":300,"height":205,"caption":"order source origin"},{"@type":"BreadcrumbList","@id":"https:\/\/hftforexcopier.com\/product\/random\/#breadcrumb","itemListElement":[{"@type":"ListItem","position":1,"name":"Home","item":"https:\/\/hftforexcopier.com\/"},{"@type":"ListItem","position":2,"name":"Shop","item":"https:\/\/hftforexcopier.com\/shop\/"},{"@type":"ListItem","position":3,"name":"Order Source Randomization"}]},{"@type":"WebSite","@id":"https:\/\/hftforexcopier.com\/#website","url":"https:\/\/hftforexcopier.com\/","name":"Copiadora de opera\u00e7\u00f5es Forex HFT - Copiadora de opera\u00e7\u00f5es ultrarr\u00e1pida","description":"HFT Forex Trade Copier - um programa universal aut\u00f4nomo projetado para copiar qualquer tipo de ordem entre diferentes plataformas de negocia\u00e7\u00e3o e via FIX APOutro site WordPress","publisher":{"@id":"https:\/\/hftforexcopier.com\/#organization"},"potentialAction":[{"@type":"SearchAction","target":{"@type":"EntryPoint","urlTemplate":"https:\/\/hftforexcopier.com\/?s={search_term_string}"},"query-input":{"@type":"PropertyValueSpecification","valueRequired":true,"valueName":"search_term_string"}}],"inLanguage":"pt-BR"},{"@type":"Organization","@id":"https:\/\/hftforexcopier.com\/#organization","name":"Copiadora de opera\u00e7\u00f5es Forex HFT - Copiadora de opera\u00e7\u00f5es ultrarr\u00e1pida","url":"https:\/\/hftforexcopier.com\/","logo":{"@type":"ImageObject","inLanguage":"pt-BR","@id":"https:\/\/hftforexcopier.com\/#\/schema\/logo\/image\/","url":"https:\/\/hftforexcopier.com\/wp-content\/uploads\/2022\/06\/hft-forex-copier-logo.png","contentUrl":"https:\/\/hftforexcopier.com\/wp-content\/uploads\/2022\/06\/hft-forex-copier-logo.png","width":360,"height":93,"caption":"HFT Forex Trade Copier - Ultrafast trade copier"},"image":{"@id":"https:\/\/hftforexcopier.com\/#\/schema\/logo\/image\/"}}]}},"_links":{"self":[{"href":"https:\/\/hftforexcopier.com\/pt\/wp-json\/wp\/v2\/product\/1013","targetHints":{"allow":["GET"]}}],"collection":[{"href":"https:\/\/hftforexcopier.com\/pt\/wp-json\/wp\/v2\/product"}],"about":[{"href":"https:\/\/hftforexcopier.com\/pt\/wp-json\/wp\/v2\/types\/product"}],"replies":[{"embeddable":true,"href":"https:\/\/hftforexcopier.com\/pt\/wp-json\/wp\/v2\/comments?post=1013"}],"wp:featuredmedia":[{"embeddable":true,"href":"https:\/\/hftforexcopier.com\/pt\/wp-json\/wp\/v2\/media\/1016"}],"wp:attachment":[{"href":"https:\/\/hftforexcopier.com\/pt\/wp-json\/wp\/v2\/media?parent=1013"}],"wp:term":[{"taxonomy":"product_brand","embeddable":true,"href":"https:\/\/hftforexcopier.com\/pt\/wp-json\/wp\/v2\/product_brand?post=1013"},{"taxonomy":"product_cat","embeddable":true,"href":"https:\/\/hftforexcopier.com\/pt\/wp-json\/wp\/v2\/product_cat?post=1013"},{"taxonomy":"product_tag","embeddable":true,"href":"https:\/\/hftforexcopier.com\/pt\/wp-json\/wp\/v2\/product_tag?post=1013"}],"curies":[{"name":"wp","href":"https:\/\/api.w.org\/{rel}","templated":true}]}}