{"id":1326,"date":"2024-06-17T17:08:24","date_gmt":"2024-06-17T21:08:24","guid":{"rendered":"https:\/\/hftforexcopier.com\/?post_type=product&#038;p=1326"},"modified":"2025-12-27T15:48:08","modified_gmt":"2025-12-27T20:48:08","slug":"dxtrade-connector","status":"publish","type":"product","link":"https:\/\/hftforexcopier.com\/pt\/produto\/dxtrade-connector\/","title":{"rendered":"Conector DXTrade para copiadora HFT Forex"},"content":{"rendered":"<p>O conector DXTrade permite que voc\u00ea use contas com corretores, oferecendo a plataforma DXTrade como contas vinculadas (escravas) no HFTForexCopier. Essa plataforma est\u00e1 se tornando cada vez mais popular entre as empresas de negocia\u00e7\u00e3o propriet\u00e1rias. Utilizando a copiadora com o conector DXTrade, voc\u00ea pode se destacar em competi\u00e7\u00f5es de negocia\u00e7\u00e3o e participar de negocia\u00e7\u00f5es com dinheiro real. Al\u00e9m disso, o conector oferece recursos avan\u00e7ados, como sincroniza\u00e7\u00e3o em tempo real, medidas de seguran\u00e7a aprimoradas e integra\u00e7\u00e3o perfeita, proporcionando uma experi\u00eancia de negocia\u00e7\u00e3o confi\u00e1vel e eficiente.<\/p>\n<p>Aqui est\u00e1 uma lista de empresas de negocia\u00e7\u00e3o propriet\u00e1rias que integraram a plataforma DX.trade, fornecendo a seus operadores ferramentas e funcionalidades avan\u00e7adas:<\/p>\n<ol>\n<li><strong>FTMO<\/strong>: Reconhecida por seu rigoroso processo de avalia\u00e7\u00e3o e pelas atraentes oportunidades de financiamento, a FTMO emprega plataformas de negocia\u00e7\u00e3o de \u00faltima gera\u00e7\u00e3o para proporcionar experi\u00eancias de negocia\u00e7\u00e3o tranquilas. Embora n\u00e3o haja informa\u00e7\u00f5es diretas sobre o uso da DX.trade, a dedica\u00e7\u00e3o da FTMO \u00e0 integra\u00e7\u00e3o de tecnologias avan\u00e7adas \u00e9 evidente.<\/li>\n<li><strong>Financiado pelo AquaFunded<\/strong> apresentou recentemente a DX.trade como uma nova e inovadora plataforma de negocia\u00e7\u00e3o. Essa plataforma inclui recursos de ponta, como ferramentas anal\u00edticas sofisticadas, protocolos de seguran\u00e7a aprimorados e desempenho confi\u00e1vel em v\u00e1rios dispositivos, garantindo uma experi\u00eancia de negocia\u00e7\u00e3o ininterrupta.<\/li>\n<li><strong>MyFundedFX<\/strong>: Essa empresa usa plataformas de negocia\u00e7\u00e3o modernas para oferecer suporte e ferramentas excelentes para seus operadores. Com foco em op\u00e7\u00f5es competitivas de compartilhamento de lucros e financiamento, a MyFundedFX atualiza continuamente suas ofertas de plataforma, embora detalhes espec\u00edficos sobre o uso da DX.trade n\u00e3o sejam mencionados diretamente.<\/li>\n<li><strong>EightCap<\/strong>: Como uma corretora respeit\u00e1vel, a EightCap oferece uma variedade de plataformas de negocia\u00e7\u00e3o, incluindo a DX.trade, para seus clientes. Eles s\u00e3o conhecidos por criar ambientes de negocia\u00e7\u00e3o s\u00f3lidos com excelente qualidade de execu\u00e7\u00e3o e suporte para v\u00e1rias classes de ativos.<\/li>\n<li><strong>InstantFunding<\/strong>: Essa empresa incorporou a DX.trade em sua plataforma, permitindo que os traders acessem ferramentas de negocia\u00e7\u00e3o avan\u00e7adas e execu\u00e7\u00e3o eficiente. O InstantFunding tem o compromisso de oferecer uma experi\u00eancia de negocia\u00e7\u00e3o confi\u00e1vel e f\u00e1cil de usar.<\/li>\n<\/ol>","protected":false},"excerpt":{"rendered":"<p>The DXTrade connector allows you to use accounts with brokers that provide the DXTrade platform as slave accounts in HFTForexCopier. This platform is gaining popularity among prop firms, and the copier with the DXTrade connector can help you not only pass contests but also trade with real money. [&#8230;]<\/p>\n<p><a class=\"btn btn-secondary conversions-read-more-link\" href=\"https:\/\/hftforexcopier.com\/pt\/produto\/dxtrade-connector\/\">Read More&#8230;<\/a><\/p>\n","protected":false},"featured_media":1328,"comment_status":"closed","ping_status":"closed","template":"","meta":{"_acf_changed":false},"product_brand":[],"product_cat":[27],"product_tag":[63,64,65,66],"class_list":{"0":"post-1326","1":"product","2":"type-product","3":"status-publish","4":"has-post-thumbnail","6":"product_cat-forex-copiers","7":"product_tag-dx-trade","8":"product_tag-dxtrade","9":"product_tag-prop-firm","10":"product_tag-prop-firm-challenge","12":"first","13":"instock","14":"downloadable","15":"virtual","16":"sold-individually","17":"purchasable","18":"product-type-simple"},"acf":[],"yoast_head":"<!-- This site is optimized with the Yoast SEO plugin v27.3 - https:\/\/yoast.com\/product\/yoast-seo-wordpress\/ -->\n<title>DXTrade Connector for HFT Forex Copier - HFT Forex Trade Copier - Ultrafast trade copier<\/title>\n<meta name=\"robots\" content=\"index, follow, max-snippet:-1, max-image-preview:large, max-video-preview:-1\" \/>\n<link rel=\"canonical\" href=\"https:\/\/hftforexcopier.com\/pt\/produto\/dxtrade-connector\/\" \/>\n<meta property=\"og:locale\" content=\"pt_BR\" \/>\n<meta property=\"og:type\" content=\"article\" \/>\n<meta property=\"og:title\" content=\"DXTrade Connector for HFT Forex Copier - HFT Forex Trade Copier - Ultrafast trade copier\" \/>\n<meta property=\"og:description\" content=\"The DXTrade connector allows you to use accounts with brokers that provide the DXTrade platform as slave accounts in HFTForexCopier. This platform is gaining popularity among prop firms, and the copier with the DXTrade connector can help you not only pass contests but also trade with real money. [...]Read More...\" \/>\n<meta property=\"og:url\" content=\"https:\/\/hftforexcopier.com\/pt\/produto\/dxtrade-connector\/\" \/>\n<meta property=\"og:site_name\" content=\"HFT Forex Trade Copier - Ultrafast trade copier\" \/>\n<meta property=\"article:modified_time\" content=\"2025-12-27T20:48:08+00:00\" \/>\n<meta property=\"og:image\" content=\"https:\/\/hftforexcopier.com\/wp-content\/uploads\/2024\/06\/dxtrade-box.png\" \/>\n\t<meta property=\"og:image:width\" content=\"1024\" \/>\n\t<meta property=\"og:image:height\" content=\"1024\" \/>\n\t<meta property=\"og:image:type\" content=\"image\/png\" \/>\n<meta name=\"twitter:card\" content=\"summary_large_image\" \/>\n<meta name=\"twitter:label1\" content=\"Est. tempo de leitura\" \/>\n\t<meta name=\"twitter:data1\" content=\"2 minutos\" \/>\n<script type=\"application\/ld+json\" class=\"yoast-schema-graph\">{\"@context\":\"https:\\\/\\\/schema.org\",\"@graph\":[{\"@type\":\"WebPage\",\"@id\":\"https:\\\/\\\/hftforexcopier.com\\\/product\\\/dxtrade-connector\\\/\",\"url\":\"https:\\\/\\\/hftforexcopier.com\\\/product\\\/dxtrade-connector\\\/\",\"name\":\"DXTrade Connector for HFT Forex Copier - HFT Forex Trade Copier - Ultrafast trade copier\",\"isPartOf\":{\"@id\":\"https:\\\/\\\/hftforexcopier.com\\\/#website\"},\"primaryImageOfPage\":{\"@id\":\"https:\\\/\\\/hftforexcopier.com\\\/product\\\/dxtrade-connector\\\/#primaryimage\"},\"image\":{\"@id\":\"https:\\\/\\\/hftforexcopier.com\\\/product\\\/dxtrade-connector\\\/#primaryimage\"},\"thumbnailUrl\":\"https:\\\/\\\/hftforexcopier.com\\\/wp-content\\\/uploads\\\/2024\\\/06\\\/dxtrade-box.png\",\"datePublished\":\"2024-06-17T21:08:24+00:00\",\"dateModified\":\"2025-12-27T20:48:08+00:00\",\"breadcrumb\":{\"@id\":\"https:\\\/\\\/hftforexcopier.com\\\/product\\\/dxtrade-connector\\\/#breadcrumb\"},\"inLanguage\":\"pt-BR\",\"potentialAction\":[{\"@type\":\"ReadAction\",\"target\":[\"https:\\\/\\\/hftforexcopier.com\\\/product\\\/dxtrade-connector\\\/\"]}]},{\"@type\":\"ImageObject\",\"inLanguage\":\"pt-BR\",\"@id\":\"https:\\\/\\\/hftforexcopier.com\\\/product\\\/dxtrade-connector\\\/#primaryimage\",\"url\":\"https:\\\/\\\/hftforexcopier.com\\\/wp-content\\\/uploads\\\/2024\\\/06\\\/dxtrade-box.png\",\"contentUrl\":\"https:\\\/\\\/hftforexcopier.com\\\/wp-content\\\/uploads\\\/2024\\\/06\\\/dxtrade-box.png\",\"width\":1024,\"height\":1024,\"caption\":\"DXTrade box\"},{\"@type\":\"BreadcrumbList\",\"@id\":\"https:\\\/\\\/hftforexcopier.com\\\/product\\\/dxtrade-connector\\\/#breadcrumb\",\"itemListElement\":[{\"@type\":\"ListItem\",\"position\":1,\"name\":\"Home\",\"item\":\"https:\\\/\\\/hftforexcopier.com\\\/\"},{\"@type\":\"ListItem\",\"position\":2,\"name\":\"Shop\",\"item\":\"https:\\\/\\\/hftforexcopier.com\\\/shop\\\/\"},{\"@type\":\"ListItem\",\"position\":3,\"name\":\"DXTrade Connector for HFT Forex Copier\"}]},{\"@type\":\"WebSite\",\"@id\":\"https:\\\/\\\/hftforexcopier.com\\\/#website\",\"url\":\"https:\\\/\\\/hftforexcopier.com\\\/\",\"name\":\"HFT Forex Trade Copier - Ultrafast trade copier\",\"description\":\"HFT Forex Trade Copier - a standalone universal program designed to copy any type of order between different trading platforms and via FIX APInother WordPress site\",\"publisher\":{\"@id\":\"https:\\\/\\\/hftforexcopier.com\\\/#organization\"},\"potentialAction\":[{\"@type\":\"SearchAction\",\"target\":{\"@type\":\"EntryPoint\",\"urlTemplate\":\"https:\\\/\\\/hftforexcopier.com\\\/?s={search_term_string}\"},\"query-input\":{\"@type\":\"PropertyValueSpecification\",\"valueRequired\":true,\"valueName\":\"search_term_string\"}}],\"inLanguage\":\"pt-BR\"},{\"@type\":\"Organization\",\"@id\":\"https:\\\/\\\/hftforexcopier.com\\\/#organization\",\"name\":\"HFT Forex Trade Copier - Ultrafast trade copier\",\"url\":\"https:\\\/\\\/hftforexcopier.com\\\/\",\"logo\":{\"@type\":\"ImageObject\",\"inLanguage\":\"pt-BR\",\"@id\":\"https:\\\/\\\/hftforexcopier.com\\\/#\\\/schema\\\/logo\\\/image\\\/\",\"url\":\"https:\\\/\\\/hftforexcopier.com\\\/wp-content\\\/uploads\\\/2022\\\/06\\\/hft-forex-copier-logo.png\",\"contentUrl\":\"https:\\\/\\\/hftforexcopier.com\\\/wp-content\\\/uploads\\\/2022\\\/06\\\/hft-forex-copier-logo.png\",\"width\":360,\"height\":93,\"caption\":\"HFT Forex Trade Copier - Ultrafast trade copier\"},\"image\":{\"@id\":\"https:\\\/\\\/hftforexcopier.com\\\/#\\\/schema\\\/logo\\\/image\\\/\"}}]}<\/script>\n<!-- \/ Yoast SEO plugin. -->","yoast_head_json":{"title":"DXTrade Connector for HFT Forex Copier - Copiadora de com\u00e9rcio de HFT Forex - Copiadora de com\u00e9rcio ultrarr\u00e1pida","robots":{"index":"index","follow":"follow","max-snippet":"max-snippet:-1","max-image-preview":"max-image-preview:large","max-video-preview":"max-video-preview:-1"},"canonical":"https:\/\/hftforexcopier.com\/pt\/produto\/dxtrade-connector\/","og_locale":"pt_BR","og_type":"article","og_title":"DXTrade Connector for HFT Forex Copier - HFT Forex Trade Copier - Ultrafast trade copier","og_description":"The DXTrade connector allows you to use accounts with brokers that provide the DXTrade platform as slave accounts in HFTForexCopier. This platform is gaining popularity among prop firms, and the copier with the DXTrade connector can help you not only pass contests but also trade with real money. [...]Read More...","og_url":"https:\/\/hftforexcopier.com\/pt\/produto\/dxtrade-connector\/","og_site_name":"HFT Forex Trade Copier - Ultrafast trade copier","article_modified_time":"2025-12-27T20:48:08+00:00","og_image":[{"width":1024,"height":1024,"url":"https:\/\/hftforexcopier.com\/wp-content\/uploads\/2024\/06\/dxtrade-box.png","type":"image\/png"}],"twitter_card":"summary_large_image","twitter_misc":{"Est. tempo de leitura":"2 minutos"},"schema":{"@context":"https:\/\/schema.org","@graph":[{"@type":"WebPage","@id":"https:\/\/hftforexcopier.com\/product\/dxtrade-connector\/","url":"https:\/\/hftforexcopier.com\/product\/dxtrade-connector\/","name":"DXTrade Connector for HFT Forex Copier - Copiadora de com\u00e9rcio de HFT Forex - Copiadora de com\u00e9rcio ultrarr\u00e1pida","isPartOf":{"@id":"https:\/\/hftforexcopier.com\/#website"},"primaryImageOfPage":{"@id":"https:\/\/hftforexcopier.com\/product\/dxtrade-connector\/#primaryimage"},"image":{"@id":"https:\/\/hftforexcopier.com\/product\/dxtrade-connector\/#primaryimage"},"thumbnailUrl":"https:\/\/hftforexcopier.com\/wp-content\/uploads\/2024\/06\/dxtrade-box.png","datePublished":"2024-06-17T21:08:24+00:00","dateModified":"2025-12-27T20:48:08+00:00","breadcrumb":{"@id":"https:\/\/hftforexcopier.com\/product\/dxtrade-connector\/#breadcrumb"},"inLanguage":"pt-BR","potentialAction":[{"@type":"ReadAction","target":["https:\/\/hftforexcopier.com\/product\/dxtrade-connector\/"]}]},{"@type":"ImageObject","inLanguage":"pt-BR","@id":"https:\/\/hftforexcopier.com\/product\/dxtrade-connector\/#primaryimage","url":"https:\/\/hftforexcopier.com\/wp-content\/uploads\/2024\/06\/dxtrade-box.png","contentUrl":"https:\/\/hftforexcopier.com\/wp-content\/uploads\/2024\/06\/dxtrade-box.png","width":1024,"height":1024,"caption":"DXTrade box"},{"@type":"BreadcrumbList","@id":"https:\/\/hftforexcopier.com\/product\/dxtrade-connector\/#breadcrumb","itemListElement":[{"@type":"ListItem","position":1,"name":"Home","item":"https:\/\/hftforexcopier.com\/"},{"@type":"ListItem","position":2,"name":"Shop","item":"https:\/\/hftforexcopier.com\/shop\/"},{"@type":"ListItem","position":3,"name":"DXTrade Connector for HFT Forex Copier"}]},{"@type":"WebSite","@id":"https:\/\/hftforexcopier.com\/#website","url":"https:\/\/hftforexcopier.com\/","name":"Copiadora de opera\u00e7\u00f5es Forex HFT - Copiadora de opera\u00e7\u00f5es ultrarr\u00e1pida","description":"HFT Forex Trade Copier - um programa universal aut\u00f4nomo projetado para copiar qualquer tipo de ordem entre diferentes plataformas de negocia\u00e7\u00e3o e via FIX APOutro site WordPress","publisher":{"@id":"https:\/\/hftforexcopier.com\/#organization"},"potentialAction":[{"@type":"SearchAction","target":{"@type":"EntryPoint","urlTemplate":"https:\/\/hftforexcopier.com\/?s={search_term_string}"},"query-input":{"@type":"PropertyValueSpecification","valueRequired":true,"valueName":"search_term_string"}}],"inLanguage":"pt-BR"},{"@type":"Organization","@id":"https:\/\/hftforexcopier.com\/#organization","name":"Copiadora de opera\u00e7\u00f5es Forex HFT - Copiadora de opera\u00e7\u00f5es ultrarr\u00e1pida","url":"https:\/\/hftforexcopier.com\/","logo":{"@type":"ImageObject","inLanguage":"pt-BR","@id":"https:\/\/hftforexcopier.com\/#\/schema\/logo\/image\/","url":"https:\/\/hftforexcopier.com\/wp-content\/uploads\/2022\/06\/hft-forex-copier-logo.png","contentUrl":"https:\/\/hftforexcopier.com\/wp-content\/uploads\/2022\/06\/hft-forex-copier-logo.png","width":360,"height":93,"caption":"HFT Forex Trade Copier - Ultrafast trade copier"},"image":{"@id":"https:\/\/hftforexcopier.com\/#\/schema\/logo\/image\/"}}]}},"_links":{"self":[{"href":"https:\/\/hftforexcopier.com\/pt\/wp-json\/wp\/v2\/product\/1326","targetHints":{"allow":["GET"]}}],"collection":[{"href":"https:\/\/hftforexcopier.com\/pt\/wp-json\/wp\/v2\/product"}],"about":[{"href":"https:\/\/hftforexcopier.com\/pt\/wp-json\/wp\/v2\/types\/product"}],"replies":[{"embeddable":true,"href":"https:\/\/hftforexcopier.com\/pt\/wp-json\/wp\/v2\/comments?post=1326"}],"wp:featuredmedia":[{"embeddable":true,"href":"https:\/\/hftforexcopier.com\/pt\/wp-json\/wp\/v2\/media\/1328"}],"wp:attachment":[{"href":"https:\/\/hftforexcopier.com\/pt\/wp-json\/wp\/v2\/media?parent=1326"}],"wp:term":[{"taxonomy":"product_brand","embeddable":true,"href":"https:\/\/hftforexcopier.com\/pt\/wp-json\/wp\/v2\/product_brand?post=1326"},{"taxonomy":"product_cat","embeddable":true,"href":"https:\/\/hftforexcopier.com\/pt\/wp-json\/wp\/v2\/product_cat?post=1326"},{"taxonomy":"product_tag","embeddable":true,"href":"https:\/\/hftforexcopier.com\/pt\/wp-json\/wp\/v2\/product_tag?post=1326"}],"curies":[{"name":"wp","href":"https:\/\/api.w.org\/{rel}","templated":true}]}}